{"id":10856,"date":"2020-08-19T11:25:31","date_gmt":"2020-08-19T09:25:31","guid":{"rendered":"https:\/\/ettelbruck.webdev.lu\/citoyen\/?page_id=10856"},"modified":"2020-08-19T11:25:31","modified_gmt":"2020-08-19T09:25:31","slug":"planz-deng-zopp","status":"publish","type":"page","link":"https:\/\/ettelbruck.lu\/citoyen\/en\/services-au-citoyen\/environnement\/pacte-climat\/planz-deng-zopp\/","title":{"rendered":"Planz deng Zopp"},"content":{"rendered":"<h2><strong>Campagne de sensibilisation \u00ab\u00a0Planz deng Zopp\u00a0\u00bb<\/strong><\/h2>\n<p>L\u2019\u00e9quipe climat de la Ville d\u2019Ettelbruck, en \u00e9troite collaboration avec les partenaires <em>Miscanthus.lu<\/em>, le CISETT \u2013 Centre d\u2019Incendie et de Secours Ettelbruck et <em>ounipestiziden.lu<\/em> lance la campagne de sensibilisation \u00ab\u00a0Planz deng Zopp\u00a0\u00bb (Plantes ta soupe) :<\/p>\n<p>Les kits avec de la semence et du miscanthus sont disponibles \u00e0 l\u2019Accueil de l\u2019H\u00f4tel de Ville. Plantez toute la semence dans le sol, arosez et r\u00e9partissez les miscanthus g\u00e9n\u00e9reusement sur l\u2019endroit de l\u2019ensemencement. Les potirons vont pousser g\u00e9n\u00e9reusement les mois \u00e0 venir. Rendez-vous en automne (la date sera communiqu\u00e9e prochainement) aupr\u00e8s du CISETT \u2013 Centre d\u2019Incendie et de Secours Ettelbruck pour d\u00e9poser vos potirons et pour cuisiner ensemble une soupe aux potirons. Chaque participant aura par la suite de la soupe aux potirons (\u00e9quitablement partag\u00e9e).<\/p>\n","protected":false},"excerpt":{"rendered":"<p>Campagne de sensibilisation \u00ab\u00a0Planz deng Zopp\u00a0\u00bb L\u2019\u00e9quipe climat de la Ville d\u2019Ettelbruck, en \u00e9troite collaboration avec les partenaires Miscanthus.lu, le CISETT \u2013 Centre d\u2019Incendie et de Secours Ettelbruck et ounipestiziden.lu lance la campagne de sensibilisation \u00ab\u00a0Planz deng Zopp\u00a0\u00bb (Plantes ta soupe) : Les kits avec de la semence et du miscanthus sont disponibles \u00e0 l\u2019Accueil [&hellip;]<\/p>\n","protected":false},"author":7,"featured_media":0,"parent":10849,"menu_order":0,"comment_status":"closed","ping_status":"closed","template":"","meta":{"_acf_changed":false,"inline_featured_image":false,"footnotes":""},"acf":[],"_links":{"self":[{"href":"https:\/\/ettelbruck.lu\/citoyen\/en\/wp-json\/wp\/v2\/pages\/10856"}],"collection":[{"href":"https:\/\/ettelbruck.lu\/citoyen\/en\/wp-json\/wp\/v2\/pages"}],"about":[{"href":"https:\/\/ettelbruck.lu\/citoyen\/en\/wp-json\/wp\/v2\/types\/page"}],"author":[{"embeddable":true,"href":"https:\/\/ettelbruck.lu\/citoyen\/en\/wp-json\/wp\/v2\/users\/7"}],"replies":[{"embeddable":true,"href":"https:\/\/ettelbruck.lu\/citoyen\/en\/wp-json\/wp\/v2\/comments?post=10856"}],"version-history":[{"count":1,"href":"https:\/\/ettelbruck.lu\/citoyen\/en\/wp-json\/wp\/v2\/pages\/10856\/revisions"}],"predecessor-version":[{"id":10857,"href":"https:\/\/ettelbruck.lu\/citoyen\/en\/wp-json\/wp\/v2\/pages\/10856\/revisions\/10857"}],"up":[{"embeddable":true,"href":"https:\/\/ettelbruck.lu\/citoyen\/en\/wp-json\/wp\/v2\/pages\/10849"}],"wp:attachment":[{"href":"https:\/\/ettelbruck.lu\/citoyen\/en\/wp-json\/wp\/v2\/media?parent=10856"}],"curies":[{"name":"wp","href":"https:\/\/api.w.org\/{rel}","templated":true}]}}