{"id":13304,"date":"2021-06-22T14:14:30","date_gmt":"2021-06-22T12:14:30","guid":{"rendered":"https:\/\/ettelbruck.lu\/citoyen\/?page_id=13304"},"modified":"2023-03-13T14:44:11","modified_gmt":"2023-03-13T13:44:11","slug":"enquetes-publiques-2","status":"publish","type":"page","link":"https:\/\/ettelbruck.lu\/citoyen\/en\/enquetes-publiques-2\/","title":{"rendered":"Public inquiries"},"content":{"rendered":"<p>View the latest public inquiries here:<\/p>\n<p><a href=\"https:\/\/enquetes.public.lu\/content\/enquetes_publiques\/fr\/enquetes\/300\/386.html\">Consultation publique sur le partage de l&#8217;\u00e9lectricit\u00e9 &#8211; 386 &#8211; Portail national d&#8217;enqu\u00eates publiques &#8211; Luxembourg (public.lu)<\/a><\/p>\n<p><a href=\"https:\/\/enquetes-publiques.lu\/content\/enquetes_publiques\/fr\/enquetes\/200\/205.html\">Enqu\u00eate publique, Centrale d&#8217;\u00e9nergie (205) &#8211; Portail national d&#8217;enqu\u00eates publiques &#8211; Luxembourg<\/a><\/p>","protected":false},"excerpt":{"rendered":"<p>View the latest public inquiries here: Consultation publique sur le partage de l&#8217;\u00e9lectricit\u00e9 &#8211; 386 &#8211; Portail national d&#8217;enqu\u00eates publiques &#8211; Luxembourg (public.lu) Enqu\u00eate publique, Centrale d&#8217;\u00e9nergie (205) &#8211; Portail national d&#8217;enqu\u00eates publiques &#8211; Luxembourg<\/p>\n","protected":false},"author":5,"featured_media":0,"parent":0,"menu_order":18,"comment_status":"closed","ping_status":"closed","template":"","meta":{"_acf_changed":false,"inline_featured_image":false,"footnotes":""},"acf":[],"_links":{"self":[{"href":"https:\/\/ettelbruck.lu\/citoyen\/en\/wp-json\/wp\/v2\/pages\/13304"}],"collection":[{"href":"https:\/\/ettelbruck.lu\/citoyen\/en\/wp-json\/wp\/v2\/pages"}],"about":[{"href":"https:\/\/ettelbruck.lu\/citoyen\/en\/wp-json\/wp\/v2\/types\/page"}],"author":[{"embeddable":true,"href":"https:\/\/ettelbruck.lu\/citoyen\/en\/wp-json\/wp\/v2\/users\/5"}],"replies":[{"embeddable":true,"href":"https:\/\/ettelbruck.lu\/citoyen\/en\/wp-json\/wp\/v2\/comments?post=13304"}],"version-history":[{"count":4,"href":"https:\/\/ettelbruck.lu\/citoyen\/en\/wp-json\/wp\/v2\/pages\/13304\/revisions"}],"predecessor-version":[{"id":17271,"href":"https:\/\/ettelbruck.lu\/citoyen\/en\/wp-json\/wp\/v2\/pages\/13304\/revisions\/17271"}],"wp:attachment":[{"href":"https:\/\/ettelbruck.lu\/citoyen\/en\/wp-json\/wp\/v2\/media?parent=13304"}],"curies":[{"name":"wp","href":"https:\/\/api.w.org\/{rel}","templated":true}]}}