{"id":188,"date":"2020-02-05T14:11:58","date_gmt":"2020-02-05T13:11:58","guid":{"rendered":"https:\/\/ettelbruck.webdev.lu\/citoyen\/?page_id=188"},"modified":"2023-03-21T15:00:47","modified_gmt":"2023-03-21T14:00:47","slug":"residence","status":"publish","type":"page","link":"https:\/\/ettelbruck.lu\/citoyen\/en\/services-au-citoyen\/population\/residence\/","title":{"rendered":"Residence"},"content":{"rendered":"<p><\/p>\n<div class=\"wpb_text_column wpb_content_element padding\">\n<div class=\"wpb_wrapper\">\n<h1 class=\"introBleu\">Change of address<\/h1>\n<h2 class=\"introBleu\">Declaration of arrival<\/h2>\n<\/div>\n<\/div>\n<div class=\"wpb_text_column wpb_content_element padding\">\n<div class=\"wpb_wrapper\">\n<p>Any person who establishes their residence in the territory of the municipality of Ettelbruck,<br \/>\nmust report to the population office within eight days to be<br \/>\nregistered there.<\/p>\n<p><strong>Documents to be presented:<\/strong><\/p>\n<ul>\n<li>a valid identity document<\/li>\n<li>a family book or birth certificate<\/li>\n<li>a lease agreement or a notary deed<\/li>\n<li>the car\u2019s registration document<\/li>\n<\/ul>\n<\/div>\n<\/div>\n<div class=\"wpb_text_column wpb_content_element padding\">\n<div class=\"wpb_wrapper\">\n<p class=\"abel20\">Declaration of departure and change of domicile in the municipality<\/p>\n<p>Anyone who wants to transfer their residence to another country or who changes their domicile in the municipality itself must, before their departure, make a declaration of change of address to the population office. In addition, they must notify the billing department in order to establish the statement of municipal taxes.<\/p>\n<h2>Declaration of departure and change of domicile in the municipality<\/h2>\n<p>Anyone who wants to transfer their residence to another country or who changes their domicile in the municipality itself must, before their departure, make a declaration of change of address to the population office. They must also notify the billing department in order to establish the statement of municipal taxes.<\/p>\n<p><strong>For information purposes:<\/strong><\/p>\n<p>Anyone who has changed their home must inform the PTT of the change of address at a PTT counter and possibly make a forwarding request. The Postes et T\u00e9l\u00e9communications has reply cards for indicating a change of address to all recipients (e.g. banks, insurance and other associations or private individuals).<\/p>\n<p>Remember to write the name on the new letterbox and have the registration changed in the telephone directory (<strong>EDITUS Luxembourg<\/strong> SA 208, rue deNoertzange L-3670 Kayl Tel:\u00a0<a href=\"tel:4960511\">4960511<\/a>)<\/p>\n<p>Your change of address is amended by the municipal services at the State Information Technology Centre and all State public administrations will be automatically informed of your change of residence.<\/p>\n<p>For all changes to the connection of the communal antenna, contact the\u00a0<strong>Antenne collective Ettelbruck<\/strong>\u00a0association, 10a, place de l\u2019H\u00f4tel de Ville L- 9087 Ettelbruck, 2nd floor Tel: <a href=\"tel:818959\">818959<\/a>, opening hours: every business day from 10.00 a.m. to 12.00 p.m.<\/p>\n<p>Anyone who owns a vehicle must change the registration document (grey card) at one of the\u00a0<strong>Soci\u00e9t\u00e9 Nationale de Contr\u00f4le Technique<\/strong>\u00a0stations (Sandweiler, Esch-sur-Alzette or Wilwerwiltz) or the municipality of arrival (only for natural persons) within one month.<\/p>\n<p>There are no changes to the driver\u2019s licence when changing an address, except in the case of an initial registration in a municipality of the Grand Duchy of Luxembourg.<\/p>\n<p>It is recommended to have your driver\u2019s licence registered for all persons who are in possession of a driving licence established abroad. This registration is made after the first registration with the Ministry of Transport, Driving Licence Office, 11, rue de Luxembourg L-5230 Sandweiler.<\/p>\n<p>For all other information, please contact the Driving Licence Office Tel: <a href=\"http:\/\/26626 -400\">26626 -400<\/a><\/p>\n<\/div>\n<\/div>\n<p><\/p>","protected":false},"excerpt":{"rendered":"<p>Change of address Declaration of arrival Any person who establishes their residence in the territory of the municipality of Ettelbruck, must report to the population office within eight days to be registered there. Documents to be presented: a valid identity document a family book or birth certificate a lease agreement or a notary deed the [&hellip;]<\/p>\n","protected":false},"author":1,"featured_media":0,"parent":18,"menu_order":0,"comment_status":"closed","ping_status":"closed","template":"","meta":{"_acf_changed":false,"inline_featured_image":false,"footnotes":""},"acf":[],"_links":{"self":[{"href":"https:\/\/ettelbruck.lu\/citoyen\/en\/wp-json\/wp\/v2\/pages\/188"}],"collection":[{"href":"https:\/\/ettelbruck.lu\/citoyen\/en\/wp-json\/wp\/v2\/pages"}],"about":[{"href":"https:\/\/ettelbruck.lu\/citoyen\/en\/wp-json\/wp\/v2\/types\/page"}],"author":[{"embeddable":true,"href":"https:\/\/ettelbruck.lu\/citoyen\/en\/wp-json\/wp\/v2\/users\/1"}],"replies":[{"embeddable":true,"href":"https:\/\/ettelbruck.lu\/citoyen\/en\/wp-json\/wp\/v2\/comments?post=188"}],"version-history":[{"count":18,"href":"https:\/\/ettelbruck.lu\/citoyen\/en\/wp-json\/wp\/v2\/pages\/188\/revisions"}],"predecessor-version":[{"id":17366,"href":"https:\/\/ettelbruck.lu\/citoyen\/en\/wp-json\/wp\/v2\/pages\/188\/revisions\/17366"}],"up":[{"embeddable":true,"href":"https:\/\/ettelbruck.lu\/citoyen\/en\/wp-json\/wp\/v2\/pages\/18"}],"wp:attachment":[{"href":"https:\/\/ettelbruck.lu\/citoyen\/en\/wp-json\/wp\/v2\/media?parent=188"}],"curies":[{"name":"wp","href":"https:\/\/api.w.org\/{rel}","templated":true}]}}