{"id":20886,"date":"2024-03-12T16:38:23","date_gmt":"2024-03-12T15:38:14","guid":{"rendered":"https:\/\/ettelbruck.lu\/citoyen\/?page_id=20886"},"modified":"2025-04-24T13:55:56","modified_gmt":"2025-04-24T11:55:56","slug":"ettelbreck-wibbelt","status":"publish","type":"page","link":"https:\/\/ettelbruck.lu\/citoyen\/en\/ettelbreck-wibbelt\/","title":{"rendered":"Ettelbr\u00e9ck Wibbelt"},"content":{"rendered":"<p>The town of Ettelbruck is pleased to present the second edition of &#8220;Ettelbr\u00e9ck wibbelt&#8221; in collaboration with the Lyc\u00e9e Technique d&#8217;Ettelbruck.<br \/>\nAs a sporting town, it&#8217;s important for us to promote physical activity and healthy eating among young people.<\/p>\n<p>Together with our local sports associations, everyone will be able to try their hand at a range of sporting activities on 26 April 2025, and perhaps discover a new hobby.<\/p>\n<p>On this page, you&#8217;ll find all the information you need about the event and the participating associations.<\/p>\n<p>See you on Saturday, 26 April 2025 from 2pm at the Lyc\u00e9e Technique d&#8217;Ettelbruck (71, Avenue Salentiny).<\/p>\n<p>&nbsp;<\/p>","protected":false},"excerpt":{"rendered":"<p>The town of Ettelbruck is pleased to present the second edition of &#8220;Ettelbr\u00e9ck wibbelt&#8221; in collaboration with the Lyc\u00e9e Technique d&#8217;Ettelbruck. As a sporting town, it&#8217;s important for us to promote physical activity and healthy eating among young people. Together with our local sports associations, everyone will be able to try their hand at a [&hellip;]<\/p>\n","protected":false},"author":16,"featured_media":20993,"parent":0,"menu_order":8,"comment_status":"closed","ping_status":"closed","template":"","meta":{"_acf_changed":false,"inline_featured_image":false,"footnotes":""},"acf":[],"_links":{"self":[{"href":"https:\/\/ettelbruck.lu\/citoyen\/en\/wp-json\/wp\/v2\/pages\/20886"}],"collection":[{"href":"https:\/\/ettelbruck.lu\/citoyen\/en\/wp-json\/wp\/v2\/pages"}],"about":[{"href":"https:\/\/ettelbruck.lu\/citoyen\/en\/wp-json\/wp\/v2\/types\/page"}],"author":[{"embeddable":true,"href":"https:\/\/ettelbruck.lu\/citoyen\/en\/wp-json\/wp\/v2\/users\/16"}],"replies":[{"embeddable":true,"href":"https:\/\/ettelbruck.lu\/citoyen\/en\/wp-json\/wp\/v2\/comments?post=20886"}],"version-history":[{"count":36,"href":"https:\/\/ettelbruck.lu\/citoyen\/en\/wp-json\/wp\/v2\/pages\/20886\/revisions"}],"predecessor-version":[{"id":24323,"href":"https:\/\/ettelbruck.lu\/citoyen\/en\/wp-json\/wp\/v2\/pages\/20886\/revisions\/24323"}],"wp:featuredmedia":[{"embeddable":true,"href":"https:\/\/ettelbruck.lu\/citoyen\/en\/wp-json\/wp\/v2\/media\/20993"}],"wp:attachment":[{"href":"https:\/\/ettelbruck.lu\/citoyen\/en\/wp-json\/wp\/v2\/media?parent=20886"}],"curies":[{"name":"wp","href":"https:\/\/api.w.org\/{rel}","templated":true}]}}