{"id":23988,"date":"2025-03-06T16:45:24","date_gmt":"2025-03-06T15:45:24","guid":{"rendered":"https:\/\/ettelbruck.lu\/citoyen\/?page_id=23988"},"modified":"2025-03-07T08:16:01","modified_gmt":"2025-03-07T07:16:01","slug":"nouvelle-ecole-a-warken","status":"publish","type":"page","link":"https:\/\/ettelbruck.lu\/citoyen\/en\/nouvelle-ecole-a-warken\/","title":{"rendered":"Nouvelle \u00e9cole \u00e0 Warken"},"content":{"rendered":"<p class=\"qtranxs-available-languages-message qtranxs-available-languages-message-en\">Sorry, this entry is only available in <a href=\"https:\/\/ettelbruck.lu\/citoyen\/fr\/wp-json\/wp\/v2\/pages\/23988\" class=\"qtranxs-available-language-link qtranxs-available-language-link-fr\" title=\"Fran\u00e7ais\">French<\/a>.<\/p><p>La Ville d\u2019Ettelbruck envisage la construction d\u2019un campus scolaire et sportif sous la forme d\u2019un projet int\u00e9gr\u00e9. Cette extension de l\u2019offre scolaire fondamentale et de la maison relais vise \u00e0 r\u00e9pondre aux exigences et aux besoins d\u00e9mographiques futurs de la ville. La construction est pr\u00e9vue sur un terrain disponible dans la localit\u00e9 de Warken (rue de Welscheid).<\/p>\n<p>Les premi\u00e8res r\u00e9flexions pour la construction d\u2019un nouveau complexe scolaire ont d\u00e9but\u00e9 en 2014. Apr\u00e8s de nombreuses \u00e9tudes de faisabilit\u00e9, certains sites, plus centraux, ont d\u00fb \u00eatre abandonn\u00e9s en raison de probl\u00e8mes logistiques insolubles lors de la construction ou d\u2019oppositions et de blocages par le corps enseignant. D\u2019autres sites ont ensuite \u00e9t\u00e9 \u00e9tudi\u00e9s avant de d\u00e9signer le site d\u00e9finitif, situ\u00e9 rue de Welscheid, \u00e0 Warken.<\/p>\n<p>Finalement, l\u2019avant-projet sommaire a pu \u00eatre introduit en 2023 et l\u2019avant-projet d\u00e9taill\u00e9 en pr\u00e9vu pour 2024.<\/p>\n<p>Ce nouveau complexe scolaire regroupera dans un m\u00eame b\u00e2timent les fonctions d\u2019\u00e9cole pr\u00e9coce et fondamentale, d\u2019une maison relais et sera compl\u00e9t\u00e9 par un hall sportif, une restauration scolaire et un parking souterrain. La cuisine de r\u00e9chauffement offrira une capacit\u00e9 d\u2019environ 600 repas quotidiens.<\/p>\n<p>La chapelle Sainte-Anne, datant de 1904, repr\u00e9sente l\u2019unique b\u00e2timent existant sur le site. Ce b\u00e2timent est class\u00e9 comme \u00ab immeuble et objet inscrit \u00e0 l\u2019inventaire suppl\u00e9mentaire \u00bb et se situe, avec ses alentours, dans le secteur prot\u00e9g\u00e9 d\u2019int\u00e9r\u00eat communal de type \u00ab environnement construit \u00bb.<\/p>\n<p>L\u2019\u00e9v\u00each\u00e9 a d\u00e9sacralis\u00e9 la chapelle, ce qui permettra de l\u2019int\u00e9grer dans le concept global du site et de la d\u00e9tacher de sa fonction initiale, pour endosser une autre utilisation, en vue d\u2019une future exploitation scolaire.<\/p>\n<p>(Texte int\u00e9gral sur www.jonasarchitectes.lu)<\/p>\n<p>&nbsp;<\/p>","protected":false},"excerpt":{"rendered":"<p>Sorry, this entry is only available in French.La Ville d\u2019Ettelbruck envisage la construction d\u2019un campus scolaire et sportif sous la forme d\u2019un projet int\u00e9gr\u00e9. Cette extension de l\u2019offre scolaire fondamentale et de la maison relais vise \u00e0 r\u00e9pondre aux exigences et aux besoins d\u00e9mographiques futurs de la ville. La construction est pr\u00e9vue sur un terrain [&hellip;]<\/p>\n","protected":false},"author":5,"featured_media":0,"parent":0,"menu_order":5,"comment_status":"closed","ping_status":"closed","template":"","meta":{"_acf_changed":false,"inline_featured_image":false,"footnotes":""},"acf":[],"_links":{"self":[{"href":"https:\/\/ettelbruck.lu\/citoyen\/en\/wp-json\/wp\/v2\/pages\/23988"}],"collection":[{"href":"https:\/\/ettelbruck.lu\/citoyen\/en\/wp-json\/wp\/v2\/pages"}],"about":[{"href":"https:\/\/ettelbruck.lu\/citoyen\/en\/wp-json\/wp\/v2\/types\/page"}],"author":[{"embeddable":true,"href":"https:\/\/ettelbruck.lu\/citoyen\/en\/wp-json\/wp\/v2\/users\/5"}],"replies":[{"embeddable":true,"href":"https:\/\/ettelbruck.lu\/citoyen\/en\/wp-json\/wp\/v2\/comments?post=23988"}],"version-history":[{"count":4,"href":"https:\/\/ettelbruck.lu\/citoyen\/en\/wp-json\/wp\/v2\/pages\/23988\/revisions"}],"predecessor-version":[{"id":24015,"href":"https:\/\/ettelbruck.lu\/citoyen\/en\/wp-json\/wp\/v2\/pages\/23988\/revisions\/24015"}],"wp:attachment":[{"href":"https:\/\/ettelbruck.lu\/citoyen\/en\/wp-json\/wp\/v2\/media?parent=23988"}],"curies":[{"name":"wp","href":"https:\/\/api.w.org\/{rel}","templated":true}]}}