{"id":24068,"date":"2025-03-12T15:39:20","date_gmt":"2025-03-12T14:39:20","guid":{"rendered":"https:\/\/ettelbruck.lu\/citoyen\/?page_id=24068"},"modified":"2025-03-12T15:39:20","modified_gmt":"2025-03-12T14:39:20","slug":"amenagement-dun-troncon-de-la-future-piste-cyclable-nationale-pc16","status":"publish","type":"page","link":"https:\/\/ettelbruck.lu\/citoyen\/en\/amenagement-dun-troncon-de-la-future-piste-cyclable-nationale-pc16\/","title":{"rendered":"Am\u00e9nagement d\u2019un tron\u00e7on de la future piste cyclable nationale PC16"},"content":{"rendered":"<p class=\"qtranxs-available-languages-message qtranxs-available-languages-message-en\">Sorry, this entry is only available in <a href=\"https:\/\/ettelbruck.lu\/citoyen\/fr\/wp-json\/wp\/v2\/pages\/24068\" class=\"qtranxs-available-language-link qtranxs-available-language-link-fr\" title=\"Fran\u00e7ais\">French<\/a>.<\/p><p>Dans les prochaines semaines, les travaux d\u2019am\u00e9nagement d\u2019un tron\u00e7on de la future piste cyclable nationale PC16 d\u00e9buteront \u00e0 Warken. Ce chantier concernera le segment situ\u00e9 entre le Centre Hospitalier du Nord et l\u2019intersection avec la rue de Buerden, du c\u00f4t\u00e9 impair de la rue.<\/p>\n<p>Afin de pr\u00e9server le patrimoine naturel quatre arbres ont \u00e9t\u00e9 pr\u00e9alablement d\u00e9plac\u00e9s vers un nouvel emplacement dans le secteur du \u00ab Deich \u00bb.<\/p>\n<p><strong>Pendant la dur\u00e9e des travaux, l\u2019acc\u00e8s aux garages et aux emplacements de stationnement pourra \u00eatre ponctuellement perturb\u00e9. Nous vous recommandons, le cas \u00e9ch\u00e9ant, d\u2019utiliser le parking situ\u00e9 \u00e0 c\u00f4t\u00e9 de la chapelle de Warken.<\/strong><\/p>\n<p>L\u2019Administration des Ponts et Chauss\u00e9es est ma\u00eetre d\u2019ouvrage de ce projet, dont la r\u00e9alisation a \u00e9t\u00e9 confi\u00e9e \u00e0 l\u2019entreprise Perrard S.A.<\/p>\n<p>Pour toute question ou information compl\u00e9mentaire, nous vous invitons \u00e0 contacter les Services Techniques au 81 91 81 &#8211; 453.<\/p>\n<p>Nous vous remercions pour votre compr\u00e9hension et nous excusons pour les \u00e9ventuels d\u00e9sagr\u00e9ments occasionn\u00e9s.<\/p>","protected":false},"excerpt":{"rendered":"<p>Sorry, this entry is only available in French.Dans les prochaines semaines, les travaux d\u2019am\u00e9nagement d\u2019un tron\u00e7on de la future piste cyclable nationale PC16 d\u00e9buteront \u00e0 Warken. Ce chantier concernera le segment situ\u00e9 entre le Centre Hospitalier du Nord et l\u2019intersection avec la rue de Buerden, du c\u00f4t\u00e9 impair de la rue. Afin de pr\u00e9server le [&hellip;]<\/p>\n","protected":false},"author":5,"featured_media":0,"parent":0,"menu_order":3,"comment_status":"closed","ping_status":"closed","template":"","meta":{"_acf_changed":false,"inline_featured_image":false,"footnotes":""},"acf":[],"_links":{"self":[{"href":"https:\/\/ettelbruck.lu\/citoyen\/en\/wp-json\/wp\/v2\/pages\/24068"}],"collection":[{"href":"https:\/\/ettelbruck.lu\/citoyen\/en\/wp-json\/wp\/v2\/pages"}],"about":[{"href":"https:\/\/ettelbruck.lu\/citoyen\/en\/wp-json\/wp\/v2\/types\/page"}],"author":[{"embeddable":true,"href":"https:\/\/ettelbruck.lu\/citoyen\/en\/wp-json\/wp\/v2\/users\/5"}],"replies":[{"embeddable":true,"href":"https:\/\/ettelbruck.lu\/citoyen\/en\/wp-json\/wp\/v2\/comments?post=24068"}],"version-history":[{"count":1,"href":"https:\/\/ettelbruck.lu\/citoyen\/en\/wp-json\/wp\/v2\/pages\/24068\/revisions"}],"predecessor-version":[{"id":24069,"href":"https:\/\/ettelbruck.lu\/citoyen\/en\/wp-json\/wp\/v2\/pages\/24068\/revisions\/24069"}],"wp:attachment":[{"href":"https:\/\/ettelbruck.lu\/citoyen\/en\/wp-json\/wp\/v2\/media?parent=24068"}],"curies":[{"name":"wp","href":"https:\/\/api.w.org\/{rel}","templated":true}]}}