{"id":24856,"date":"2025-07-18T14:12:27","date_gmt":"2025-07-18T12:12:27","guid":{"rendered":"https:\/\/ettelbruck.lu\/citoyen\/?page_id=24856"},"modified":"2025-07-18T15:02:58","modified_gmt":"2025-07-18T13:02:58","slug":"seance-du-14-juillet-2025","status":"publish","type":"page","link":"https:\/\/ettelbruck.lu\/citoyen\/en\/ma-commune\/politique\/enregistrement-des-seances-du-conseil-communal\/seance-du-14-juillet-2025\/","title":{"rendered":"S\u00e9ance du 14 juillet 2025"},"content":{"rendered":"<p class=\"qtranxs-available-languages-message qtranxs-available-languages-message-en\">Sorry, this entry is only available in <a href=\"https:\/\/ettelbruck.lu\/citoyen\/fr\/wp-json\/wp\/v2\/pages\/24856\" class=\"qtranxs-available-language-link qtranxs-available-language-link-fr\" title=\"Fran\u00e7ais\">French<\/a>.<\/p><p><\/p>\n<p style=\"text-align: center\"><strong><u>O R D R E\u00a0\u00a0 D U\u00a0\u00a0 J O U R <\/u><\/strong><\/p>\n<p><strong><u>S\u00e9ance publique<\/u><\/strong><\/p>\n<p><strong>1. Approbation et signature du registre aux d\u00e9lib\u00e9rations de la derni\u00e8re s\u00e9ance du 16 juin 2025 <\/strong><\/p>\n<p>&nbsp;<\/p>\n<p><strong>2. Fusion <\/strong><\/p>\n<p>2.1.\u00a0 D\u00e9lib\u00e9ration concordante approuvant la poursuite des discussions exploratoires avec les communes de Diekirch, d\u2019Erpeldange-sur-S\u00fbre et de Schieren<\/p>\n<p>&nbsp;<\/p>\n<p><strong>3. Urbanisme et am\u00e9nagement et territoire <\/strong><\/p>\n<p>3.1.\u00a0 Cr\u00e9ation d\u2019une zone de protection autour du captage des eaux souterraines (forage \u00e0 Warken \u00ab\u00a0In den Buchen\u00a0\u00bb, FCC-707-09) \u2013 mise en proc\u00e9dure<\/p>\n<p>3.2\u00a0\u00a0 PAG modification ponctuelle \u00ab\u00a088, rue de Welscheid\u00a0\u00bb 2<sup>e<\/sup> vote, dossier 8<\/p>\n<p>3.3.\u00a0 PAP QE modification ponctuelle \u00ab\u00a088, rue de Welscheid\u00a0\u00bb dossier 8<\/p>\n<p>3.4.\u00a0 PAG modification ponctuelle \u00ab\u00a0rue G.-D. J. Charlotte\/maison relais\u00a0\u00bb 2<sup>e<\/sup> vote, dossier 9<\/p>\n<p>3.5\u00a0\u00a0 PAP QE modification ponctuelle \u00ab\u00a0rue G.-D. J. Charlotte\/maison relais\u00a0\u00bb dossier 9<\/p>\n<p>3.6 Fusion depsarcelles destin\u00e9es \u00e0 la construction de la nouvelle \u00e9cole fondamentale \u00e0<br \/>\nWarken<\/p>\n<p>&nbsp;<\/p>\n<p><strong>4. Actes, compromis, contrats, conventions et statuts<\/strong><\/p>\n<p>4.1 Convention Haff Ditgesbaach \u00bb concernant le projet LUGA<\/p>\n<p>4.2 Parking couvert \u00ab Am D\u00e4ich \u00bb &#8211; contrats pour emplacements de stationnement r\u00e9serv\u00e9s<\/p>\n<p>&nbsp;<\/p>\n<p><strong>5. Devis, modifications budg\u00e9taires, affaires financi\u00e8res et d\u00e9comptes<\/strong><\/p>\n<p>5.1.\u00a0 Devis pour travaux de r\u00e9am\u00e9nagement de la rallonge du chemin mixte \u2013 rue du Canal<\/p>\n<p>5.2.\u00a0 Tableau des modifications budg\u00e9taires<\/p>\n<p>5.3.\u00a0 Subsides Ordinaires 2025 \u00ab\u00a0liste 1\u00a0\u00bb<\/p>\n<p>5.4\u00a0\u00a0 Subside anniversaire Union cycliste du Nord Ettelbruck<\/p>\n<p>5.5.\u00a0 Subside extraordinaire Klammspann<\/p>\n<p>5.6.\u00a0 Subside extraordinaire Judo Club<\/p>\n<p>5.7.\u00a0 Aides humanitaires \u2013 1<sup>er<\/sup> versement pour 2025<\/p>\n<p>5.8. Devis pour travaux de r\u00e9novation de la Maison de l&#8217;Histoire \u00e0 Warken<\/p>\n<p>&nbsp;<\/p>\n<p><strong>6. Modifications au r\u00e8glement de circulation communal<\/strong><\/p>\n<p>6.1.\u00a0 Modification du r\u00e8glement de circulation (Parking Place de l\u2019H\u00f4tel de Ville)<\/p>\n<p>&nbsp;<\/p>\n<p><strong>7. Affaires de personnel<\/strong><\/p>\n<p>7.1.\u00a0 Cr\u00e9ation de 2 postes de salari\u00e9s \u00e0 t\u00e2che manuelle A\/B<\/p>\n<p>7.2.\u00a0 Cr\u00e9ation d\u2019un poste d\u2019employ\u00e9 communal C1, sous-groupe technique, pour les besoins du service des archives<\/p>\n<p>&nbsp;<\/p>\n<p><strong>8. Divers<\/strong><\/p>\n<p>8.1. Rapports des d\u00e9l\u00e9gu\u00e9s du conseil communal dans les syndicats intercommunaux<\/p>\n<p>8.2. Nordstad Entw\u00e9cklungsgesellschaft s\u00e0rl : d\u00e9signation d&#8217;un nouveau repr\u00e9sentant<\/p>\n<p>8.3. Nomination d&#8217;un nouveau membre au groupe archives \u00ab archilove \u00bb<\/p>\n<p>8.4.a Question du parti \u00ab d\u00e9i gr\u00e9ng\u00bb : Notzen vun generativer Kl<\/p>\n<p>8.4.b Question du parti \u00ab d\u00e9i gr\u00e9ng \u00bb : Finanzskandaler op der Gemengen<\/p>\n<p>&nbsp;<\/p>\n<p><strong><u>S\u00e9ance \u00e0 huis-clos<\/u><\/strong><\/p>\n<p><strong>9. Affaires du personnel<\/strong><\/p>","protected":false},"excerpt":{"rendered":"<p>Sorry, this entry is only available in French. O R D R E\u00a0\u00a0 D U\u00a0\u00a0 J O U R S\u00e9ance publique 1. Approbation et signature du registre aux d\u00e9lib\u00e9rations de la derni\u00e8re s\u00e9ance du 16 juin 2025 &nbsp; 2. Fusion 2.1.\u00a0 D\u00e9lib\u00e9ration concordante approuvant la poursuite des discussions exploratoires avec les communes de Diekirch, d\u2019Erpeldange-sur-S\u00fbre [&hellip;]<\/p>\n","protected":false},"author":16,"featured_media":0,"parent":9891,"menu_order":4,"comment_status":"closed","ping_status":"closed","template":"","meta":{"_acf_changed":false,"inline_featured_image":false,"footnotes":""},"acf":[],"_links":{"self":[{"href":"https:\/\/ettelbruck.lu\/citoyen\/en\/wp-json\/wp\/v2\/pages\/24856"}],"collection":[{"href":"https:\/\/ettelbruck.lu\/citoyen\/en\/wp-json\/wp\/v2\/pages"}],"about":[{"href":"https:\/\/ettelbruck.lu\/citoyen\/en\/wp-json\/wp\/v2\/types\/page"}],"author":[{"embeddable":true,"href":"https:\/\/ettelbruck.lu\/citoyen\/en\/wp-json\/wp\/v2\/users\/16"}],"replies":[{"embeddable":true,"href":"https:\/\/ettelbruck.lu\/citoyen\/en\/wp-json\/wp\/v2\/comments?post=24856"}],"version-history":[{"count":4,"href":"https:\/\/ettelbruck.lu\/citoyen\/en\/wp-json\/wp\/v2\/pages\/24856\/revisions"}],"predecessor-version":[{"id":24870,"href":"https:\/\/ettelbruck.lu\/citoyen\/en\/wp-json\/wp\/v2\/pages\/24856\/revisions\/24870"}],"up":[{"embeddable":true,"href":"https:\/\/ettelbruck.lu\/citoyen\/en\/wp-json\/wp\/v2\/pages\/9891"}],"wp:attachment":[{"href":"https:\/\/ettelbruck.lu\/citoyen\/en\/wp-json\/wp\/v2\/media?parent=24856"}],"curies":[{"name":"wp","href":"https:\/\/api.w.org\/{rel}","templated":true}]}}