{"id":25644,"date":"2025-09-29T11:45:57","date_gmt":"2025-09-29T09:45:57","guid":{"rendered":"https:\/\/ettelbruck.lu\/citoyen\/?page_id=25644"},"modified":"2025-12-18T12:18:42","modified_gmt":"2025-12-18T11:18:42","slug":"reamenagement-de-la-rue-philippe-manternach","status":"publish","type":"page","link":"https:\/\/ettelbruck.lu\/citoyen\/en\/reamenagement-de-la-rue-philippe-manternach\/","title":{"rendered":"R\u00e9am\u00e9nagement de la rue Philippe Manternach"},"content":{"rendered":"<p class=\"qtranxs-available-languages-message qtranxs-available-languages-message-en\">Sorry, this entry is only available in <a href=\"https:\/\/ettelbruck.lu\/citoyen\/fr\/wp-json\/wp\/v2\/pages\/25644\" class=\"qtranxs-available-language-link qtranxs-available-language-link-fr\" title=\"Fran\u00e7ais\">French<\/a>.<\/p><p>Le chantier de r\u00e9am\u00e9nagement de la rue Philippe Manternach, situ\u00e9 dans le quartier de la Cit\u00e9 Patton \u00e0 Ettelbruck, constitue un projet d\u2019envergure visant \u00e0 moderniser les infrastructures et am\u00e9liorer durablement la qualit\u00e9 de vie des habitants. Sur une longueur totale d\u2019environ 850 m\u00e8tres, la rue sera transform\u00e9e en zone r\u00e9sidentielle \u00e0 vitesse limit\u00e9e \u00e0 30 km\/h, favorisant ainsi la s\u00e9curit\u00e9 et la convivialit\u00e9.<\/p>\n<p><img loading=\"lazy\" decoding=\"async\" class=\"wp-image-26305 aligncenter\" src=\"https:\/\/ettelbruck.lu\/citoyen\/wp-content\/uploads\/sites\/2\/2025\/11\/BigNewMap_Philippe-Manternach-Zone.png\" alt=\"\" width=\"563\" height=\"324\" srcset=\"https:\/\/ettelbruck.lu\/citoyen\/wp-content\/uploads\/sites\/2\/2025\/11\/BigNewMap_Philippe-Manternach-Zone.png 10039w, https:\/\/ettelbruck.lu\/citoyen\/wp-content\/uploads\/sites\/2\/2025\/11\/BigNewMap_Philippe-Manternach-Zone-300x173.png 300w, https:\/\/ettelbruck.lu\/citoyen\/wp-content\/uploads\/sites\/2\/2025\/11\/BigNewMap_Philippe-Manternach-Zone-1024x589.png 1024w, https:\/\/ettelbruck.lu\/citoyen\/wp-content\/uploads\/sites\/2\/2025\/11\/BigNewMap_Philippe-Manternach-Zone-768x442.png 768w, https:\/\/ettelbruck.lu\/citoyen\/wp-content\/uploads\/sites\/2\/2025\/11\/BigNewMap_Philippe-Manternach-Zone-1536x884.png 1536w, https:\/\/ettelbruck.lu\/citoyen\/wp-content\/uploads\/sites\/2\/2025\/11\/BigNewMap_Philippe-Manternach-Zone-2048x1179.png 2048w\" sizes=\"(max-width: 563px) 100vw, 563px\" \/><\/p>\n<p>Le projet pr\u00e9voit la r\u00e9novation compl\u00e8te des rev\u00eatements, aujourd\u2019hui d\u00e9t\u00e9rior\u00e9s, ainsi que la mise aux normes des trottoirs et des arr\u00eats de bus, garantissant l\u2019accessibilit\u00e9 aux personnes \u00e0 mobilit\u00e9 r\u00e9duite. Les 53 emplacements de stationnement existants seront maintenus, mais repens\u00e9s afin d\u2019int\u00e9grer des rev\u00eatements en pav\u00e9s et des am\u00e9nagements paysagers. Des \u00eelots de verdure viendront rythmer la voirie, apportant \u00e0 la fois un cadre plus agr\u00e9able et une gestion durable des eaux pluviales.<\/p>\n<p>Parall\u00e8lement, l\u2019ensemble des r\u00e9seaux d\u2019assainissement, d\u2019\u00e9lectricit\u00e9 et d\u2019\u00e9clairage public sera renouvel\u00e9. Un \u00e9clairage LED moderne, \u00e0 intensit\u00e9 variable, remplacera les installations obsol\u00e8tes.<\/p>\n<p>Les travaux, d\u2019un budget global de 7 millions d\u2019euros, s\u2019\u00e9taleront de fin 2025 \u00e0 2027 et seront r\u00e9alis\u00e9s par tranches, afin de limiter les d\u00e9sagr\u00e9ments pour les riverains et d\u2019assurer l\u2019accessibilit\u00e9 permanente aux pi\u00e9tons et aux services de secours.<\/p>\n<p><img loading=\"lazy\" decoding=\"async\" class=\"wp-image-26114 aligncenter\" src=\"https:\/\/ettelbruck.lu\/citoyen\/wp-content\/uploads\/sites\/2\/2025\/11\/DSC_3030-2.jpg\" alt=\"\" width=\"829\" height=\"508\" srcset=\"https:\/\/ettelbruck.lu\/citoyen\/wp-content\/uploads\/sites\/2\/2025\/11\/DSC_3030-2.jpg 2500w, https:\/\/ettelbruck.lu\/citoyen\/wp-content\/uploads\/sites\/2\/2025\/11\/DSC_3030-2-300x184.jpg 300w, https:\/\/ettelbruck.lu\/citoyen\/wp-content\/uploads\/sites\/2\/2025\/11\/DSC_3030-2-1024x628.jpg 1024w, https:\/\/ettelbruck.lu\/citoyen\/wp-content\/uploads\/sites\/2\/2025\/11\/DSC_3030-2-768x471.jpg 768w, https:\/\/ettelbruck.lu\/citoyen\/wp-content\/uploads\/sites\/2\/2025\/11\/DSC_3030-2-1536x942.jpg 1536w, https:\/\/ettelbruck.lu\/citoyen\/wp-content\/uploads\/sites\/2\/2025\/11\/DSC_3030-2-2048x1256.jpg 2048w\" sizes=\"(max-width: 829px) 100vw, 829px\" \/><\/p>\n<p>&nbsp;<\/p>\n<p>&nbsp;<\/p>","protected":false},"excerpt":{"rendered":"<p>Sorry, this entry is only available in French.Le chantier de r\u00e9am\u00e9nagement de la rue Philippe Manternach, situ\u00e9 dans le quartier de la Cit\u00e9 Patton \u00e0 Ettelbruck, constitue un projet d\u2019envergure visant \u00e0 moderniser les infrastructures et am\u00e9liorer durablement la qualit\u00e9 de vie des habitants. Sur une longueur totale d\u2019environ 850 m\u00e8tres, la rue sera transform\u00e9e [&hellip;]<\/p>\n","protected":false},"author":5,"featured_media":0,"parent":0,"menu_order":1,"comment_status":"closed","ping_status":"closed","template":"","meta":{"_acf_changed":false,"inline_featured_image":false,"footnotes":""},"acf":[],"_links":{"self":[{"href":"https:\/\/ettelbruck.lu\/citoyen\/en\/wp-json\/wp\/v2\/pages\/25644"}],"collection":[{"href":"https:\/\/ettelbruck.lu\/citoyen\/en\/wp-json\/wp\/v2\/pages"}],"about":[{"href":"https:\/\/ettelbruck.lu\/citoyen\/en\/wp-json\/wp\/v2\/types\/page"}],"author":[{"embeddable":true,"href":"https:\/\/ettelbruck.lu\/citoyen\/en\/wp-json\/wp\/v2\/users\/5"}],"replies":[{"embeddable":true,"href":"https:\/\/ettelbruck.lu\/citoyen\/en\/wp-json\/wp\/v2\/comments?post=25644"}],"version-history":[{"count":15,"href":"https:\/\/ettelbruck.lu\/citoyen\/en\/wp-json\/wp\/v2\/pages\/25644\/revisions"}],"predecessor-version":[{"id":26560,"href":"https:\/\/ettelbruck.lu\/citoyen\/en\/wp-json\/wp\/v2\/pages\/25644\/revisions\/26560"}],"wp:attachment":[{"href":"https:\/\/ettelbruck.lu\/citoyen\/en\/wp-json\/wp\/v2\/media?parent=25644"}],"curies":[{"name":"wp","href":"https:\/\/api.w.org\/{rel}","templated":true}]}}