{"id":25889,"date":"2025-10-20T10:31:18","date_gmt":"2025-10-20T08:31:18","guid":{"rendered":"https:\/\/ettelbruck.lu\/citoyen\/?page_id=25889"},"modified":"2025-10-20T10:34:10","modified_gmt":"2025-10-20T08:34:10","slug":"seance-du-13-octobre-2025","status":"publish","type":"page","link":"https:\/\/ettelbruck.lu\/citoyen\/en\/ma-commune\/politique\/enregistrement-des-seances-du-conseil-communal\/seance-du-13-octobre-2025\/","title":{"rendered":"S\u00e9ance du 13 octobre 2025"},"content":{"rendered":"<p class=\"qtranxs-available-languages-message qtranxs-available-languages-message-en\">Sorry, this entry is only available in <a href=\"https:\/\/ettelbruck.lu\/citoyen\/fr\/wp-json\/wp\/v2\/pages\/25889\" class=\"qtranxs-available-language-link qtranxs-available-language-link-fr\" title=\"Fran\u00e7ais\">French<\/a>.<\/p><p>L\u2019enregistrement portant sur le point 4.1.\u00a0\u00bbavenant au r\u00e8glement de circulation (stationnement rue de Warken) fait d\u00e9faut d\u00fb \u00e0 un probl\u00e8me technique.<\/p>\n<p>Le vote a \u00e9t\u00e9 pris \u00e0 l\u2019unanimit\u00e9 des voix (12x oui)\u00a0: rue de Warken &#8211; devant la maison 31 deux nouveaux emplacements de stationnement payant, devant la maison 49 un nouvel emplacement de stationnement payant.<\/p>","protected":false},"excerpt":{"rendered":"<p>Sorry, this entry is only available in French.L\u2019enregistrement portant sur le point 4.1.\u00a0\u00bbavenant au r\u00e8glement de circulation (stationnement rue de Warken) fait d\u00e9faut d\u00fb \u00e0 un probl\u00e8me technique. Le vote a \u00e9t\u00e9 pris \u00e0 l\u2019unanimit\u00e9 des voix (12x oui)\u00a0: rue de Warken &#8211; devant la maison 31 deux nouveaux emplacements de stationnement payant, devant la [&hellip;]<\/p>\n","protected":false},"author":5,"featured_media":0,"parent":9891,"menu_order":2,"comment_status":"closed","ping_status":"closed","template":"","meta":{"_acf_changed":false,"inline_featured_image":false,"footnotes":""},"acf":[],"_links":{"self":[{"href":"https:\/\/ettelbruck.lu\/citoyen\/en\/wp-json\/wp\/v2\/pages\/25889"}],"collection":[{"href":"https:\/\/ettelbruck.lu\/citoyen\/en\/wp-json\/wp\/v2\/pages"}],"about":[{"href":"https:\/\/ettelbruck.lu\/citoyen\/en\/wp-json\/wp\/v2\/types\/page"}],"author":[{"embeddable":true,"href":"https:\/\/ettelbruck.lu\/citoyen\/en\/wp-json\/wp\/v2\/users\/5"}],"replies":[{"embeddable":true,"href":"https:\/\/ettelbruck.lu\/citoyen\/en\/wp-json\/wp\/v2\/comments?post=25889"}],"version-history":[{"count":2,"href":"https:\/\/ettelbruck.lu\/citoyen\/en\/wp-json\/wp\/v2\/pages\/25889\/revisions"}],"predecessor-version":[{"id":25899,"href":"https:\/\/ettelbruck.lu\/citoyen\/en\/wp-json\/wp\/v2\/pages\/25889\/revisions\/25899"}],"up":[{"embeddable":true,"href":"https:\/\/ettelbruck.lu\/citoyen\/en\/wp-json\/wp\/v2\/pages\/9891"}],"wp:attachment":[{"href":"https:\/\/ettelbruck.lu\/citoyen\/en\/wp-json\/wp\/v2\/media?parent=25889"}],"curies":[{"name":"wp","href":"https:\/\/api.w.org\/{rel}","templated":true}]}}