{"id":10347,"date":"2020-08-06T12:05:35","date_gmt":"2020-08-06T10:05:35","guid":{"rendered":"https:\/\/ettelbruck.webdev.lu\/citoyen\/?page_id=10347"},"modified":"2023-03-13T16:08:53","modified_gmt":"2023-03-13T15:08:53","slug":"concessions-sur-le-cimetiere","status":"publish","type":"page","link":"https:\/\/ettelbruck.lu\/citoyen\/services-au-citoyen\/etat-civil\/concessions-sur-le-cimetiere\/","title":{"rendered":"Concessions sur le cimeti\u00e8re"},"content":{"rendered":"<p>Les habitants de la commune d\u2019Ettelbruck peuvent, en cas de d\u00e9c\u00e8s dans la famille, acqu\u00e9rir une concession pour une tombe ou un colombaire au cimeti\u00e8re de la Ville d\u2019Ettelbruck.<\/p>\n<p><strong>Consultez les tarifs en vigueur au <a href=\"https:\/\/ettelbruck.lu\/citoyen\/ma-commune\/reglements-communaux\/\">chapitre 7 du r\u00e8glement communal<\/a>.<\/strong><\/p>\n<p>Pour plus de renseignements, veuillez contacter l\u2019\u00c9tat Civil.<\/p>","protected":false},"excerpt":{"rendered":"<p>Les habitants de la commune d\u2019Ettelbruck peuvent, en cas de d\u00e9c\u00e8s dans la famille, acqu\u00e9rir une concession pour une tombe ou un colombaire au cimeti\u00e8re de la Ville d\u2019Ettelbruck. Consultez les tarifs en vigueur au chapitre 7 du r\u00e8glement communal. Pour plus de renseignements, veuillez contacter l\u2019\u00c9tat Civil.<\/p>\n","protected":false},"author":4,"featured_media":0,"parent":10245,"menu_order":0,"comment_status":"closed","ping_status":"closed","template":"","meta":{"_acf_changed":false,"inline_featured_image":false,"footnotes":""},"acf":[],"_links":{"self":[{"href":"https:\/\/ettelbruck.lu\/citoyen\/wp-json\/wp\/v2\/pages\/10347"}],"collection":[{"href":"https:\/\/ettelbruck.lu\/citoyen\/wp-json\/wp\/v2\/pages"}],"about":[{"href":"https:\/\/ettelbruck.lu\/citoyen\/wp-json\/wp\/v2\/types\/page"}],"author":[{"embeddable":true,"href":"https:\/\/ettelbruck.lu\/citoyen\/wp-json\/wp\/v2\/users\/4"}],"replies":[{"embeddable":true,"href":"https:\/\/ettelbruck.lu\/citoyen\/wp-json\/wp\/v2\/comments?post=10347"}],"version-history":[{"count":6,"href":"https:\/\/ettelbruck.lu\/citoyen\/wp-json\/wp\/v2\/pages\/10347\/revisions"}],"predecessor-version":[{"id":17277,"href":"https:\/\/ettelbruck.lu\/citoyen\/wp-json\/wp\/v2\/pages\/10347\/revisions\/17277"}],"up":[{"embeddable":true,"href":"https:\/\/ettelbruck.lu\/citoyen\/wp-json\/wp\/v2\/pages\/10245"}],"wp:attachment":[{"href":"https:\/\/ettelbruck.lu\/citoyen\/wp-json\/wp\/v2\/media?parent=10347"}],"curies":[{"name":"wp","href":"https:\/\/api.w.org\/{rel}","templated":true}]}}