{"id":10355,"date":"2020-08-06T12:20:48","date_gmt":"2020-08-06T10:20:48","guid":{"rendered":"https:\/\/ettelbruck.webdev.lu\/citoyen\/?page_id=10355"},"modified":"2024-01-29T11:29:39","modified_gmt":"2024-01-29T10:29:39","slug":"declaration-de-deces","status":"publish","type":"page","link":"https:\/\/ettelbruck.lu\/citoyen\/services-au-citoyen\/etat-civil\/declaration-de-deces\/","title":{"rendered":"D\u00e9claration de d\u00e9c\u00e8s"},"content":{"rendered":"<p>Un acte de d\u00e9c\u00e8s est un acte juridique de l\u2019\u00e9tat civil. C\u2019est un acte authentique, sign\u00e9 par le d\u00e9clarant et l\u2019officier d\u2019\u00e9tat civil. Un acte de d\u00e9c\u00e8s est \u00e9tabli \u00e0 la mort d\u2019une personne. La copie ou l\u2019extrait d\u2019un acte de d\u00e9c\u00e8s est une reproduction int\u00e9grale ou partielle des mentions figurant sur l\u2019acte de d\u00e9c\u00e8s.<\/p>\n<p>Le Service de l\u2019\u00e9tat civil \u00e9tablit l\u2019acte de d\u00e9c\u00e8s sur base du certificat \u00e9tabli par le m\u00e9decin (d\u00e9claration de d\u00e9c\u00e8s) : l\u2019acte de d\u00e9c\u00e8s est dress\u00e9 par l\u2019officier de l\u2019\u00e9tat civil sur d\u00e9claration, si possible, de l\u2019un des plus proches parents ou voisins, lorsqu\u2019une personne est d\u00e9c\u00e9d\u00e9e hors de son domicile, de la personne chez laquelle elle est d\u00e9c\u00e9d\u00e9e ou des pompes fun\u00e8bres.<\/p>\n<p>Une copie ou un extrait de cet acte est souvent n\u00e9cessaire lors de certaines d\u00e9marches administratives, telles que la demande d\u2019une pension de survie, l\u2019ex\u00e9cution du testament ou l\u2019organisation de l\u2019enterrement.<\/p>\n<h2>Les pi\u00e8ces \u00e0 produire pour l\u2019enterrement<\/h2>\n<ul>\n<li>D\u00e9claration de la cause de d\u00e9c\u00e8s de l\u2019h\u00f4pital<\/li>\n<li>Livret de famille si le\/la d\u00e9funt(e) \u00e9tait mari\u00e9(e), respectivement acte de mariage, sinon une copie conforme de l\u2019acte de naissance<\/li>\n<li>Carte d\u2019identit\u00e9 du d\u00e9clarant<\/li>\n<\/ul>\n<h2>Les pi\u00e8ces \u00e0 produire pour l\u2019incin\u00e9ration<\/h2>\n<ul>\n<li>D\u00e9claration de la cause de d\u00e9c\u00e8s de l\u2019h\u00f4pital<\/li>\n<li>Livret de famille si le\/la d\u00e9funt(e) \u00e9tait mari\u00e9(e) sinon une copie conforme de l\u2019acte de naissance<\/li>\n<li>Fiche du m\u00e9decin attestant que le d\u00e9funt ne porte pas de stimulateur cardiaque<\/li>\n<li>Autorisation d\u2019un membre proche de la famille pour l\u2019incin\u00e9ration (fiche disponible \u00e0 l\u2019Etat Civil) ou le\/la d\u00e9funt(e) \u00e9tait membre de \u00ab Flamma \u00bb ou bien a exprim\u00e9 sa volont\u00e9 d\u2019\u00eatre incin\u00e9r\u00e9 dans un testament<\/li>\n<li>Carte d\u2019identit\u00e9 du d\u00e9clarant<\/li>\n<\/ul>\n<p><strong>Plus d\u2019informations<\/strong> : <a href=\"https:\/\/guichet.public.lu\/fr\/citoyens\/citoyennete\/certificat-casier-judiciaire\/certificat-copie\/acte-deces.html\" target=\"_blank\" rel=\"noopener noreferrer\">http:\/\/www.guichet.public.lu\/citoyens\/fr\/certificats\/etat-civil-authentification\/etat-civil\/acte-deces\/index.html<\/a><\/p>","protected":false},"excerpt":{"rendered":"<p>Un acte de d\u00e9c\u00e8s est un acte juridique de l\u2019\u00e9tat civil. C\u2019est un acte authentique, sign\u00e9 par le d\u00e9clarant et l\u2019officier d\u2019\u00e9tat civil. Un acte de d\u00e9c\u00e8s est \u00e9tabli \u00e0 la mort d\u2019une personne. La copie ou l\u2019extrait d\u2019un acte de d\u00e9c\u00e8s est une reproduction int\u00e9grale ou partielle des mentions figurant sur l\u2019acte de d\u00e9c\u00e8s. [&hellip;]<\/p>\n","protected":false},"author":4,"featured_media":0,"parent":10245,"menu_order":2,"comment_status":"closed","ping_status":"closed","template":"","meta":{"_acf_changed":false,"inline_featured_image":false,"footnotes":""},"acf":[],"_links":{"self":[{"href":"https:\/\/ettelbruck.lu\/citoyen\/wp-json\/wp\/v2\/pages\/10355"}],"collection":[{"href":"https:\/\/ettelbruck.lu\/citoyen\/wp-json\/wp\/v2\/pages"}],"about":[{"href":"https:\/\/ettelbruck.lu\/citoyen\/wp-json\/wp\/v2\/types\/page"}],"author":[{"embeddable":true,"href":"https:\/\/ettelbruck.lu\/citoyen\/wp-json\/wp\/v2\/users\/4"}],"replies":[{"embeddable":true,"href":"https:\/\/ettelbruck.lu\/citoyen\/wp-json\/wp\/v2\/comments?post=10355"}],"version-history":[{"count":6,"href":"https:\/\/ettelbruck.lu\/citoyen\/wp-json\/wp\/v2\/pages\/10355\/revisions"}],"predecessor-version":[{"id":20707,"href":"https:\/\/ettelbruck.lu\/citoyen\/wp-json\/wp\/v2\/pages\/10355\/revisions\/20707"}],"up":[{"embeddable":true,"href":"https:\/\/ettelbruck.lu\/citoyen\/wp-json\/wp\/v2\/pages\/10245"}],"wp:attachment":[{"href":"https:\/\/ettelbruck.lu\/citoyen\/wp-json\/wp\/v2\/media?parent=10355"}],"curies":[{"name":"wp","href":"https:\/\/api.w.org\/{rel}","templated":true}]}}