{"id":10361,"date":"2020-08-06T13:29:09","date_gmt":"2020-08-06T11:29:09","guid":{"rendered":"https:\/\/ettelbruck.webdev.lu\/citoyen\/?page_id=10361"},"modified":"2025-11-07T08:56:45","modified_gmt":"2025-11-07T07:56:45","slug":"eau-potable","status":"publish","type":"page","link":"https:\/\/ettelbruck.lu\/citoyen\/services-au-citoyen\/environnement\/eau-potable\/","title":{"rendered":"Eau potable"},"content":{"rendered":"<p>L\u2019eau potable est une denr\u00e9e alimentaire tr\u00e8s importante qui nous est livr\u00e9e directement \u00e0 notre domicile. Sa propret\u00e9 n\u2019est pas un hasard, alors pr\u00e9servons la. Afin de pr\u00e9server la qualit\u00e9 de l\u2019eau potable, elles est contr\u00f4l\u00e9e \u00e0 intervalles r\u00e9guliers. Les \u00e9chantillons sont pris \u00e0 Warken et \u00e0 Ettelbruck.<\/p>\n<p><strong>Historique des analyses de l\u2019eau potable<\/strong><\/p>\n<p>Pour acc\u00e9der \u00e0 l&rsquo;archive des analyses, veuillez cliquer sur <a href=\"https:\/\/ettelbruck.sigidrive.lu\/index.php\/s\/Qg72AqoHZ5ixQ2R\">ce lien<\/a>.<\/p>\n<h1><a href=\"https:\/\/eau.gouvernement.lu\/fr\/actualites\/2024\/07-juillet\/faq-tfa-pfas.html\"><span style=\"font-size: 12pt;\">FAQ \u00e9labor\u00e9 par l&rsquo;Administration de la gestion de l\u2019eau sur le TFA et les PFAS<\/span><\/a><\/h1>\n<p>&nbsp;<\/p>","protected":false},"excerpt":{"rendered":"<p>L\u2019eau potable est une denr\u00e9e alimentaire tr\u00e8s importante qui nous est livr\u00e9e directement \u00e0 notre domicile. Sa propret\u00e9 n\u2019est pas un hasard, alors pr\u00e9servons la. Afin de pr\u00e9server la qualit\u00e9 de l\u2019eau potable, elles est contr\u00f4l\u00e9e \u00e0 intervalles r\u00e9guliers. Les \u00e9chantillons sont pris \u00e0 Warken et \u00e0 Ettelbruck. Historique des analyses de l\u2019eau potable Pour [&hellip;]<\/p>\n","protected":false},"author":4,"featured_media":0,"parent":220,"menu_order":3,"comment_status":"closed","ping_status":"closed","template":"","meta":{"_acf_changed":false,"inline_featured_image":false,"footnotes":""},"acf":[],"_links":{"self":[{"href":"https:\/\/ettelbruck.lu\/citoyen\/wp-json\/wp\/v2\/pages\/10361"}],"collection":[{"href":"https:\/\/ettelbruck.lu\/citoyen\/wp-json\/wp\/v2\/pages"}],"about":[{"href":"https:\/\/ettelbruck.lu\/citoyen\/wp-json\/wp\/v2\/types\/page"}],"author":[{"embeddable":true,"href":"https:\/\/ettelbruck.lu\/citoyen\/wp-json\/wp\/v2\/users\/4"}],"replies":[{"embeddable":true,"href":"https:\/\/ettelbruck.lu\/citoyen\/wp-json\/wp\/v2\/comments?post=10361"}],"version-history":[{"count":75,"href":"https:\/\/ettelbruck.lu\/citoyen\/wp-json\/wp\/v2\/pages\/10361\/revisions"}],"predecessor-version":[{"id":26077,"href":"https:\/\/ettelbruck.lu\/citoyen\/wp-json\/wp\/v2\/pages\/10361\/revisions\/26077"}],"up":[{"embeddable":true,"href":"https:\/\/ettelbruck.lu\/citoyen\/wp-json\/wp\/v2\/pages\/220"}],"wp:attachment":[{"href":"https:\/\/ettelbruck.lu\/citoyen\/wp-json\/wp\/v2\/media?parent=10361"}],"curies":[{"name":"wp","href":"https:\/\/api.w.org\/{rel}","templated":true}]}}