{"id":10416,"date":"2020-08-06T14:38:28","date_gmt":"2020-08-06T12:38:29","guid":{"rendered":"https:\/\/ettelbruck.webdev.lu\/citoyen\/?page_id=10416"},"modified":"2023-07-14T14:39:18","modified_gmt":"2023-07-14T12:39:18","slug":"ecole-fondamentale","status":"publish","type":"page","link":"https:\/\/ettelbruck.lu\/citoyen\/services-au-citoyen\/scolarite\/ecole-fondamentale\/","title":{"rendered":"Ecole fondamentale"},"content":{"rendered":"<p>Plus de 800 enfants fr\u00e9quentent l\u2019\u00e9cole fondamentale d\u2019Ettelbruck (cycle 1-4). La commune g\u00e8re actuellement 3 sites diff\u00e9rents: Um Boeschel, Rue Dr. Klein et Place Marie-Th\u00e9r\u00e8se. 10 charg\u00e9s prennent en charge les \u00e9l\u00e8ves des cycles 2-4 qui ont droit au service des aides aux devoirs. Les \u00e9l\u00e8ves b\u00e9n\u00e9ficiant de ce service sont s\u00e9lectionn\u00e9s par les enseignants.<\/p>\n<p><b>Consultez l\u2019horaire du transport scolaire\u00a0<\/b>!\u00a0(\u00e0 t\u00e9l\u00e9charger\u00a0<b>ci-dessous<\/b>). Le service scolaire se tient \u00e0 votre disposition pour r\u00e9pondre \u00e0 toutes vos questions.<\/p>\n<p><a href=\"https:\/\/ettelbruck.lu\/citoyen\/contact\/\" rel=\"noopener noreferrer\">Contactez-nous<\/a>\u00a0via le Service de scolarit\u00e9.<br \/>\nPlus d\u2019informations sur\u00a0<a href=\"http:\/\/www.schoul-ettelbreck.lu\/\" target=\"_blank\" rel=\"noopener noreferrer\">www.schoul-ettelbreck.lu<\/a><\/p>","protected":false},"excerpt":{"rendered":"<p>Plus de 800 enfants fr\u00e9quentent l\u2019\u00e9cole fondamentale d\u2019Ettelbruck (cycle 1-4). La commune g\u00e8re actuellement 3 sites diff\u00e9rents: Um Boeschel, Rue Dr. Klein et Place Marie-Th\u00e9r\u00e8se. 10 charg\u00e9s prennent en charge les \u00e9l\u00e8ves des cycles 2-4 qui ont droit au service des aides aux devoirs. Les \u00e9l\u00e8ves b\u00e9n\u00e9ficiant de ce service sont s\u00e9lectionn\u00e9s par les enseignants. [&hellip;]<\/p>\n","protected":false},"author":4,"featured_media":0,"parent":10414,"menu_order":3,"comment_status":"closed","ping_status":"closed","template":"","meta":{"_acf_changed":false,"inline_featured_image":false,"footnotes":""},"acf":[],"_links":{"self":[{"href":"https:\/\/ettelbruck.lu\/citoyen\/wp-json\/wp\/v2\/pages\/10416"}],"collection":[{"href":"https:\/\/ettelbruck.lu\/citoyen\/wp-json\/wp\/v2\/pages"}],"about":[{"href":"https:\/\/ettelbruck.lu\/citoyen\/wp-json\/wp\/v2\/types\/page"}],"author":[{"embeddable":true,"href":"https:\/\/ettelbruck.lu\/citoyen\/wp-json\/wp\/v2\/users\/4"}],"replies":[{"embeddable":true,"href":"https:\/\/ettelbruck.lu\/citoyen\/wp-json\/wp\/v2\/comments?post=10416"}],"version-history":[{"count":10,"href":"https:\/\/ettelbruck.lu\/citoyen\/wp-json\/wp\/v2\/pages\/10416\/revisions"}],"predecessor-version":[{"id":18102,"href":"https:\/\/ettelbruck.lu\/citoyen\/wp-json\/wp\/v2\/pages\/10416\/revisions\/18102"}],"up":[{"embeddable":true,"href":"https:\/\/ettelbruck.lu\/citoyen\/wp-json\/wp\/v2\/pages\/10414"}],"wp:attachment":[{"href":"https:\/\/ettelbruck.lu\/citoyen\/wp-json\/wp\/v2\/media?parent=10416"}],"curies":[{"name":"wp","href":"https:\/\/api.w.org\/{rel}","templated":true}]}}