{"id":10433,"date":"2020-08-06T15:02:49","date_gmt":"2020-08-06T13:02:49","guid":{"rendered":"https:\/\/ettelbruck.webdev.lu\/citoyen\/?page_id=10433"},"modified":"2023-03-15T11:18:38","modified_gmt":"2023-03-15T10:18:38","slug":"indigenat","status":"publish","type":"page","link":"https:\/\/ettelbruck.lu\/citoyen\/services-au-citoyen\/etat-civil\/indigenat\/","title":{"rendered":"Indig\u00e9nat"},"content":{"rendered":"<p><a href=\"https:\/\/guichet.public.lu\/fr\/citoyens\/citoyennete\/nationalite-luxembourgeoise\/acquisition-recouvrement\/option.html#bloub-19\">Le dossier de demande en naturalisation peut \u00eatre t\u00e9l\u00e9charg\u00e9<\/a> ou peut \u00eatre demand\u00e9 aupr\u00e8s de l\u2019Etat Civil de la commune de r\u00e9sidence.<\/p>\n<p>&nbsp;<\/p>\n<p><b>Infoline \u00ab\u00a0Nationalit\u00e9\u00a0\u00bb\u00a0<\/b>:<\/p>\n<ul>\n<li>\u00e0 partir du Luxembourg : 8002 1000 (num\u00e9ro gratuit) ;<\/li>\n<li>\u00e0 partir de l\u2019\u00e9tranger : (+352) 247-88588.<\/li>\n<\/ul>\n<p>L\u2019infoline peut \u00eatre jointe du lundi au vendredi de 8h30 \u00e0 12h00 et de 13h30 \u00e0 17h00.<\/p>","protected":false},"excerpt":{"rendered":"<p>Le dossier de demande en naturalisation peut \u00eatre t\u00e9l\u00e9charg\u00e9 ou peut \u00eatre demand\u00e9 aupr\u00e8s de l\u2019Etat Civil de la commune de r\u00e9sidence. &nbsp; Infoline \u00ab\u00a0Nationalit\u00e9\u00a0\u00bb\u00a0: \u00e0 partir du Luxembourg : 8002 1000 (num\u00e9ro gratuit) ; \u00e0 partir de l\u2019\u00e9tranger : (+352) 247-88588. L\u2019infoline peut \u00eatre jointe du lundi au vendredi de 8h30 \u00e0 12h00 et [&hellip;]<\/p>\n","protected":false},"author":4,"featured_media":0,"parent":10245,"menu_order":4,"comment_status":"closed","ping_status":"closed","template":"","meta":{"_acf_changed":false,"inline_featured_image":false,"footnotes":""},"acf":[],"_links":{"self":[{"href":"https:\/\/ettelbruck.lu\/citoyen\/wp-json\/wp\/v2\/pages\/10433"}],"collection":[{"href":"https:\/\/ettelbruck.lu\/citoyen\/wp-json\/wp\/v2\/pages"}],"about":[{"href":"https:\/\/ettelbruck.lu\/citoyen\/wp-json\/wp\/v2\/types\/page"}],"author":[{"embeddable":true,"href":"https:\/\/ettelbruck.lu\/citoyen\/wp-json\/wp\/v2\/users\/4"}],"replies":[{"embeddable":true,"href":"https:\/\/ettelbruck.lu\/citoyen\/wp-json\/wp\/v2\/comments?post=10433"}],"version-history":[{"count":3,"href":"https:\/\/ettelbruck.lu\/citoyen\/wp-json\/wp\/v2\/pages\/10433\/revisions"}],"predecessor-version":[{"id":17284,"href":"https:\/\/ettelbruck.lu\/citoyen\/wp-json\/wp\/v2\/pages\/10433\/revisions\/17284"}],"up":[{"embeddable":true,"href":"https:\/\/ettelbruck.lu\/citoyen\/wp-json\/wp\/v2\/pages\/10245"}],"wp:attachment":[{"href":"https:\/\/ettelbruck.lu\/citoyen\/wp-json\/wp\/v2\/media?parent=10433"}],"curies":[{"name":"wp","href":"https:\/\/api.w.org\/{rel}","templated":true}]}}