{"id":10519,"date":"2020-08-11T09:15:25","date_gmt":"2020-08-11T07:15:25","guid":{"rendered":"https:\/\/ettelbruck.webdev.lu\/citoyen\/?page_id=10519"},"modified":"2026-02-05T11:57:49","modified_gmt":"2026-02-05T10:57:49","slug":"mariage","status":"publish","type":"page","link":"https:\/\/ettelbruck.lu\/citoyen\/services-au-citoyen\/etat-civil\/mariage\/","title":{"rendered":"Mariage"},"content":{"rendered":"<p>Pour se marier civilement au Luxembourg, il est n\u00e9cessaire d\u2019effectuer au pr\u00e9alable un certain nombre de d\u00e9marches (pouvant varier selon la nationalit\u00e9 des futurs \u00e9poux) et de r\u00e9unir l\u2019ensemble des pi\u00e8ces requises pour constituer le dossier de mariage. Le mariage religieux ne peut avoir lieu qu\u2019apr\u00e8s le mariage civil. Partant, le seul mariage religieux, c\u2019est-\u00e0-dire sans avoir \u00e9t\u00e9 pr\u00e9c\u00e9d\u00e9 d\u2019un mariage civil, est strictement interdit. La pr\u00e9paration du mariage civil concerne toute personne souhaitant contracter un mariage au Luxembourg, ind\u00e9pendamment de sa nationalit\u00e9. Pour pouvoir se marier au Luxembourg,<strong>\u00a0les futurs \u00e9poux doivent \u00eatre \u00e2g\u00e9s d\u2019au moins 18 ans (homme) et 18 ans (femme)<\/strong>, et l\u2019un d\u2019eux doit avoir sa\u00a0<strong>r\u00e9sidence officielle au Luxembourg<\/strong>. Pour les mineurs, l\u2019accord d\u2019au moins un des deux parents est n\u00e9cessaire.<\/p>\n<p>La pr\u00e9paration du mariage civil doit commencer au plus tard :<\/p>\n<ul>\n<li>1 mois avant la date du mariage si les 2 personnes concern\u00e9es habitent dans la m\u00eame commune<\/li>\n<li>2 mois avant la date du mariage si les 2 personnes concern\u00e9es n\u2019habitent pas dans la m\u00eame commune<\/li>\n<li>3 mois avant la date du mariage si une personne habite \u00e0 l\u2019\u00e9tranger<\/li>\n<\/ul>\n<p>Le mariage ne pourra \u00eatre c\u00e9l\u00e9br\u00e9 que dans la commune (au choix) o\u00f9 l\u2019un des futurs \u00e9poux r\u00e9side l\u00e9galement.<\/p>","protected":false},"excerpt":{"rendered":"<p>Pour se marier civilement au Luxembourg, il est n\u00e9cessaire d\u2019effectuer au pr\u00e9alable un certain nombre de d\u00e9marches (pouvant varier selon la nationalit\u00e9 des futurs \u00e9poux) et de r\u00e9unir l\u2019ensemble des pi\u00e8ces requises pour constituer le dossier de mariage. Le mariage religieux ne peut avoir lieu qu\u2019apr\u00e8s le mariage civil. Partant, le seul mariage religieux, c\u2019est-\u00e0-dire [&hellip;]<\/p>\n","protected":false},"author":4,"featured_media":0,"parent":10245,"menu_order":5,"comment_status":"closed","ping_status":"closed","template":"","meta":{"_acf_changed":false,"inline_featured_image":false,"footnotes":""},"acf":[],"_links":{"self":[{"href":"https:\/\/ettelbruck.lu\/citoyen\/wp-json\/wp\/v2\/pages\/10519"}],"collection":[{"href":"https:\/\/ettelbruck.lu\/citoyen\/wp-json\/wp\/v2\/pages"}],"about":[{"href":"https:\/\/ettelbruck.lu\/citoyen\/wp-json\/wp\/v2\/types\/page"}],"author":[{"embeddable":true,"href":"https:\/\/ettelbruck.lu\/citoyen\/wp-json\/wp\/v2\/users\/4"}],"replies":[{"embeddable":true,"href":"https:\/\/ettelbruck.lu\/citoyen\/wp-json\/wp\/v2\/comments?post=10519"}],"version-history":[{"count":15,"href":"https:\/\/ettelbruck.lu\/citoyen\/wp-json\/wp\/v2\/pages\/10519\/revisions"}],"predecessor-version":[{"id":26890,"href":"https:\/\/ettelbruck.lu\/citoyen\/wp-json\/wp\/v2\/pages\/10519\/revisions\/26890"}],"up":[{"embeddable":true,"href":"https:\/\/ettelbruck.lu\/citoyen\/wp-json\/wp\/v2\/pages\/10245"}],"wp:attachment":[{"href":"https:\/\/ettelbruck.lu\/citoyen\/wp-json\/wp\/v2\/media?parent=10519"}],"curies":[{"name":"wp","href":"https:\/\/api.w.org\/{rel}","templated":true}]}}