{"id":10579,"date":"2020-08-17T09:38:52","date_gmt":"2020-08-17T07:38:52","guid":{"rendered":"https:\/\/ettelbruck.webdev.lu\/citoyen\/?page_id=10579"},"modified":"2024-06-05T08:45:46","modified_gmt":"2024-06-05T06:45:46","slug":"demandes-dactes","status":"publish","type":"page","link":"https:\/\/ettelbruck.lu\/citoyen\/services-au-citoyen\/etat-civil\/demandes-dactes\/","title":{"rendered":"Demandes d&rsquo;actes"},"content":{"rendered":"<p><strong>Commandez et payez vos actes en ligne, c&rsquo;est facile!<\/strong><\/p>\n<p><a href=\"https:\/\/formulaires.ettelbruck.lu\/Ettelbruck_Demande_Actes_1.0\">Commandez vos actes en ligne!<\/a><\/p>\n<p>L&rsquo;acte de naissance, de d\u00e9c\u00e8s ou de mariage vous sera envoy\u00e9 par voie postale.<\/p>\n<p>&nbsp;<\/p>\n<p><strong>Vous pouvez retirer les actes pendant les heures de bureau au prix de 5,00 \u20ac.<\/strong><\/p>\n<p>Tout acte de naissance, de d\u00e9c\u00e8s ou de mariage peut \u00eatre envoy\u00e9 contre virement de 6,50.- EUR ( 5,00.- EUR taxe de chancellerie + 1,50.- EUR taxe d\u2019envoi) par document demand\u00e9 sur le compte courant CCPL IBAN LU 29 1111 0010 4171 0000 de la Ville d\u2019Ettelbruck.<\/p>\n<p>Code-Swift : CCPLLULL<\/p>\n<p>Les ch\u00e8ques ne sont pas accept\u00e9s.<\/p>\n<p>Pour tout acte demand\u00e9 le nom de la personne concern\u00e9e, ainsi que la date exacte de la naissance, resp. la date du d\u00e9c\u00e8s, resp. la date du mariage, doivent \u00eatre indiqu\u00e9s.<\/p>\n<p>D\u00e8s la r\u00e9ception du montant d\u00fb, l\u2019acte demand\u00e9 sera exp\u00e9di\u00e9.<\/p>\n<p><strong>Recherches g\u00e9n\u00e9alogiques : (tous les actes avant le 1er janvier 1900)<\/strong><\/p>\n<p>Il est port\u00e9 \u00e0 la connaissance du public que dans la r\u00e9union du 3 avril 2006, le conseil communal a proc\u00e9d\u00e9 \u00e0 une modification du r\u00e8glement-taxe et a ajout\u00e9 une taxe de g\u00e9n\u00e9alogie de 10,00.-\u20ac.<\/p>\n<p>&nbsp;<\/p>","protected":false},"excerpt":{"rendered":"<p>Commandez et payez vos actes en ligne, c&rsquo;est facile! Commandez vos actes en ligne! L&rsquo;acte de naissance, de d\u00e9c\u00e8s ou de mariage vous sera envoy\u00e9 par voie postale. &nbsp; Vous pouvez retirer les actes pendant les heures de bureau au prix de 5,00 \u20ac. Tout acte de naissance, de d\u00e9c\u00e8s ou de mariage peut \u00eatre [&hellip;]<\/p>\n","protected":false},"author":4,"featured_media":0,"parent":10245,"menu_order":1,"comment_status":"closed","ping_status":"closed","template":"","meta":{"_acf_changed":false,"inline_featured_image":false,"footnotes":""},"acf":[],"_links":{"self":[{"href":"https:\/\/ettelbruck.lu\/citoyen\/wp-json\/wp\/v2\/pages\/10579"}],"collection":[{"href":"https:\/\/ettelbruck.lu\/citoyen\/wp-json\/wp\/v2\/pages"}],"about":[{"href":"https:\/\/ettelbruck.lu\/citoyen\/wp-json\/wp\/v2\/types\/page"}],"author":[{"embeddable":true,"href":"https:\/\/ettelbruck.lu\/citoyen\/wp-json\/wp\/v2\/users\/4"}],"replies":[{"embeddable":true,"href":"https:\/\/ettelbruck.lu\/citoyen\/wp-json\/wp\/v2\/comments?post=10579"}],"version-history":[{"count":13,"href":"https:\/\/ettelbruck.lu\/citoyen\/wp-json\/wp\/v2\/pages\/10579\/revisions"}],"predecessor-version":[{"id":21862,"href":"https:\/\/ettelbruck.lu\/citoyen\/wp-json\/wp\/v2\/pages\/10579\/revisions\/21862"}],"up":[{"embeddable":true,"href":"https:\/\/ettelbruck.lu\/citoyen\/wp-json\/wp\/v2\/pages\/10245"}],"wp:attachment":[{"href":"https:\/\/ettelbruck.lu\/citoyen\/wp-json\/wp\/v2\/media?parent=10579"}],"curies":[{"name":"wp","href":"https:\/\/api.w.org\/{rel}","templated":true}]}}