{"id":10593,"date":"2020-08-17T13:57:56","date_gmt":"2020-08-17T11:57:56","guid":{"rendered":"https:\/\/ettelbruck.webdev.lu\/citoyen\/?page_id=10593"},"modified":"2025-03-10T09:34:57","modified_gmt":"2025-03-10T08:34:57","slug":"secretariat-general","status":"publish","type":"page","link":"https:\/\/ettelbruck.lu\/citoyen\/ma-commune\/administration-2\/secretariat-general\/","title":{"rendered":"Secr\u00e9tariat G\u00e9n\u00e9ral"},"content":{"rendered":"","protected":false},"excerpt":{"rendered":"","protected":false},"author":7,"featured_media":0,"parent":10526,"menu_order":1,"comment_status":"closed","ping_status":"closed","template":"","meta":{"_acf_changed":false,"inline_featured_image":false,"footnotes":""},"acf":[],"_links":{"self":[{"href":"https:\/\/ettelbruck.lu\/citoyen\/wp-json\/wp\/v2\/pages\/10593"}],"collection":[{"href":"https:\/\/ettelbruck.lu\/citoyen\/wp-json\/wp\/v2\/pages"}],"about":[{"href":"https:\/\/ettelbruck.lu\/citoyen\/wp-json\/wp\/v2\/types\/page"}],"author":[{"embeddable":true,"href":"https:\/\/ettelbruck.lu\/citoyen\/wp-json\/wp\/v2\/users\/7"}],"replies":[{"embeddable":true,"href":"https:\/\/ettelbruck.lu\/citoyen\/wp-json\/wp\/v2\/comments?post=10593"}],"version-history":[{"count":18,"href":"https:\/\/ettelbruck.lu\/citoyen\/wp-json\/wp\/v2\/pages\/10593\/revisions"}],"predecessor-version":[{"id":24033,"href":"https:\/\/ettelbruck.lu\/citoyen\/wp-json\/wp\/v2\/pages\/10593\/revisions\/24033"}],"up":[{"embeddable":true,"href":"https:\/\/ettelbruck.lu\/citoyen\/wp-json\/wp\/v2\/pages\/10526"}],"wp:attachment":[{"href":"https:\/\/ettelbruck.lu\/citoyen\/wp-json\/wp\/v2\/media?parent=10593"}],"curies":[{"name":"wp","href":"https:\/\/api.w.org\/{rel}","templated":true}]}}