{"id":10815,"date":"2020-08-19T09:59:54","date_gmt":"2020-08-19T07:59:54","guid":{"rendered":"https:\/\/ettelbruck.webdev.lu\/citoyen\/?page_id=10815"},"modified":"2023-03-21T15:35:43","modified_gmt":"2023-03-21T14:35:43","slug":"equipe-climat","status":"publish","type":"page","link":"https:\/\/ettelbruck.lu\/citoyen\/services-au-citoyen\/environnement\/equipe-climat\/","title":{"rendered":"Equipe Climat"},"content":{"rendered":"<p>L\u2019\u00e9quipe climat se constitue du conseiller climat de la commune et de diff\u00e9rents repr\u00e9sentants de la politique, des commissions, des employ\u00e9s communaux, des entreprises et des citoyens. Sa mission est d\u2019assurer le progr\u00e8s de la commune dans le cadre du pacte climat. Elle soutient le conseiller climat dans l\u2019\u00e9tablissement de l\u2019\u00e9tat des lieux, la conception des mesures propos\u00e9es au coll\u00e8ge \u00e9chevinal et au conseil communal ainsi que dans la pr\u00e9paration des audits pour les diff\u00e9rents niveaux de certification.<\/p>\n<p><strong>L\u2019\u00e9quipe climat de la Ville d\u2019Ettelbruck se constitue des membres suivants :<\/strong><\/p>\n<ul>\n<li>BIRCHEN Svenja<\/li>\n<li>DRESSSE Caroline<\/li>\n<li>FEIEREISEN Jean-Marc<\/li>\n<li>FUSENIG Dani\u00e8le<\/li>\n<li>GENOT Philippe<\/li>\n<li>HILDRUN Vetter<\/li>\n<li>HILGERSOM Triana<\/li>\n<li>KASS Charel<\/li>\n<li>LOBATO Florent<\/li>\n<li>OBERWEIS Sacha<\/li>\n<li>PIRET Joe<\/li>\n<li>SOLVI Paul<\/li>\n<li>THILL Sebastien<\/li>\n<li>THILTGES Lucas<\/li>\n<li>WEYRICH Philippe<\/li>\n<\/ul>\n<p><strong>Membres consultatifs <\/strong><\/p>\n<ul>\n<li>FETLER Roger<\/li>\n<li>HERMES Chantal<\/li>\n<li>LANG Luc<\/li>\n<\/ul>\n<p><\/p>","protected":false},"excerpt":{"rendered":"<p>L\u2019\u00e9quipe climat se constitue du conseiller climat de la commune et de diff\u00e9rents repr\u00e9sentants de la politique, des commissions, des employ\u00e9s communaux, des entreprises et des citoyens. Sa mission est d\u2019assurer le progr\u00e8s de la commune dans le cadre du pacte climat. Elle soutient le conseiller climat dans l\u2019\u00e9tablissement de l\u2019\u00e9tat des lieux, la conception [&hellip;]<\/p>\n","protected":false},"author":7,"featured_media":0,"parent":220,"menu_order":4,"comment_status":"closed","ping_status":"closed","template":"","meta":{"_acf_changed":false,"inline_featured_image":false,"footnotes":""},"acf":[],"_links":{"self":[{"href":"https:\/\/ettelbruck.lu\/citoyen\/wp-json\/wp\/v2\/pages\/10815"}],"collection":[{"href":"https:\/\/ettelbruck.lu\/citoyen\/wp-json\/wp\/v2\/pages"}],"about":[{"href":"https:\/\/ettelbruck.lu\/citoyen\/wp-json\/wp\/v2\/types\/page"}],"author":[{"embeddable":true,"href":"https:\/\/ettelbruck.lu\/citoyen\/wp-json\/wp\/v2\/users\/7"}],"replies":[{"embeddable":true,"href":"https:\/\/ettelbruck.lu\/citoyen\/wp-json\/wp\/v2\/comments?post=10815"}],"version-history":[{"count":4,"href":"https:\/\/ettelbruck.lu\/citoyen\/wp-json\/wp\/v2\/pages\/10815\/revisions"}],"predecessor-version":[{"id":17378,"href":"https:\/\/ettelbruck.lu\/citoyen\/wp-json\/wp\/v2\/pages\/10815\/revisions\/17378"}],"up":[{"embeddable":true,"href":"https:\/\/ettelbruck.lu\/citoyen\/wp-json\/wp\/v2\/pages\/220"}],"wp:attachment":[{"href":"https:\/\/ettelbruck.lu\/citoyen\/wp-json\/wp\/v2\/media?parent=10815"}],"curies":[{"name":"wp","href":"https:\/\/api.w.org\/{rel}","templated":true}]}}