{"id":10969,"date":"2020-08-20T10:36:55","date_gmt":"2020-08-20T08:36:55","guid":{"rendered":"https:\/\/ettelbruck.webdev.lu\/citoyen\/?page_id=10969"},"modified":"2023-03-08T14:51:50","modified_gmt":"2023-03-08T13:51:50","slug":"aides-au-logement","status":"publish","type":"page","link":"https:\/\/ettelbruck.lu\/citoyen\/aides-au-logement\/","title":{"rendered":"Aides au logement"},"content":{"rendered":"<p>Le Minist\u00e8re du Logement a mis \u00e0 votre disposition de nouveaux supports au sujet de diff\u00e9rentes primes et aides au logement. Pour plus d\u2019informations et la version allemande des brochures consultez le site du Minist\u00e8re du Logement\u00a0: <a href=\"https:\/\/logement.public.lu\/fr\/publications.html\" target=\"_blank\" rel=\"noopener noreferrer\">https:\/\/logement.public.lu\/fr\/publications.html<\/a><\/p>","protected":false},"excerpt":{"rendered":"<p>Le Minist\u00e8re du Logement a mis \u00e0 votre disposition de nouveaux supports au sujet de diff\u00e9rentes primes et aides au logement. Pour plus d\u2019informations et la version allemande des brochures consultez le site du Minist\u00e8re du Logement\u00a0: https:\/\/logement.public.lu\/fr\/publications.html<\/p>\n","protected":false},"author":7,"featured_media":0,"parent":0,"menu_order":44,"comment_status":"closed","ping_status":"closed","template":"","meta":{"_acf_changed":false,"inline_featured_image":false,"footnotes":""},"acf":[],"_links":{"self":[{"href":"https:\/\/ettelbruck.lu\/citoyen\/wp-json\/wp\/v2\/pages\/10969"}],"collection":[{"href":"https:\/\/ettelbruck.lu\/citoyen\/wp-json\/wp\/v2\/pages"}],"about":[{"href":"https:\/\/ettelbruck.lu\/citoyen\/wp-json\/wp\/v2\/types\/page"}],"author":[{"embeddable":true,"href":"https:\/\/ettelbruck.lu\/citoyen\/wp-json\/wp\/v2\/users\/7"}],"replies":[{"embeddable":true,"href":"https:\/\/ettelbruck.lu\/citoyen\/wp-json\/wp\/v2\/comments?post=10969"}],"version-history":[{"count":3,"href":"https:\/\/ettelbruck.lu\/citoyen\/wp-json\/wp\/v2\/pages\/10969\/revisions"}],"predecessor-version":[{"id":17212,"href":"https:\/\/ettelbruck.lu\/citoyen\/wp-json\/wp\/v2\/pages\/10969\/revisions\/17212"}],"wp:attachment":[{"href":"https:\/\/ettelbruck.lu\/citoyen\/wp-json\/wp\/v2\/media?parent=10969"}],"curies":[{"name":"wp","href":"https:\/\/api.w.org\/{rel}","templated":true}]}}