{"id":10976,"date":"2020-08-20T11:34:09","date_gmt":"2020-08-20T09:34:09","guid":{"rendered":"https:\/\/ettelbruck.webdev.lu\/citoyen\/?page_id=10976"},"modified":"2023-03-08T16:00:50","modified_gmt":"2023-03-08T15:00:50","slug":"cheque-service","status":"publish","type":"page","link":"https:\/\/ettelbruck.lu\/citoyen\/cheque-service\/","title":{"rendered":"Ch\u00e8que-Service"},"content":{"rendered":"<p>Pour obtenir le ch\u00e8que-service, vous devez produire les pi\u00e8ces suivantes:<\/p>\n<ul>\n<li>le num\u00e9ro de matricule de l\u2019enfant<\/li>\n<\/ul>\n<ul>\n<li>votre bulletin de l\u2019imp\u00f4t sur le revenu \u00e9tabli par l\u2019Administration des Contributions. A d\u00e9faut de votre bulletin d\u2019imp\u00f4t, le\/la d\u00e9clarant(e) doit fournir une attestation comme quoi il\/elle n\u2019est pas soumis(e) \u00e0 l\u2019obligation d\u2019effectuer une d\u00e9claration d\u2019imp\u00f4t<\/li>\n<\/ul>\n<ul>\n<li>les trois derni\u00e8res fiches salaire mensuelles du m\u00e9nage<\/li>\n<\/ul>\n<p>&nbsp;<\/p>\n<p><strong>A d\u00e9faut, l\u2019op\u00e9rateur sera oblig\u00e9 d\u2019appliquer les tarifs maximaux pr\u00e9vus.<\/strong><\/p>\n<p>Plus d\u2019infos: <a href=\"http:\/\/cheque-service.lu\/\" target=\"_blank\" rel=\"noopener noreferrer\">http:\/\/cheque-service.lu\/<\/a><\/p>","protected":false},"excerpt":{"rendered":"<p>Pour obtenir le ch\u00e8que-service, vous devez produire les pi\u00e8ces suivantes: le num\u00e9ro de matricule de l\u2019enfant votre bulletin de l\u2019imp\u00f4t sur le revenu \u00e9tabli par l\u2019Administration des Contributions. A d\u00e9faut de votre bulletin d\u2019imp\u00f4t, le\/la d\u00e9clarant(e) doit fournir une attestation comme quoi il\/elle n\u2019est pas soumis(e) \u00e0 l\u2019obligation d\u2019effectuer une d\u00e9claration d\u2019imp\u00f4t les trois derni\u00e8res [&hellip;]<\/p>\n","protected":false},"author":7,"featured_media":0,"parent":0,"menu_order":34,"comment_status":"closed","ping_status":"closed","template":"","meta":{"_acf_changed":false,"inline_featured_image":false,"footnotes":""},"acf":[],"_links":{"self":[{"href":"https:\/\/ettelbruck.lu\/citoyen\/wp-json\/wp\/v2\/pages\/10976"}],"collection":[{"href":"https:\/\/ettelbruck.lu\/citoyen\/wp-json\/wp\/v2\/pages"}],"about":[{"href":"https:\/\/ettelbruck.lu\/citoyen\/wp-json\/wp\/v2\/types\/page"}],"author":[{"embeddable":true,"href":"https:\/\/ettelbruck.lu\/citoyen\/wp-json\/wp\/v2\/users\/7"}],"replies":[{"embeddable":true,"href":"https:\/\/ettelbruck.lu\/citoyen\/wp-json\/wp\/v2\/comments?post=10976"}],"version-history":[{"count":7,"href":"https:\/\/ettelbruck.lu\/citoyen\/wp-json\/wp\/v2\/pages\/10976\/revisions"}],"predecessor-version":[{"id":17217,"href":"https:\/\/ettelbruck.lu\/citoyen\/wp-json\/wp\/v2\/pages\/10976\/revisions\/17217"}],"wp:attachment":[{"href":"https:\/\/ettelbruck.lu\/citoyen\/wp-json\/wp\/v2\/media?parent=10976"}],"curies":[{"name":"wp","href":"https:\/\/api.w.org\/{rel}","templated":true}]}}