{"id":11976,"date":"2020-11-13T14:34:15","date_gmt":"2020-11-13T13:34:15","guid":{"rendered":"https:\/\/ettelbruck.webdev.lu\/citoyen\/?page_id=11976"},"modified":"2023-03-08T15:58:53","modified_gmt":"2023-03-08T14:58:53","slug":"cadastre-solaire","status":"publish","type":"page","link":"https:\/\/ettelbruck.lu\/citoyen\/cadastre-solaire\/","title":{"rendered":"Cadastre solaire"},"content":{"rendered":"<p>Le cadastre solaire de la Ville d\u2019Ettelbruck contient les informations de base sur l\u2019aptitude des toitures pour installer des panneaux photovolta\u00efques ou thermiques. Il existe deux plans diff\u00e9rents pour la photovolta\u00efque (PV) et l\u2019\u00e9nergie solaire thermique (ST).<\/p>\n<p><a href=\"https:\/\/ettelbruck.lu\/citoyen\/wp-content\/uploads\/sites\/2\/2020\/07\/Explications_cadastre-solaire.pdf\" target=\"_blank\" rel=\"noopener noreferrer\">Explications_cadastre solaire<\/a><br \/>\n<a href=\"https:\/\/ettelbruck.lu\/citoyen\/wp-content\/uploads\/sites\/2\/2020\/07\/Photovolt\u00e4ique.pdf\" target=\"_blank\" rel=\"noopener noreferrer\">Photovolta\u00efque<\/a><br \/>\n<a href=\"https:\/\/ettelbruck.lu\/citoyen\/wp-content\/uploads\/sites\/2\/2020\/07\/Ettelbruck-Poster-A0-ST-2_new.pdf\" target=\"_blank\" rel=\"noopener noreferrer\">Solarthermie<\/a><br \/>\n<a href=\"https:\/\/ettelbruck.lu\/citoyen\/wp-content\/uploads\/sites\/2\/2020\/07\/Evaluation-du-potentiel-th\u00e9orique-du-cadastre-solaire-Ettelbruck.pdf\" target=\"_blank\" rel=\"noopener noreferrer\">Evaluation-du-potentiel-th\u00e9orique-du-cadastre-solaire-Ettelbruck<\/a><\/p>\n<p>Pour de plus amples informations n\u2019h\u00e9sitez pas de contacter le Service des B\u00e2tisses et de l\u2019Urbanisme: 81 91 81 &#8211; 453<\/p>","protected":false},"excerpt":{"rendered":"<p>Le cadastre solaire de la Ville d\u2019Ettelbruck contient les informations de base sur l\u2019aptitude des toitures pour installer des panneaux photovolta\u00efques ou thermiques. Il existe deux plans diff\u00e9rents pour la photovolta\u00efque (PV) et l\u2019\u00e9nergie solaire thermique (ST). Explications_cadastre solaire Photovolta\u00efque Solarthermie Evaluation-du-potentiel-th\u00e9orique-du-cadastre-solaire-Ettelbruck Pour de plus amples informations n\u2019h\u00e9sitez pas de contacter le Service des B\u00e2tisses [&hellip;]<\/p>\n","protected":false},"author":5,"featured_media":0,"parent":0,"menu_order":32,"comment_status":"closed","ping_status":"closed","template":"","meta":{"_acf_changed":false,"inline_featured_image":false,"footnotes":""},"acf":[],"_links":{"self":[{"href":"https:\/\/ettelbruck.lu\/citoyen\/wp-json\/wp\/v2\/pages\/11976"}],"collection":[{"href":"https:\/\/ettelbruck.lu\/citoyen\/wp-json\/wp\/v2\/pages"}],"about":[{"href":"https:\/\/ettelbruck.lu\/citoyen\/wp-json\/wp\/v2\/types\/page"}],"author":[{"embeddable":true,"href":"https:\/\/ettelbruck.lu\/citoyen\/wp-json\/wp\/v2\/users\/5"}],"replies":[{"embeddable":true,"href":"https:\/\/ettelbruck.lu\/citoyen\/wp-json\/wp\/v2\/comments?post=11976"}],"version-history":[{"count":2,"href":"https:\/\/ettelbruck.lu\/citoyen\/wp-json\/wp\/v2\/pages\/11976\/revisions"}],"predecessor-version":[{"id":17214,"href":"https:\/\/ettelbruck.lu\/citoyen\/wp-json\/wp\/v2\/pages\/11976\/revisions\/17214"}],"wp:attachment":[{"href":"https:\/\/ettelbruck.lu\/citoyen\/wp-json\/wp\/v2\/media?parent=11976"}],"curies":[{"name":"wp","href":"https:\/\/api.w.org\/{rel}","templated":true}]}}