{"id":11997,"date":"2020-11-16T11:36:17","date_gmt":"2020-11-16T10:36:17","guid":{"rendered":"https:\/\/ettelbruck.webdev.lu\/citoyen\/?page_id=11997"},"modified":"2024-05-06T09:46:05","modified_gmt":"2024-05-06T07:46:05","slug":"daichhal","status":"publish","type":"page","link":"https:\/\/ettelbruck.lu\/citoyen\/daichhal\/","title":{"rendered":"D\u00e4ichhal"},"content":{"rendered":"<p>La Ville d\u2019Ettelbruck met \u00e0 disposition des soci\u00e9t\u00e9s locales, r\u00e9gionales, nationales ou internationales les locaux du \u00ab D\u00e4ichhal \u00bb \u00e0 Ettelbruck. Consultez les photos ci-dessous pour vous faire une id\u00e9e sur les am\u00e9nagements possibles du \u00abD\u00e4ichhal\u00bb.<\/p>\n<p>Pour faire une r\u00e9servation ou pour tout autre renseignement:<\/p>\n<p><strong>Service des Festivit\u00e9s<\/strong><br \/>\nT\u00e9l.: <a href=\"tel:+352819181329\">81 91 81 \u2013 325 \/ 329<\/a><br \/>\nEmail: festivites@ettelbruck.lu<\/p>","protected":false},"excerpt":{"rendered":"<p>La Ville d\u2019Ettelbruck met \u00e0 disposition des soci\u00e9t\u00e9s locales, r\u00e9gionales, nationales ou internationales les locaux du \u00ab D\u00e4ichhal \u00bb \u00e0 Ettelbruck. Consultez les photos ci-dessous pour vous faire une id\u00e9e sur les am\u00e9nagements possibles du \u00abD\u00e4ichhal\u00bb. Pour faire une r\u00e9servation ou pour tout autre renseignement: Service des Festivit\u00e9s T\u00e9l.: 81 91 81 \u2013 325 \/ [&hellip;]<\/p>\n","protected":false},"author":5,"featured_media":11998,"parent":0,"menu_order":30,"comment_status":"closed","ping_status":"closed","template":"","meta":{"_acf_changed":false,"inline_featured_image":false,"footnotes":""},"acf":[],"_links":{"self":[{"href":"https:\/\/ettelbruck.lu\/citoyen\/wp-json\/wp\/v2\/pages\/11997"}],"collection":[{"href":"https:\/\/ettelbruck.lu\/citoyen\/wp-json\/wp\/v2\/pages"}],"about":[{"href":"https:\/\/ettelbruck.lu\/citoyen\/wp-json\/wp\/v2\/types\/page"}],"author":[{"embeddable":true,"href":"https:\/\/ettelbruck.lu\/citoyen\/wp-json\/wp\/v2\/users\/5"}],"replies":[{"embeddable":true,"href":"https:\/\/ettelbruck.lu\/citoyen\/wp-json\/wp\/v2\/comments?post=11997"}],"version-history":[{"count":8,"href":"https:\/\/ettelbruck.lu\/citoyen\/wp-json\/wp\/v2\/pages\/11997\/revisions"}],"predecessor-version":[{"id":21701,"href":"https:\/\/ettelbruck.lu\/citoyen\/wp-json\/wp\/v2\/pages\/11997\/revisions\/21701"}],"wp:featuredmedia":[{"embeddable":true,"href":"https:\/\/ettelbruck.lu\/citoyen\/wp-json\/wp\/v2\/media\/11998"}],"wp:attachment":[{"href":"https:\/\/ettelbruck.lu\/citoyen\/wp-json\/wp\/v2\/media?parent=11997"}],"curies":[{"name":"wp","href":"https:\/\/api.w.org\/{rel}","templated":true}]}}