{"id":12110,"date":"2020-11-18T14:34:18","date_gmt":"2020-11-18T13:34:18","guid":{"rendered":"https:\/\/ettelbruck.webdev.lu\/citoyen\/?page_id=12110"},"modified":"2023-03-08T17:20:07","modified_gmt":"2023-03-08T16:20:07","slug":"contestation-dun-avertissement-taxe","status":"publish","type":"page","link":"https:\/\/ettelbruck.lu\/citoyen\/contestation-dun-avertissement-taxe\/","title":{"rendered":"Contestation d&rsquo;un avertissement tax\u00e9"},"content":{"rendered":"<p>La contestation d&rsquo;un avertissement tax\u00e9 doit se faire aupr\u00e8s du commissariat de la police grand-ducale, m\u00eame si l&rsquo;avertissement tax\u00e9 a \u00e9t\u00e9 \u00e9tabli par un agent municipal de la Ville d&rsquo;Ettelbruck.<\/p>\n<p>Veuillez remplir la contestation et l&rsquo;adresser au commissariat de la police grand-ducale: <a href=\"https:\/\/ettelbruck.lu\/citoyen\/wp-content\/uploads\/sites\/2\/2022\/02\/contestation-avertissement-taxe.pdf\">contestation-avertissement tax\u00e9<\/a><\/p>\n<p>&nbsp;<\/p>\n<p>T\u00e9l. :\u00a0<a href=\"tel:+35224484200\">(+352) 244 84-1000<\/a><br \/>\nM : police.ettelbruck@police.etat.lu<\/p>\n<p>Heures d\u2019ouverture du guichet d\u2019accueil\u00a0:<br \/>\ndu lundi au vendredi de 08.00 \u2013 12.00 et de 13.00 \u00e0 17.00 (de pr\u00e9f\u00e9rence sur rendez-vous)<\/p>","protected":false},"excerpt":{"rendered":"<p>La contestation d&rsquo;un avertissement tax\u00e9 doit se faire aupr\u00e8s du commissariat de la police grand-ducale, m\u00eame si l&rsquo;avertissement tax\u00e9 a \u00e9t\u00e9 \u00e9tabli par un agent municipal de la Ville d&rsquo;Ettelbruck. Veuillez remplir la contestation et l&rsquo;adresser au commissariat de la police grand-ducale: contestation-avertissement tax\u00e9 &nbsp; T\u00e9l. :\u00a0(+352) 244 84-1000 M : police.ettelbruck@police.etat.lu Heures d\u2019ouverture du [&hellip;]<\/p>\n","protected":false},"author":5,"featured_media":0,"parent":0,"menu_order":27,"comment_status":"closed","ping_status":"closed","template":"","meta":{"_acf_changed":false,"inline_featured_image":false,"footnotes":""},"acf":[],"_links":{"self":[{"href":"https:\/\/ettelbruck.lu\/citoyen\/wp-json\/wp\/v2\/pages\/12110"}],"collection":[{"href":"https:\/\/ettelbruck.lu\/citoyen\/wp-json\/wp\/v2\/pages"}],"about":[{"href":"https:\/\/ettelbruck.lu\/citoyen\/wp-json\/wp\/v2\/types\/page"}],"author":[{"embeddable":true,"href":"https:\/\/ettelbruck.lu\/citoyen\/wp-json\/wp\/v2\/users\/5"}],"replies":[{"embeddable":true,"href":"https:\/\/ettelbruck.lu\/citoyen\/wp-json\/wp\/v2\/comments?post=12110"}],"version-history":[{"count":6,"href":"https:\/\/ettelbruck.lu\/citoyen\/wp-json\/wp\/v2\/pages\/12110\/revisions"}],"predecessor-version":[{"id":17222,"href":"https:\/\/ettelbruck.lu\/citoyen\/wp-json\/wp\/v2\/pages\/12110\/revisions\/17222"}],"wp:attachment":[{"href":"https:\/\/ettelbruck.lu\/citoyen\/wp-json\/wp\/v2\/media?parent=12110"}],"curies":[{"name":"wp","href":"https:\/\/api.w.org\/{rel}","templated":true}]}}