{"id":12531,"date":"2021-01-14T13:49:52","date_gmt":"2021-01-14T12:49:52","guid":{"rendered":"https:\/\/ettelbruck.lu\/citoyen\/?page_id=12531"},"modified":"2023-10-06T13:50:42","modified_gmt":"2023-10-06T11:50:42","slug":"creches-foyers-de-jour","status":"publish","type":"page","link":"https:\/\/ettelbruck.lu\/citoyen\/creches-foyers-de-jour\/","title":{"rendered":"Cr\u00e8ches &amp; Foyers de jour"},"content":{"rendered":"<p><strong>Cr\u00e8che Abrakadabra<\/strong><\/p>\n<p>76, rue de Welscheid<br \/>\nL-9090 Warken<br \/>\nT\u00e9l.: 26 81 37 75<\/p>\n<p>&nbsp;<\/p>\n<p><strong>Cr\u00e8che Butzemillen<\/strong><\/p>\n<p>31, rue de Welscheid<br \/>\nL-9090 Warken<br \/>\nT\u00e9l.: 26 57 23 &#8211; 1<\/p>\n<p>1, Zone Artisanale<br \/>\nL-9085 Ettelbruck<br \/>\nT\u00e9l.: 26 57 23 &#8211; 1<\/p>\n<p>&nbsp;<\/p>\n<p><strong>Cr\u00e8che Kidscare by Babilou<br \/>\n<\/strong><\/p>\n<p>20, avenue J. F. Kennedy<br \/>\nL-9053 Ettelbruck<br \/>\nT\u00e9l.: 28 99 28 99 400<\/p>\n<p>&nbsp;<\/p>\n<p><strong>Foyer de jour Kannervilla<\/strong><\/p>\n<p>5, avenue des alli\u00e9s<br \/>\nL-9012 Ettelbruck<br \/>\nT\u00e9l.: 81 77 42<\/p>\n<p>&nbsp;<\/p>\n<p><strong>Foyer de jour Butzemillen<\/strong><\/p>\n<p>57, avenue Salentiny<br \/>\nL-9080 Ettelbruck<br \/>\nT\u00e9l.: 26 57 23 &#8211; 1<\/p>\n<p>&nbsp;<\/p>\n<p><strong>Maison Relais \u00ab\u00a0Ettelbr\u00e9cker Kannerbuerg\u00a0\u00bb<br \/>\n<\/strong><\/p>\n<p>46, rue Grande-Duchesse Jos\u00e9phine Charlotte<br \/>\nL-9013 Ettelbruck<br \/>\nT\u00e9l.: 27 55 68 70<br \/>\nEmail: <a href=\"mailto:relais.ettelbruck@croix-rouge.lu\">relais.ettelbruck@croix-rouge.lu<\/a><\/p>","protected":false},"excerpt":{"rendered":"<p>Cr\u00e8che Abrakadabra 76, rue de Welscheid L-9090 Warken T\u00e9l.: 26 81 37 75 &nbsp; Cr\u00e8che Butzemillen 31, rue de Welscheid L-9090 Warken T\u00e9l.: 26 57 23 &#8211; 1 1, Zone Artisanale L-9085 Ettelbruck T\u00e9l.: 26 57 23 &#8211; 1 &nbsp; Cr\u00e8che Kidscare by Babilou 20, avenue J. F. Kennedy L-9053 Ettelbruck T\u00e9l.: 28 99 28 [&hellip;]<\/p>\n","protected":false},"author":5,"featured_media":0,"parent":0,"menu_order":20,"comment_status":"closed","ping_status":"closed","template":"","meta":{"_acf_changed":false,"inline_featured_image":false,"footnotes":""},"acf":[],"_links":{"self":[{"href":"https:\/\/ettelbruck.lu\/citoyen\/wp-json\/wp\/v2\/pages\/12531"}],"collection":[{"href":"https:\/\/ettelbruck.lu\/citoyen\/wp-json\/wp\/v2\/pages"}],"about":[{"href":"https:\/\/ettelbruck.lu\/citoyen\/wp-json\/wp\/v2\/types\/page"}],"author":[{"embeddable":true,"href":"https:\/\/ettelbruck.lu\/citoyen\/wp-json\/wp\/v2\/users\/5"}],"replies":[{"embeddable":true,"href":"https:\/\/ettelbruck.lu\/citoyen\/wp-json\/wp\/v2\/comments?post=12531"}],"version-history":[{"count":8,"href":"https:\/\/ettelbruck.lu\/citoyen\/wp-json\/wp\/v2\/pages\/12531\/revisions"}],"predecessor-version":[{"id":19211,"href":"https:\/\/ettelbruck.lu\/citoyen\/wp-json\/wp\/v2\/pages\/12531\/revisions\/19211"}],"wp:attachment":[{"href":"https:\/\/ettelbruck.lu\/citoyen\/wp-json\/wp\/v2\/media?parent=12531"}],"curies":[{"name":"wp","href":"https:\/\/api.w.org\/{rel}","templated":true}]}}