{"id":13819,"date":"2021-10-28T10:20:48","date_gmt":"2021-10-28T08:20:48","guid":{"rendered":"https:\/\/ettelbruck.lu\/citoyen\/?page_id=13819"},"modified":"2025-09-12T08:54:12","modified_gmt":"2025-09-12T06:54:12","slug":"collecte-des-dechets-encombrants","status":"publish","type":"page","link":"https:\/\/ettelbruck.lu\/citoyen\/collecte-des-dechets-encombrants\/","title":{"rendered":"Collecte des d\u00e9chets encombrants"},"content":{"rendered":"<p>La Ville d\u2019Ettelbruck organise une collecte des d\u00e9chets encombrants. Au total, il y a 4 lev\u00e9es par ann\u00e9e (janvier, avril, juillet, octobre).<\/p>\n<p>&nbsp;<\/p>\n<p>Inscrivez-vous\u00a0: 81 91 81 \u2013 1<\/p>\n<p>Taxe par kilo : 0,555 \u20ac<\/p>\n<p>&nbsp;<\/p>\n<p>Les mat\u00e9riaux suivants ne sont pas accept\u00e9s\u00a0:<\/p>\n<p>&nbsp;<\/p>\n<ul>\n<li>Fer<\/li>\n<li>Appareils \u00e9lectriques<\/li>\n<li>D\u00e9chets verts<\/li>\n<li>Pneus<\/li>\n<li>Peintures<\/li>\n<\/ul>\n<p><\/p>","protected":false},"excerpt":{"rendered":"<p>La Ville d\u2019Ettelbruck organise une collecte des d\u00e9chets encombrants. Au total, il y a 4 lev\u00e9es par ann\u00e9e (janvier, avril, juillet, octobre). &nbsp; Inscrivez-vous\u00a0: 81 91 81 \u2013 1 Taxe par kilo : 0,555 \u20ac &nbsp; Les mat\u00e9riaux suivants ne sont pas accept\u00e9s\u00a0: &nbsp; Fer Appareils \u00e9lectriques D\u00e9chets verts Pneus Peintures<\/p>\n","protected":false},"author":5,"featured_media":0,"parent":0,"menu_order":17,"comment_status":"closed","ping_status":"closed","template":"","meta":{"_acf_changed":false,"inline_featured_image":false,"footnotes":""},"acf":[],"_links":{"self":[{"href":"https:\/\/ettelbruck.lu\/citoyen\/wp-json\/wp\/v2\/pages\/13819"}],"collection":[{"href":"https:\/\/ettelbruck.lu\/citoyen\/wp-json\/wp\/v2\/pages"}],"about":[{"href":"https:\/\/ettelbruck.lu\/citoyen\/wp-json\/wp\/v2\/types\/page"}],"author":[{"embeddable":true,"href":"https:\/\/ettelbruck.lu\/citoyen\/wp-json\/wp\/v2\/users\/5"}],"replies":[{"embeddable":true,"href":"https:\/\/ettelbruck.lu\/citoyen\/wp-json\/wp\/v2\/comments?post=13819"}],"version-history":[{"count":6,"href":"https:\/\/ettelbruck.lu\/citoyen\/wp-json\/wp\/v2\/pages\/13819\/revisions"}],"predecessor-version":[{"id":25434,"href":"https:\/\/ettelbruck.lu\/citoyen\/wp-json\/wp\/v2\/pages\/13819\/revisions\/25434"}],"wp:attachment":[{"href":"https:\/\/ettelbruck.lu\/citoyen\/wp-json\/wp\/v2\/media?parent=13819"}],"curies":[{"name":"wp","href":"https:\/\/api.w.org\/{rel}","templated":true}]}}