{"id":17002,"date":"2023-01-27T14:57:05","date_gmt":"2023-01-27T13:57:05","guid":{"rendered":"https:\/\/ettelbruck.lu\/citoyen\/?page_id=17002"},"modified":"2025-04-25T15:08:28","modified_gmt":"2025-04-25T13:08:28","slug":"place-marie-adelaide","status":"publish","type":"page","link":"https:\/\/ettelbruck.lu\/citoyen\/place-marie-adelaide\/","title":{"rendered":"Place Marie-Ad\u00e9la\u00efde"},"content":{"rendered":"<p>Le projet de la \u00ab Maartplaz \u00bb a \u00e9t\u00e9 \u00e9labor\u00e9 en \u00e9troite collaboration avec les citoyens d\u2019Ettelbruck. Lors de 4 workshops, organis\u00e9s en 2014, un \u00e9change d\u2019id\u00e9es entre le bureau d\u2019\u00e9tudes et les citoyens a eu lieu. Ensemble, les acteurs ont \u00e9labor\u00e9 un projet permettant d\u2019augmenter consid\u00e9rablement l\u2019attractivit\u00e9 de la place Marie-Ad\u00e9l\u00e4ide, gr\u00e2ce \u00e0 la r\u00e9duction du nombre d\u2019emplacements de stationnement.<\/p>\n<p>Selon la vision, les terrasses des restaurants et bistrots seront agrandis, une aire de jeux pour les enfants et un jeu d\u2019eau seront am\u00e9nag\u00e9s. Le projet sera arrondi par la possibilit\u00e9 d\u2019organiser des manifestations sur la place, ce qui permettra de profiter au maximum de l\u2019espace public.<\/p>\n<p><img decoding=\"async\" src=\"https:\/\/ettelbruck.lu\/citoyen\/wp-content\/uploads\/sites\/2\/2020\/08\/2017-04-25_Ame\u0301nagement_Place_Marie-Adelaide-1024x666-1.jpg\" alt=\"\" \/><\/p>\n<p>Le concept a \u00e9t\u00e9 approuv\u00e9 par le conseil communal en 2015 et il sera r\u00e9alis\u00e9 en diff\u00e9rentes phases.<\/p>\n<p>Lors de la pr\u00e9sentation au public le 25 avril 2017, l&rsquo;avant-projet a \u00e9t\u00e9 d\u00e9voil\u00e9 aux citoyens de la ville. Apr\u00e8s une \u00e9tude de faisabilit\u00e9, le projet final a \u00e9t\u00e9 pr\u00e9sent\u00e9 au conseil communal en juin 2021.<\/p>\n<p>Depuis, 2 phases du projet ont \u00e9t\u00e9 r\u00e9alis\u00e9es :<\/p>\n<ul>\n<li>l\u2019agrandissement des terrasses<\/li>\n<li>la construction de la nouvelle passerelle \u00ab\u00a0Pont Godchaux\u00a0\u00bb reliant la place Marie-Ad\u00e9la\u00efde au parking du Deich et \u00e0 la piste cyclable.<\/li>\n<\/ul>\n<p>La derni\u00e8re phase, qui consiste en l\u2019am\u00e9nagement de la liaison entre la passerelle et la Grand-Rue, a commenc\u00e9 le 25 septembre 2023.<\/p>\n<p>Les travaux d\u2019infrastructure, d\u2019am\u00e9nagement de l\u2019aire de jeux et les fondations pour le pavillon d\u00e9buteront par la suite.<\/p>\n<p>Budget pr\u00e9vu: 6.700.000 \u20ac<\/p>\n<p><video style=\"width: 100%; height: auto;\" controls=\"controls\" width=\"1920\" height=\"1080\"><span data-mce-type=\"bookmark\" style=\"display: inline-block; width: 0px; overflow: hidden; line-height: 0;\" class=\"mce_SELRES_start\">\ufeff<\/span><source src=\"https:\/\/ettelbruck.lu\/citoyen\/wp-content\/uploads\/sites\/2\/2022\/02\/1811-3D-03-LaGaufre-211203.mp4\" type=\"video\/mp4\" \/><\/video><\/p>","protected":false},"excerpt":{"rendered":"<p>Le projet de la \u00ab Maartplaz \u00bb a \u00e9t\u00e9 \u00e9labor\u00e9 en \u00e9troite collaboration avec les citoyens d\u2019Ettelbruck. Lors de 4 workshops, organis\u00e9s en 2014, un \u00e9change d\u2019id\u00e9es entre le bureau d\u2019\u00e9tudes et les citoyens a eu lieu. Ensemble, les acteurs ont \u00e9labor\u00e9 un projet permettant d\u2019augmenter consid\u00e9rablement l\u2019attractivit\u00e9 de la place Marie-Ad\u00e9l\u00e4ide, gr\u00e2ce \u00e0 la [&hellip;]<\/p>\n","protected":false},"author":5,"featured_media":0,"parent":0,"menu_order":12,"comment_status":"closed","ping_status":"closed","template":"","meta":{"_acf_changed":false,"inline_featured_image":false,"footnotes":""},"acf":[],"_links":{"self":[{"href":"https:\/\/ettelbruck.lu\/citoyen\/wp-json\/wp\/v2\/pages\/17002"}],"collection":[{"href":"https:\/\/ettelbruck.lu\/citoyen\/wp-json\/wp\/v2\/pages"}],"about":[{"href":"https:\/\/ettelbruck.lu\/citoyen\/wp-json\/wp\/v2\/types\/page"}],"author":[{"embeddable":true,"href":"https:\/\/ettelbruck.lu\/citoyen\/wp-json\/wp\/v2\/users\/5"}],"replies":[{"embeddable":true,"href":"https:\/\/ettelbruck.lu\/citoyen\/wp-json\/wp\/v2\/comments?post=17002"}],"version-history":[{"count":22,"href":"https:\/\/ettelbruck.lu\/citoyen\/wp-json\/wp\/v2\/pages\/17002\/revisions"}],"predecessor-version":[{"id":24334,"href":"https:\/\/ettelbruck.lu\/citoyen\/wp-json\/wp\/v2\/pages\/17002\/revisions\/24334"}],"wp:attachment":[{"href":"https:\/\/ettelbruck.lu\/citoyen\/wp-json\/wp\/v2\/media?parent=17002"}],"curies":[{"name":"wp","href":"https:\/\/api.w.org\/{rel}","templated":true}]}}