{"id":182,"date":"2020-02-05T14:07:48","date_gmt":"2020-02-05T13:07:48","guid":{"rendered":"https:\/\/ettelbruck.webdev.lu\/citoyen\/?page_id=182"},"modified":"2023-12-07T16:32:28","modified_gmt":"2023-12-07T15:32:28","slug":"vision-urbaine-2030","status":"publish","type":"page","link":"https:\/\/ettelbruck.lu\/citoyen\/ma-ville\/vision-urbaine-2030\/","title":{"rendered":"Vision Urbaine 2030"},"content":{"rendered":"<p>La Ville d\u2019Ettelbruck s\u2019est d\u00e9j\u00e0 \u00e9tablie en tant que ville commerciale, lieu de culture et partie int\u00e9grante de la Nordstad.<\/p>\n<p>Mais qu\u2018en est-il de l\u2019avenir de la ville? Quels sont les objectifs pour un futur viable? Quels sont les moyens \u00e0 mettre en \u0153uvre pour assurer l\u2019attractivit\u00e9 de la ville, \u00e0 la fois en tant que lieu de r\u00e9sidence, site de loisirs, centre scolaire et p\u00f4le \u00e9conomique et commercial?<\/p>\n<p>Le programme \u201cVision urbaine Ettelbruck 2030\u201d cherche \u00e0 r\u00e9pondre \u00e0 toutes ces questions. Nous ferons ressortir les perspectives de la ville et d\u00e9finirons ses objectifs. Nous souhaitons construire cette vision ensemble avec les r\u00e9sidents de la ville et avec le soutien de sp\u00e9cialistes externes.<\/p>\n<p>&nbsp;<\/p>\n<p><strong>D\u00e9couvrez la galerie de photos des projets r\u00e9alis\u00e9s dans le cadre de la \u00ab\u00a0Vision urbaine Ettelbruck 2030\u00a0\u00bb.<\/strong><\/p>","protected":false},"excerpt":{"rendered":"<p>La Ville d\u2019Ettelbruck s\u2019est d\u00e9j\u00e0 \u00e9tablie en tant que ville commerciale, lieu de culture et partie int\u00e9grante de la Nordstad. Mais qu\u2018en est-il de l\u2019avenir de la ville? Quels sont les objectifs pour un futur viable? Quels sont les moyens \u00e0 mettre en \u0153uvre pour assurer l\u2019attractivit\u00e9 de la ville, \u00e0 la fois en tant [&hellip;]<\/p>\n","protected":false},"author":1,"featured_media":585,"parent":26,"menu_order":3,"comment_status":"closed","ping_status":"closed","template":"","meta":{"_acf_changed":false,"inline_featured_image":false,"footnotes":""},"acf":[],"_links":{"self":[{"href":"https:\/\/ettelbruck.lu\/citoyen\/wp-json\/wp\/v2\/pages\/182"}],"collection":[{"href":"https:\/\/ettelbruck.lu\/citoyen\/wp-json\/wp\/v2\/pages"}],"about":[{"href":"https:\/\/ettelbruck.lu\/citoyen\/wp-json\/wp\/v2\/types\/page"}],"author":[{"embeddable":true,"href":"https:\/\/ettelbruck.lu\/citoyen\/wp-json\/wp\/v2\/users\/1"}],"replies":[{"embeddable":true,"href":"https:\/\/ettelbruck.lu\/citoyen\/wp-json\/wp\/v2\/comments?post=182"}],"version-history":[{"count":22,"href":"https:\/\/ettelbruck.lu\/citoyen\/wp-json\/wp\/v2\/pages\/182\/revisions"}],"predecessor-version":[{"id":20022,"href":"https:\/\/ettelbruck.lu\/citoyen\/wp-json\/wp\/v2\/pages\/182\/revisions\/20022"}],"up":[{"embeddable":true,"href":"https:\/\/ettelbruck.lu\/citoyen\/wp-json\/wp\/v2\/pages\/26"}],"wp:featuredmedia":[{"embeddable":true,"href":"https:\/\/ettelbruck.lu\/citoyen\/wp-json\/wp\/v2\/media\/585"}],"wp:attachment":[{"href":"https:\/\/ettelbruck.lu\/citoyen\/wp-json\/wp\/v2\/media?parent=182"}],"curies":[{"name":"wp","href":"https:\/\/api.w.org\/{rel}","templated":true}]}}