{"id":193,"date":"2020-02-05T14:15:43","date_gmt":"2020-02-05T13:15:43","guid":{"rendered":"https:\/\/ettelbruck.webdev.lu\/citoyen\/?page_id=193"},"modified":"2026-03-26T08:43:12","modified_gmt":"2026-03-26T07:43:12","slug":"certificats","status":"publish","type":"page","link":"https:\/\/ettelbruck.lu\/citoyen\/services-au-citoyen\/population\/certificats\/","title":{"rendered":"Certificats d\u00e9livr\u00e9s par le Bureau de la Population sur pr\u00e9sentation d&rsquo;une pi\u00e8ce d&rsquo;identit\u00e9"},"content":{"rendered":"","protected":false},"excerpt":{"rendered":"","protected":false},"author":1,"featured_media":0,"parent":18,"menu_order":3,"comment_status":"closed","ping_status":"closed","template":"","meta":{"_acf_changed":false,"inline_featured_image":false,"footnotes":""},"acf":[],"_links":{"self":[{"href":"https:\/\/ettelbruck.lu\/citoyen\/wp-json\/wp\/v2\/pages\/193"}],"collection":[{"href":"https:\/\/ettelbruck.lu\/citoyen\/wp-json\/wp\/v2\/pages"}],"about":[{"href":"https:\/\/ettelbruck.lu\/citoyen\/wp-json\/wp\/v2\/types\/page"}],"author":[{"embeddable":true,"href":"https:\/\/ettelbruck.lu\/citoyen\/wp-json\/wp\/v2\/users\/1"}],"replies":[{"embeddable":true,"href":"https:\/\/ettelbruck.lu\/citoyen\/wp-json\/wp\/v2\/comments?post=193"}],"version-history":[{"count":11,"href":"https:\/\/ettelbruck.lu\/citoyen\/wp-json\/wp\/v2\/pages\/193\/revisions"}],"predecessor-version":[{"id":27171,"href":"https:\/\/ettelbruck.lu\/citoyen\/wp-json\/wp\/v2\/pages\/193\/revisions\/27171"}],"up":[{"embeddable":true,"href":"https:\/\/ettelbruck.lu\/citoyen\/wp-json\/wp\/v2\/pages\/18"}],"wp:attachment":[{"href":"https:\/\/ettelbruck.lu\/citoyen\/wp-json\/wp\/v2\/media?parent=193"}],"curies":[{"name":"wp","href":"https:\/\/api.w.org\/{rel}","templated":true}]}}