{"id":207,"date":"2020-02-05T14:24:42","date_gmt":"2020-02-05T13:24:42","guid":{"rendered":"https:\/\/ettelbruck.webdev.lu\/citoyen\/?page_id=207"},"modified":"2026-02-13T15:54:07","modified_gmt":"2026-02-13T14:54:07","slug":"collecte-des-dechets","status":"publish","type":"page","link":"https:\/\/ettelbruck.lu\/citoyen\/services-au-citoyen\/dechets\/collecte-des-dechets\/","title":{"rendered":"Collecte des d\u00e9chets"},"content":{"rendered":"<p>Le meilleur d\u00e9chet reste toujours celui qui n\u2019est pas produit au d\u00e9part.\u00a0Nous invitons tous les citoyens \u00e0 trier les d\u00e9chets \u00e0 la maison. Pour r\u00e9aliser ceci,\u00a0<strong>plusieurs types de poubelles sont mis \u00e0 disposition<\/strong>\u00a0contre paiement d\u2019une taxe trimestrielle<\/p>\n<ul>\n<li>Poubelle grise\u00a0: d\u00e9chets m\u00e9nagers<\/li>\n<li>Poubelle bleue\u00a0: papiers\/cartons<\/li>\n<li>Sachets PMC (P=plastique, M=m\u00e9tal, C=cartons d\u2019emballages pour les boissons).<\/li>\n<\/ul>\n<p><strong><br \/>\nLes sachets (gratuits) sont \u00e0 enlever pr\u00e8s du service des agents municipaux et gardes champ\u00eatres \u00e0<\/strong><strong>\u00a0l\u2019H\u00f4tel de Ville.<\/strong><\/p>\n<p>Les poubelles peuvent \u00eatre command\u00e9es aupr\u00e8s du Service de Facturation.\u00a0<strong>Consultez le calendrier des d\u00e9chets\u00a0<\/strong>pour conna\u00eetre les diff\u00e9rentes lev\u00e9es (poubelles bleues, poubelles grises, etc.)<\/p>","protected":false},"excerpt":{"rendered":"<p>Le meilleur d\u00e9chet reste toujours celui qui n\u2019est pas produit au d\u00e9part.\u00a0Nous invitons tous les citoyens \u00e0 trier les d\u00e9chets \u00e0 la maison. Pour r\u00e9aliser ceci,\u00a0plusieurs types de poubelles sont mis \u00e0 disposition\u00a0contre paiement d\u2019une taxe trimestrielle Poubelle grise\u00a0: d\u00e9chets m\u00e9nagers Poubelle bleue\u00a0: papiers\/cartons Sachets PMC (P=plastique, M=m\u00e9tal, C=cartons d\u2019emballages pour les boissons). Les sachets [&hellip;]<\/p>\n","protected":false},"author":1,"featured_media":0,"parent":204,"menu_order":0,"comment_status":"closed","ping_status":"closed","template":"","meta":{"_acf_changed":false,"inline_featured_image":false,"footnotes":""},"acf":[],"_links":{"self":[{"href":"https:\/\/ettelbruck.lu\/citoyen\/wp-json\/wp\/v2\/pages\/207"}],"collection":[{"href":"https:\/\/ettelbruck.lu\/citoyen\/wp-json\/wp\/v2\/pages"}],"about":[{"href":"https:\/\/ettelbruck.lu\/citoyen\/wp-json\/wp\/v2\/types\/page"}],"author":[{"embeddable":true,"href":"https:\/\/ettelbruck.lu\/citoyen\/wp-json\/wp\/v2\/users\/1"}],"replies":[{"embeddable":true,"href":"https:\/\/ettelbruck.lu\/citoyen\/wp-json\/wp\/v2\/comments?post=207"}],"version-history":[{"count":22,"href":"https:\/\/ettelbruck.lu\/citoyen\/wp-json\/wp\/v2\/pages\/207\/revisions"}],"predecessor-version":[{"id":26954,"href":"https:\/\/ettelbruck.lu\/citoyen\/wp-json\/wp\/v2\/pages\/207\/revisions\/26954"}],"up":[{"embeddable":true,"href":"https:\/\/ettelbruck.lu\/citoyen\/wp-json\/wp\/v2\/pages\/204"}],"wp:attachment":[{"href":"https:\/\/ettelbruck.lu\/citoyen\/wp-json\/wp\/v2\/media?parent=207"}],"curies":[{"name":"wp","href":"https:\/\/api.w.org\/{rel}","templated":true}]}}