{"id":232,"date":"2020-02-05T14:36:27","date_gmt":"2020-02-05T13:36:27","guid":{"rendered":"https:\/\/ettelbruck.webdev.lu\/citoyen\/?page_id=232"},"modified":"2026-01-28T14:02:36","modified_gmt":"2026-01-28T13:02:36","slug":"politique","status":"publish","type":"page","link":"https:\/\/ettelbruck.lu\/citoyen\/ma-commune\/politique\/","title":{"rendered":"Politique"},"content":{"rendered":"<p><strong>Le bourgmestre<\/strong>\u00a0pr\u00e9side le Conseil communal ainsi que le Coll\u00e8ge des bourgmestre et \u00e9chevins.<\/p>\n<p><b>Le<\/b>\u00a0<strong>Coll\u00e8ge des bourgmestre et \u00e9chevins<\/strong>\u00a0se compose du bourgmestre ainsi que de deux \u00e9chevins qui sont les repr\u00e9sentants du\u00a0Gouvernement dans la commune.<\/p>\n<p><strong>Le Conseil communal\u00a0<\/strong>se compose de 13 repr\u00e9sentants directement \u00e9lus par la population de la commune et repr\u00e9sente le pouvoir l\u00e9gislatif au niveau communal.<\/p>\n<p>La cr\u00e9ation des\u00a0<b>commissions consultatives<\/b>\u00a0permet une plus grande participation des citoyens \u00e0 l\u2019\u00e9laboration des projets ainsi qu\u2019\u00e0 la r\u00e9solution de probl\u00e8mes touchant la commune. Ces commissions ont un caract\u00e8re consultatif, donc\u00a0elles \u00e9mettent uniquement des avis<\/p>","protected":false},"excerpt":{"rendered":"<p>Le bourgmestre\u00a0pr\u00e9side le Conseil communal ainsi que le Coll\u00e8ge des bourgmestre et \u00e9chevins. Le\u00a0Coll\u00e8ge des bourgmestre et \u00e9chevins\u00a0se compose du bourgmestre ainsi que de deux \u00e9chevins qui sont les repr\u00e9sentants du\u00a0Gouvernement dans la commune. Le Conseil communal\u00a0se compose de 13 repr\u00e9sentants directement \u00e9lus par la population de la commune et repr\u00e9sente le pouvoir l\u00e9gislatif au [&hellip;]<\/p>\n","protected":false},"author":1,"featured_media":0,"parent":228,"menu_order":1,"comment_status":"closed","ping_status":"closed","template":"","meta":{"_acf_changed":false,"inline_featured_image":false,"footnotes":""},"acf":[],"_links":{"self":[{"href":"https:\/\/ettelbruck.lu\/citoyen\/wp-json\/wp\/v2\/pages\/232"}],"collection":[{"href":"https:\/\/ettelbruck.lu\/citoyen\/wp-json\/wp\/v2\/pages"}],"about":[{"href":"https:\/\/ettelbruck.lu\/citoyen\/wp-json\/wp\/v2\/types\/page"}],"author":[{"embeddable":true,"href":"https:\/\/ettelbruck.lu\/citoyen\/wp-json\/wp\/v2\/users\/1"}],"replies":[{"embeddable":true,"href":"https:\/\/ettelbruck.lu\/citoyen\/wp-json\/wp\/v2\/comments?post=232"}],"version-history":[{"count":14,"href":"https:\/\/ettelbruck.lu\/citoyen\/wp-json\/wp\/v2\/pages\/232\/revisions"}],"predecessor-version":[{"id":26833,"href":"https:\/\/ettelbruck.lu\/citoyen\/wp-json\/wp\/v2\/pages\/232\/revisions\/26833"}],"up":[{"embeddable":true,"href":"https:\/\/ettelbruck.lu\/citoyen\/wp-json\/wp\/v2\/pages\/228"}],"wp:attachment":[{"href":"https:\/\/ettelbruck.lu\/citoyen\/wp-json\/wp\/v2\/media?parent=232"}],"curies":[{"name":"wp","href":"https:\/\/api.w.org\/{rel}","templated":true}]}}