{"id":239,"date":"2020-02-05T14:37:40","date_gmt":"2020-02-05T13:37:40","guid":{"rendered":"https:\/\/ettelbruck.webdev.lu\/citoyen\/?page_id=239"},"modified":"2026-04-22T08:39:21","modified_gmt":"2026-04-22T06:39:21","slug":"reglements-communaux","status":"publish","type":"page","link":"https:\/\/ettelbruck.lu\/citoyen\/ma-commune\/reglements-communaux\/","title":{"rendered":"R\u00e8glements communaux"},"content":{"rendered":"<p>Le fonctionnement d\u2019une commune est soumis \u00e0 un certain nombre de r\u00e8gles d\u00e9finies dans la loi communale et les r\u00e8glements communaux. Consultez les r\u00e8glements communaux de la Ville d\u2019Ettelbruck\u00a0!<\/p>\n<p>Le r\u00e8glement de taxe coordonn\u00e9 est r\u00e9guli\u00e8rement mis \u00e0 jour.<\/p>\n<p><a href=\"https:\/\/ettelbruck.sigidrive.lu\/index.php\/s\/jB2qXz3Px2Wf5E4\">Consultez le PAG et PAP ainsi que le r\u00e8glement des b\u00e2tisses en vigueur.<\/a><\/p>","protected":false},"excerpt":{"rendered":"<p>Le fonctionnement d\u2019une commune est soumis \u00e0 un certain nombre de r\u00e8gles d\u00e9finies dans la loi communale et les r\u00e8glements communaux. Consultez les r\u00e8glements communaux de la Ville d\u2019Ettelbruck\u00a0! Le r\u00e8glement de taxe coordonn\u00e9 est r\u00e9guli\u00e8rement mis \u00e0 jour. Consultez le PAG et PAP ainsi que le r\u00e8glement des b\u00e2tisses en vigueur.<\/p>\n","protected":false},"author":1,"featured_media":0,"parent":228,"menu_order":7,"comment_status":"closed","ping_status":"closed","template":"","meta":{"_acf_changed":false,"inline_featured_image":false,"footnotes":""},"acf":[],"_links":{"self":[{"href":"https:\/\/ettelbruck.lu\/citoyen\/wp-json\/wp\/v2\/pages\/239"}],"collection":[{"href":"https:\/\/ettelbruck.lu\/citoyen\/wp-json\/wp\/v2\/pages"}],"about":[{"href":"https:\/\/ettelbruck.lu\/citoyen\/wp-json\/wp\/v2\/types\/page"}],"author":[{"embeddable":true,"href":"https:\/\/ettelbruck.lu\/citoyen\/wp-json\/wp\/v2\/users\/1"}],"replies":[{"embeddable":true,"href":"https:\/\/ettelbruck.lu\/citoyen\/wp-json\/wp\/v2\/comments?post=239"}],"version-history":[{"count":136,"href":"https:\/\/ettelbruck.lu\/citoyen\/wp-json\/wp\/v2\/pages\/239\/revisions"}],"predecessor-version":[{"id":27387,"href":"https:\/\/ettelbruck.lu\/citoyen\/wp-json\/wp\/v2\/pages\/239\/revisions\/27387"}],"up":[{"embeddable":true,"href":"https:\/\/ettelbruck.lu\/citoyen\/wp-json\/wp\/v2\/pages\/228"}],"wp:attachment":[{"href":"https:\/\/ettelbruck.lu\/citoyen\/wp-json\/wp\/v2\/media?parent=239"}],"curies":[{"name":"wp","href":"https:\/\/api.w.org\/{rel}","templated":true}]}}