{"id":24513,"date":"2025-05-27T14:48:22","date_gmt":"2025-05-27T12:48:22","guid":{"rendered":"https:\/\/ettelbruck.lu\/citoyen\/?page_id=24513"},"modified":"2025-05-27T14:50:18","modified_gmt":"2025-05-27T12:50:18","slug":"seance-du-22-mai-2025","status":"publish","type":"page","link":"https:\/\/ettelbruck.lu\/citoyen\/ma-commune\/politique\/enregistrement-des-seances-du-conseil-communal\/seance-du-22-mai-2025\/","title":{"rendered":"S\u00e9ance du 22 mai 2025"},"content":{"rendered":"<p><strong><u>S\u00e9ance publique<\/u><\/strong><\/p>\n<p><strong>1. Enseignement fondamental <\/strong><\/p>\n<p>&#8211; Projet d\u2019organisation scolaire pour l\u2019ann\u00e9e scolaire 2025\/2026<\/p>\n<p>&nbsp;<\/p>\n<p><strong><u>S\u00e9ance \u00e0 huis-clos<\/u><\/strong><\/p>\n<p><strong>2. Affaires de personnel<\/strong><\/p>\n<p>&#8211; Enseignement fondamental &#8211; propositions de r\u00e9affectation de personnel enseignant (1<sup>e<\/sup> liste)<\/p>\n<p>&#8211; Affaires de personnel de l\u2019administration communale<\/p>\n<p>&nbsp;<\/p>\n<p><strong><u>S\u00e9ance publique<\/u><\/strong><\/p>\n<p><strong>3. Approbation et signature du registre aux d\u00e9lib\u00e9rations de la derni\u00e8re s\u00e9ance du 28 avril 2025 <\/strong><\/p>\n<p>&nbsp;<\/p>\n<p><strong>4. Actes, compromis, contrats, conventions et statuts<\/strong><\/p>\n<p>&#8211; Approbation de la convention Club Senior Nordstad Aktiv+ 2025<br \/>\n&#8211; Approbation de la convention \u00ab Master Service agreement \u00bb avec LuxConnect S.A.<br \/>\n&#8211; Approbation d\u2019un contrat de location d\u2019un espace de stockage avec SJL Ettelbruck s\u00e0rl<\/p>\n<p>&nbsp;<\/p>\n<p><strong>5. Devis, modifications budg\u00e9taires, affaires financi\u00e8res et d\u00e9comptes<\/strong><\/p>\n<p>&#8211; D\u00e9compte : \u00a0F\u00eate de la Lib\u00e9ration<\/p>\n<p>&nbsp;<\/p>\n<p><strong>6. Modifications au r\u00e8glement de circulation communal<\/strong><\/p>\n<p>&#8211; Modification du r\u00e8glement de circulation (rue de Feulen)<\/p>\n<p>&#8211; Modification du r\u00e8glement de circulation (parking Deich 2)<\/p>\n<p>&nbsp;<\/p>\n<p><strong>7. R\u00e8glements communaux<\/strong><\/p>\n<p>&#8211; Fixation de taxes pour frais de participation \u00e0 certaines activit\u00e9s organis\u00e9es par la Ville d\u2019Ettelbruck<\/p>\n<p>&nbsp;<\/p>\n<p><strong>8. Office social Nordstad <\/strong><\/p>\n<p>&#8211; OSNOS &#8211; approbation de la convention 2025 avec le minist\u00e8re du logement relative \u00e0 la gestion locative<\/p>\n<p>&nbsp;<\/p>\n<p><strong>9. Affaires de personnel<\/strong><\/p>\n<p>&#8211; Augmentation du contingent de 3,4 \u00e0 3,6 ETP pour les postes d\u2019accompagnateur bus.<\/p>\n<p>&nbsp;<\/p>\n<p><strong>10. Divers<\/strong><\/p>\n<p>&#8211; Rapports des d\u00e9l\u00e9gu\u00e9s du conseil communal dans les syndicats intercommunaux<\/p>","protected":false},"excerpt":{"rendered":"<p>S\u00e9ance publique 1. Enseignement fondamental &#8211; Projet d\u2019organisation scolaire pour l\u2019ann\u00e9e scolaire 2025\/2026 &nbsp; S\u00e9ance \u00e0 huis-clos 2. Affaires de personnel &#8211; Enseignement fondamental &#8211; propositions de r\u00e9affectation de personnel enseignant (1e liste) &#8211; Affaires de personnel de l\u2019administration communale &nbsp; S\u00e9ance publique 3. Approbation et signature du registre aux d\u00e9lib\u00e9rations de la derni\u00e8re s\u00e9ance [&hellip;]<\/p>\n","protected":false},"author":5,"featured_media":0,"parent":9891,"menu_order":6,"comment_status":"closed","ping_status":"closed","template":"","meta":{"_acf_changed":false,"inline_featured_image":false,"footnotes":""},"acf":[],"_links":{"self":[{"href":"https:\/\/ettelbruck.lu\/citoyen\/wp-json\/wp\/v2\/pages\/24513"}],"collection":[{"href":"https:\/\/ettelbruck.lu\/citoyen\/wp-json\/wp\/v2\/pages"}],"about":[{"href":"https:\/\/ettelbruck.lu\/citoyen\/wp-json\/wp\/v2\/types\/page"}],"author":[{"embeddable":true,"href":"https:\/\/ettelbruck.lu\/citoyen\/wp-json\/wp\/v2\/users\/5"}],"replies":[{"embeddable":true,"href":"https:\/\/ettelbruck.lu\/citoyen\/wp-json\/wp\/v2\/comments?post=24513"}],"version-history":[{"count":2,"href":"https:\/\/ettelbruck.lu\/citoyen\/wp-json\/wp\/v2\/pages\/24513\/revisions"}],"predecessor-version":[{"id":24517,"href":"https:\/\/ettelbruck.lu\/citoyen\/wp-json\/wp\/v2\/pages\/24513\/revisions\/24517"}],"up":[{"embeddable":true,"href":"https:\/\/ettelbruck.lu\/citoyen\/wp-json\/wp\/v2\/pages\/9891"}],"wp:attachment":[{"href":"https:\/\/ettelbruck.lu\/citoyen\/wp-json\/wp\/v2\/media?parent=24513"}],"curies":[{"name":"wp","href":"https:\/\/api.w.org\/{rel}","templated":true}]}}