{"id":26632,"date":"2026-01-13T14:40:14","date_gmt":"2026-01-13T13:40:14","guid":{"rendered":"https:\/\/ettelbruck.lu\/citoyen\/?page_id=26632"},"modified":"2026-02-13T12:12:55","modified_gmt":"2026-02-13T11:12:55","slug":"staark-fraen-am-sport","status":"publish","type":"page","link":"https:\/\/ettelbruck.lu\/citoyen\/staark-fraen-am-sport\/","title":{"rendered":"Staark Fraen am Sport"},"content":{"rendered":"<p>Dans le cadre de la Journ\u00e9e internationale du sport f\u00e9minin, la Commission de la jeunesse et des sports et la Commission des relations humaines et de l\u2019\u00e9galit\u00e9 des chances se sont r\u00e9unies pour concevoir la campagne \u00ab\u00a0Staark Fraen am Sport\u00a0\u00bb.<\/p>","protected":false},"excerpt":{"rendered":"<p>Dans le cadre de la Journ\u00e9e internationale du sport f\u00e9minin, la Commission de la jeunesse et des sports et la Commission des relations humaines et de l\u2019\u00e9galit\u00e9 des chances se sont r\u00e9unies pour concevoir la campagne \u00ab\u00a0Staark Fraen am Sport\u00a0\u00bb.<\/p>\n","protected":false},"author":16,"featured_media":0,"parent":0,"menu_order":0,"comment_status":"closed","ping_status":"closed","template":"","meta":{"_acf_changed":false,"inline_featured_image":false,"footnotes":""},"acf":[],"_links":{"self":[{"href":"https:\/\/ettelbruck.lu\/citoyen\/wp-json\/wp\/v2\/pages\/26632"}],"collection":[{"href":"https:\/\/ettelbruck.lu\/citoyen\/wp-json\/wp\/v2\/pages"}],"about":[{"href":"https:\/\/ettelbruck.lu\/citoyen\/wp-json\/wp\/v2\/types\/page"}],"author":[{"embeddable":true,"href":"https:\/\/ettelbruck.lu\/citoyen\/wp-json\/wp\/v2\/users\/16"}],"replies":[{"embeddable":true,"href":"https:\/\/ettelbruck.lu\/citoyen\/wp-json\/wp\/v2\/comments?post=26632"}],"version-history":[{"count":22,"href":"https:\/\/ettelbruck.lu\/citoyen\/wp-json\/wp\/v2\/pages\/26632\/revisions"}],"predecessor-version":[{"id":26945,"href":"https:\/\/ettelbruck.lu\/citoyen\/wp-json\/wp\/v2\/pages\/26632\/revisions\/26945"}],"wp:attachment":[{"href":"https:\/\/ettelbruck.lu\/citoyen\/wp-json\/wp\/v2\/media?parent=26632"}],"curies":[{"name":"wp","href":"https:\/\/api.w.org\/{rel}","templated":true}]}}