{"id":1396,"date":"2020-05-13T12:05:48","date_gmt":"2020-05-13T10:05:48","guid":{"rendered":"https:\/\/ettelbruck.webdev.lu\/visiteur\/?page_id=1396"},"modified":"2025-01-29T12:31:13","modified_gmt":"2025-01-29T11:31:13","slug":"decouvrez-ettelbruck-a-pied","status":"publish","type":"page","link":"https:\/\/ettelbruck.lu\/visiteur\/de\/decouvrir\/decouvrez-ettelbruck-a-pied\/","title":{"rendered":"Ettelbr\u00fcck zu Fu\u00df erkunden"},"content":{"rendered":"<p>Ettelbr\u00fcck l\u00e4sst sich auch zu Fu\u00df kennenlernen. Eine gem\u00fctliche, 2,2 km lange Fu\u00dfwanderung f\u00fchrt die Besucher durch die Altstadt und die Fu\u00dfg\u00e4ngerzone, wo sie auf Schritt und Tritt der Geschichte der Stadt begegnen. Dank der blauen Hinweisschilder mit der humoristischen Gestalt von Attila, dem Hunnenk\u00f6nig, l\u00e4sst sich der Weg leicht finden. Ein Rundgang, der f\u00fcr alle geeignet ist, da alle seine Etappen mit Kinderwagen oder Rollstuhl zur\u00fcckgelegt werden k\u00f6nnen.<\/p>\n<p><img loading=\"lazy\" decoding=\"async\" class=\"alignnone wp-image-1397 size-full\" src=\"https:\/\/ettelbruck.lu\/visiteur\/wp-content\/uploads\/sites\/3\/2020\/05\/Sentier-urbain-touristique-Ettelbruck.jpg\" alt=\"\" width=\"524\" height=\"349\" srcset=\"https:\/\/ettelbruck.lu\/visiteur\/wp-content\/uploads\/sites\/3\/2020\/05\/Sentier-urbain-touristique-Ettelbruck.jpg 524w, https:\/\/ettelbruck.lu\/visiteur\/wp-content\/uploads\/sites\/3\/2020\/05\/Sentier-urbain-touristique-Ettelbruck-300x200.jpg 300w\" sizes=\"(max-width: 524px) 100vw, 524px\" \/><\/p>","protected":false},"excerpt":{"rendered":"<p>Ettelbr\u00fcck l\u00e4sst sich auch zu Fu\u00df kennenlernen. Eine gem\u00fctliche, 2,2 km lange Fu\u00dfwanderung f\u00fchrt die Besucher durch die Altstadt und die Fu\u00dfg\u00e4ngerzone, wo sie auf Schritt und Tritt der Geschichte der Stadt begegnen. Dank der blauen Hinweisschilder mit der humoristischen Gestalt von Attila, dem Hunnenk\u00f6nig, l\u00e4sst sich der Weg leicht finden. Ein Rundgang, der f\u00fcr [&hellip;]<\/p>\n","protected":false},"author":4,"featured_media":0,"parent":26,"menu_order":4,"comment_status":"closed","ping_status":"closed","template":"","meta":{"_acf_changed":false,"inline_featured_image":false,"footnotes":""},"acf":[],"_links":{"self":[{"href":"https:\/\/ettelbruck.lu\/visiteur\/de\/wp-json\/wp\/v2\/pages\/1396"}],"collection":[{"href":"https:\/\/ettelbruck.lu\/visiteur\/de\/wp-json\/wp\/v2\/pages"}],"about":[{"href":"https:\/\/ettelbruck.lu\/visiteur\/de\/wp-json\/wp\/v2\/types\/page"}],"author":[{"embeddable":true,"href":"https:\/\/ettelbruck.lu\/visiteur\/de\/wp-json\/wp\/v2\/users\/4"}],"replies":[{"embeddable":true,"href":"https:\/\/ettelbruck.lu\/visiteur\/de\/wp-json\/wp\/v2\/comments?post=1396"}],"version-history":[{"count":9,"href":"https:\/\/ettelbruck.lu\/visiteur\/de\/wp-json\/wp\/v2\/pages\/1396\/revisions"}],"predecessor-version":[{"id":6105,"href":"https:\/\/ettelbruck.lu\/visiteur\/de\/wp-json\/wp\/v2\/pages\/1396\/revisions\/6105"}],"up":[{"embeddable":true,"href":"https:\/\/ettelbruck.lu\/visiteur\/de\/wp-json\/wp\/v2\/pages\/26"}],"wp:attachment":[{"href":"https:\/\/ettelbruck.lu\/visiteur\/de\/wp-json\/wp\/v2\/media?parent=1396"}],"curies":[{"name":"wp","href":"https:\/\/api.w.org\/{rel}","templated":true}]}}