{"id":1403,"date":"2020-05-13T15:30:12","date_gmt":"2020-05-13T13:30:12","guid":{"rendered":"https:\/\/ettelbruck.webdev.lu\/visiteur\/?page_id=1403"},"modified":"2025-02-28T10:12:08","modified_gmt":"2025-02-28T09:12:08","slug":"marche-hebdomadaire","status":"publish","type":"page","link":"https:\/\/ettelbruck.lu\/visiteur\/de\/visiter\/shopping\/marche-hebdomadaire\/","title":{"rendered":"Wochenmarkt"},"content":{"rendered":"<p>Jeden Freitag von 8.00 bis 12.00 Uhr erwarten Sie die Marktleute auf dem Frischwarenmarkt in der Fu\u00dfg\u00e4ngerzone von Ettelbr\u00fcck.<\/p>\n<p>Der Wochenmarkt ist der beste Ort, um frische Produkte zu finden und die Erzeuger oder Handwerker pers\u00f6nlich kennenzulernen.<\/p>\n<p>Mit seinen f\u00fcnfzehn St\u00e4nden bleibt der <strong>Wochenmarkt<\/strong> von Ettelbr\u00fcck \u00fcberschaubar und bietet Ihnen gleichzeitig eine gro\u00dfe Produktvielfalt: Obst und Gem\u00fcse, Fleisch, K\u00e4se und Spezialit\u00e4ten. Lernen Sie hier die <strong>Erzeugnisse aus der Region<\/strong> kennen!<\/p>\n<p>Hier finden Sie die Termine der <a href=\"https:\/\/ettelbruck.lu\/visiteur\/events\/marche-hebdomadaire-3\/\" target=\"_blank\" rel=\"noopener noreferrer\">n\u00e4chsten M\u00e4rkte<\/a><\/p>\n<p>&nbsp;<\/p>\n<p>&nbsp;<\/p>","protected":false},"excerpt":{"rendered":"<p>Jeden Freitag von 8.00 bis 12.00 Uhr erwarten Sie die Marktleute auf dem Frischwarenmarkt in der Fu\u00dfg\u00e4ngerzone von Ettelbr\u00fcck. Der Wochenmarkt ist der beste Ort, um frische Produkte zu finden und die Erzeuger oder Handwerker pers\u00f6nlich kennenzulernen. Mit seinen f\u00fcnfzehn St\u00e4nden bleibt der Wochenmarkt von Ettelbr\u00fcck \u00fcberschaubar und bietet Ihnen gleichzeitig eine gro\u00dfe Produktvielfalt: Obst [&hellip;]<\/p>\n","protected":false},"author":4,"featured_media":0,"parent":44,"menu_order":3,"comment_status":"closed","ping_status":"closed","template":"","meta":{"_acf_changed":false,"inline_featured_image":false,"footnotes":""},"acf":[],"_links":{"self":[{"href":"https:\/\/ettelbruck.lu\/visiteur\/de\/wp-json\/wp\/v2\/pages\/1403"}],"collection":[{"href":"https:\/\/ettelbruck.lu\/visiteur\/de\/wp-json\/wp\/v2\/pages"}],"about":[{"href":"https:\/\/ettelbruck.lu\/visiteur\/de\/wp-json\/wp\/v2\/types\/page"}],"author":[{"embeddable":true,"href":"https:\/\/ettelbruck.lu\/visiteur\/de\/wp-json\/wp\/v2\/users\/4"}],"replies":[{"embeddable":true,"href":"https:\/\/ettelbruck.lu\/visiteur\/de\/wp-json\/wp\/v2\/comments?post=1403"}],"version-history":[{"count":26,"href":"https:\/\/ettelbruck.lu\/visiteur\/de\/wp-json\/wp\/v2\/pages\/1403\/revisions"}],"predecessor-version":[{"id":6134,"href":"https:\/\/ettelbruck.lu\/visiteur\/de\/wp-json\/wp\/v2\/pages\/1403\/revisions\/6134"}],"up":[{"embeddable":true,"href":"https:\/\/ettelbruck.lu\/visiteur\/de\/wp-json\/wp\/v2\/pages\/44"}],"wp:attachment":[{"href":"https:\/\/ettelbruck.lu\/visiteur\/de\/wp-json\/wp\/v2\/media?parent=1403"}],"curies":[{"name":"wp","href":"https:\/\/api.w.org\/{rel}","templated":true}]}}