{"id":1912,"date":"2020-11-16T15:52:41","date_gmt":"2020-11-16T14:52:41","guid":{"rendered":"https:\/\/ettelbruck.webdev.lu\/visiteur\/?page_id=1912"},"modified":"2021-12-27T16:55:58","modified_gmt":"2021-12-27T15:55:58","slug":"declaration-daccessibilite","status":"publish","type":"page","link":"https:\/\/ettelbruck.lu\/visiteur\/de\/declaration-daccessibilite\/","title":{"rendered":"Erkl\u00e4rung zur Barrierefreiheit"},"content":{"rendered":"<p>Die Einrichtung Administration Communale de la Ville d&#8217;Ettelbr\u00fcck verpflichtet sich, ihre Website gem\u00e4\u00df dem <a href=\"http:\/\/legilux.public.lu\/eli\/etat\/leg\/loi\/2019\/05\/28\/a373\/jo\">Gesetz vom 28. Mai 2019<\/a> \u00fcber die Barrierefreiheit von Internetseiten und mobilen Apps der Einrichtungen \u00f6ffentlichen Rechts zug\u00e4nglich zu machen.<br \/>\nVorliegende Erkl\u00e4rung zur Barrierefreiheit gilt f\u00fcr:<br \/>\n<a href=\"www.ettelbruck.lu\">www.ettelbruck.lu<\/a><\/p>\n<h2>Was bedeutet digitale Barrierefreiheit?<\/h2>\n<p>Jeder, der dies w\u00fcnscht, muss eine Website oder eine App nutzen und die auf ihnen enthaltenen Informationen problemlos aufrufen k\u00f6nnen, insbesondere Menschen mit einer Behinderung und\/oder diejenigen, die eine Hilfssoftware oder spezielles Material verwenden (blinde, schlecht sehende oder durch eine andere Pathologie beeintr\u00e4chtigte Menschen).<\/p>\n<h2>Konformit\u00e4ts-Status<\/h2>\n<p>Vorliegende Website <strong>stimmt teilweise \u00fcberein<\/strong> mit der EU-Norm <a href=\"https:\/\/www.etsi.org\/deliver\/etsi_en\/301500_301599\/301549\/02.01.02_60\/en_301549v020102p.pdf\">EN 301 549<\/a> sowie dem luxemburgischen Referenzrahmen <a href=\"https:\/\/accessibilite.public.lu\/fr\/rgaa4\/\">r\u00e9f\u00e9rentiel g\u00e9n\u00e9ral d\u2019am\u00e9lioration de l\u2019accessibilit\u00e9 (RGAA) v4<\/a> aufgrund der nachfolgend aufgef\u00fchrten Elemente.<\/p>\n<h2>Nicht barrierefreier Inhalt<\/h2>\n<p>Der nachfolgend aufgef\u00fchrte Inhalt ist aus folgenden Gr\u00fcnden nicht barrierefrei:<\/p>\n<h3>Nicht \u00fcbereinstimmend mit <a href=\"https:\/\/accessibilite.public.lu\/fr\/rgaa4\/\">RGAA 4<\/a><\/h3>\n<ul>\n<li>Die Seitentitel \u00fcberlagern aus grafischen Gr\u00fcnden teilweise das Bild an der Kopfseite.<\/li>\n<li>Ungen\u00fcgender Kontrast wei\u00dfer Texte auf blauem Hintergrund (= unver\u00e4nderliche Corporate-Farbe).<\/li>\n<li>Kein \u201eFokus\u201c-Element auf den Formularfeldern, aus grafischen Gr\u00fcnden.<\/li>\n<li>Terminkalender: \u00dcberlagerung von Datum und Bild, um Platz auf der Seite zu gewinnen und den optischen Eindruck zu verbessern.<\/li>\n<\/ul>\n<h3>Unverh\u00e4ltnism\u00e4\u00dfiger Aufwand<\/h3>\n<p>Auf den meisten Fotos, Illustrationen und Videos fehlen Textattribute.<\/p>\n<h2>Erstellung vorliegender Erkl\u00e4rung zur Barrierefreiheit<\/h2>\n<p>Vorliegende Erkl\u00e4rung wurde am 16. November 2020 erstellt.<br \/>\nDie in dieser Erkl\u00e4rung aufgef\u00fchrten Vermerke sind richtig und wurden auf Grundlage einer Konformit\u00e4ts-Bewertung vorliegender Website gem\u00e4\u00df der im <a href=\"https:\/\/accessibilite.public.lu\/fr\/rgaa4\/\">RGAA 4<\/a>, enthaltenen Anforderungen hinsichtlich der Bewertung eines Dritten erstellt von: Comed S.A.<\/p>\n<p>Die letzte Neubewertung der Erkl\u00e4rung erfolgte am 16. 11. 2020.<\/p>\n<h2>Informations-Weitergabe und Kontaktdaten<\/h2>\n<p>Wenn Sie hinsichtlich der Barrierefreiheit einen Fehler bemerken, schicken Sie uns bitte eine E-Mail an <a href=\"mailto:nathalie.ney@ettelbruck.lu\">nathalie.ney@ettelbruck.lu<\/a> : Beschreiben Sie uns Ihr Problem und nennen Sie die betreffende Seite. Wir verpflichten uns, Ihnen sp\u00e4testens innerhalb eines Monats per E-Mail zu antworten. Um dem Problem dauerhaft und innerhalb eines zumutbaren Rahmens abzuhelfen, wird eine Online-Korrektur des Fehlers hinsichtlich der Barrierefreiheit bevorzugt. Falls dies nicht m\u00f6glich ist, wird Ihnen die gew\u00fcnschte Information nach Ihren W\u00fcnschen in einem barrierefreien Format zugestellt:<\/p>\n<ul>\n<li>schriftlich in einem Dokument oder einer E-Mail;<\/li>\n<li>m\u00fcndlich w\u00e4hrend eines Gespr\u00e4chs oder Telefonats.<\/li>\n<\/ul>\n<h2>Verfahren zur Sicherstellung der Einhaltung der Bestimmungen<\/h2>\n<p>Im Fall einer nicht zufriedenstellenden Antwort haben Sie die M\u00f6glichkeit, hier\u00fcber das <a href=\"https:\/\/sip.gouvernement.lu\"> Informations- und Presseamt<\/a>, der luxemburgischen Regierung, das f\u00fcr die Kontrolle der Barrierefreiheit zust\u00e4ndig ist, zu informieren, und zwar mithilfe diese <a href=\"https:\/\/sip.gouvernement.lu\/fr\/support\/reclamation-accessibilite.html\">Online-Formulars f\u00fcr Reklamationen<\/a>, oder den <a href=\"http:\/\/www.ombudsman.lu\/\">Ombudsmann<\/a>, die offizielle Schlichtungsstelle des Gro\u00dfherzogtums Luxemburg.<\/p>\n<hr \/>\n<p><small>iese Erkl\u00e4rung wurde auf Grundlage des Dokument-Modells erstellt, das im <a href=\"https:\/\/eur-lex.europa.eu\/legal-content\/FR\/TXT\/?uri=CELEX%3A32018D1523\">Durchf\u00fchrungsbeschluss (EU) 2018\/1523<\/a>. Definiert wurde. Dieses Modell ist \u00a9 Europ\u00e4ische Union, 1998-2020, und unter Lizenz von <a href=\"https:\/\/creativecommons.org\/licenses\/by\/4.0\/\">Creative Commons Attribution 4.0 International licence<\/a>.<\/small><\/p>","protected":false},"excerpt":{"rendered":"<p>Die Einrichtung Administration Communale de la Ville d&#8217;Ettelbr\u00fcck verpflichtet sich, ihre Website gem\u00e4\u00df dem Gesetz vom 28. Mai 2019 \u00fcber die Barrierefreiheit von Internetseiten und mobilen Apps der Einrichtungen \u00f6ffentlichen Rechts zug\u00e4nglich zu machen. Vorliegende Erkl\u00e4rung zur Barrierefreiheit gilt f\u00fcr: www.ettelbruck.lu Was bedeutet digitale Barrierefreiheit? Jeder, der dies w\u00fcnscht, muss eine Website oder eine App [&hellip;]<\/p>\n","protected":false},"author":4,"featured_media":0,"parent":0,"menu_order":2,"comment_status":"closed","ping_status":"closed","template":"","meta":{"_acf_changed":false,"inline_featured_image":false,"footnotes":""},"acf":[],"_links":{"self":[{"href":"https:\/\/ettelbruck.lu\/visiteur\/de\/wp-json\/wp\/v2\/pages\/1912"}],"collection":[{"href":"https:\/\/ettelbruck.lu\/visiteur\/de\/wp-json\/wp\/v2\/pages"}],"about":[{"href":"https:\/\/ettelbruck.lu\/visiteur\/de\/wp-json\/wp\/v2\/types\/page"}],"author":[{"embeddable":true,"href":"https:\/\/ettelbruck.lu\/visiteur\/de\/wp-json\/wp\/v2\/users\/4"}],"replies":[{"embeddable":true,"href":"https:\/\/ettelbruck.lu\/visiteur\/de\/wp-json\/wp\/v2\/comments?post=1912"}],"version-history":[{"count":6,"href":"https:\/\/ettelbruck.lu\/visiteur\/de\/wp-json\/wp\/v2\/pages\/1912\/revisions"}],"predecessor-version":[{"id":2511,"href":"https:\/\/ettelbruck.lu\/visiteur\/de\/wp-json\/wp\/v2\/pages\/1912\/revisions\/2511"}],"wp:attachment":[{"href":"https:\/\/ettelbruck.lu\/visiteur\/de\/wp-json\/wp\/v2\/media?parent=1912"}],"curies":[{"name":"wp","href":"https:\/\/api.w.org\/{rel}","templated":true}]}}