{"id":40,"date":"2020-03-13T14:43:34","date_gmt":"2020-03-13T13:43:34","guid":{"rendered":"https:\/\/ettelbruck.webdev.lu\/visiteur\/?page_id=40"},"modified":"2025-01-29T12:27:42","modified_gmt":"2025-01-29T11:27:42","slug":"urban-art","status":"publish","type":"page","link":"https:\/\/ettelbruck.lu\/visiteur\/de\/decouvrir\/urban-art\/","title":{"rendered":"Streetart"},"content":{"rendered":"<p>Streetart breitet sich in unseren St\u00e4dten immer mehr aus. Diese Kunstbewegung, die der breiten \u00d6ffentlichkeit vor allem in der Form von Graffitis bekannt ist, umfasst alle im \u00f6ffentlichen Raum geschaffenen Kunstwerke.<\/p>\n<p>Ihre Verg\u00e4nglichkeit ist eine ihrer wichtigsten Eigenschaften.<\/p>\n<p>In Ettelbr\u00fcck beginnt dieses Abenteuer im Jahr 2017 mit dem ersten, von dem autodidaktischen franz\u00f6sischen Maler Mantra verwirklichten Streetart-Projekt. Sein im Rahmen des Projekts Kufa\u2019s Urban Art geschaffenes Fresko l\u00e4sst sich von der Place de la Lib\u00e9ration aus bewundern.<\/p>\n<p><img loading=\"lazy\" decoding=\"async\" class=\"alignnone wp-image-1393 size-full\" src=\"https:\/\/ettelbruck.lu\/visiteur\/wp-content\/uploads\/sites\/3\/2020\/05\/Cover_Ville-dEttelbruck.jpg\" alt=\"\" width=\"828\" height=\"465\" srcset=\"https:\/\/ettelbruck.lu\/visiteur\/wp-content\/uploads\/sites\/3\/2020\/05\/Cover_Ville-dEttelbruck.jpg 828w, https:\/\/ettelbruck.lu\/visiteur\/wp-content\/uploads\/sites\/3\/2020\/05\/Cover_Ville-dEttelbruck-300x168.jpg 300w, https:\/\/ettelbruck.lu\/visiteur\/wp-content\/uploads\/sites\/3\/2020\/05\/Cover_Ville-dEttelbruck-768x431.jpg 768w\" sizes=\"(max-width: 828px) 100vw, 828px\" \/><\/p>","protected":false},"excerpt":{"rendered":"<p>Streetart breitet sich in unseren St\u00e4dten immer mehr aus. Diese Kunstbewegung, die der breiten \u00d6ffentlichkeit vor allem in der Form von Graffitis bekannt ist, umfasst alle im \u00f6ffentlichen Raum geschaffenen Kunstwerke. Ihre Verg\u00e4nglichkeit ist eine ihrer wichtigsten Eigenschaften. In Ettelbr\u00fcck beginnt dieses Abenteuer im Jahr 2017 mit dem ersten, von dem autodidaktischen franz\u00f6sischen Maler Mantra [&hellip;]<\/p>\n","protected":false},"author":1,"featured_media":0,"parent":26,"menu_order":1,"comment_status":"closed","ping_status":"closed","template":"","meta":{"_acf_changed":false,"inline_featured_image":false,"footnotes":""},"acf":[],"_links":{"self":[{"href":"https:\/\/ettelbruck.lu\/visiteur\/de\/wp-json\/wp\/v2\/pages\/40"}],"collection":[{"href":"https:\/\/ettelbruck.lu\/visiteur\/de\/wp-json\/wp\/v2\/pages"}],"about":[{"href":"https:\/\/ettelbruck.lu\/visiteur\/de\/wp-json\/wp\/v2\/types\/page"}],"author":[{"embeddable":true,"href":"https:\/\/ettelbruck.lu\/visiteur\/de\/wp-json\/wp\/v2\/users\/1"}],"replies":[{"embeddable":true,"href":"https:\/\/ettelbruck.lu\/visiteur\/de\/wp-json\/wp\/v2\/comments?post=40"}],"version-history":[{"count":28,"href":"https:\/\/ettelbruck.lu\/visiteur\/de\/wp-json\/wp\/v2\/pages\/40\/revisions"}],"predecessor-version":[{"id":6104,"href":"https:\/\/ettelbruck.lu\/visiteur\/de\/wp-json\/wp\/v2\/pages\/40\/revisions\/6104"}],"up":[{"embeddable":true,"href":"https:\/\/ettelbruck.lu\/visiteur\/de\/wp-json\/wp\/v2\/pages\/26"}],"wp:attachment":[{"href":"https:\/\/ettelbruck.lu\/visiteur\/de\/wp-json\/wp\/v2\/media?parent=40"}],"curies":[{"name":"wp","href":"https:\/\/api.w.org\/{rel}","templated":true}]}}