{"id":42,"date":"2020-03-13T14:43:49","date_gmt":"2020-03-13T13:43:49","guid":{"rendered":"https:\/\/ettelbruck.webdev.lu\/visiteur\/?page_id=42"},"modified":"2023-07-19T10:10:17","modified_gmt":"2023-07-19T08:10:17","slug":"foire-agricole","status":"publish","type":"page","link":"https:\/\/ettelbruck.lu\/visiteur\/de\/decouvrir\/foire-agricole\/","title":{"rendered":"Landwirtschaftsmesse"},"content":{"rendered":"<p>Die erste Landwirtschaftsmesse, namens Foire Agricole Ettelbruck, FAE, wurde im Jahr 1883 im Beisein von K\u00f6nig Wilhelm III. von Oranien und von K\u00f6nigin Emma in Ettelbr\u00fcck er\u00f6ffnet. Seitdem findet dieser unverzichtbare Treffpunkt aller landwirtschaftlichen Branchen jedes Jahr am ersten Juliwochenende auf den Wiesen des Deichs in Ettelbr\u00fcck statt. Landwirte, G\u00e4rtner, Forstwirte, Winzer und Wissenschaftler pr\u00e4sentieren zwei Tage lang ihr Wissen und K\u00f6nnen.<\/p>\n<p>Die FAE ist seit vielen Jahren die gr\u00f6\u00dfte Freiluftmesse ihrer Art in Luxemburg, auf der man regionale Produkte kennenlernen und kosten kann.<\/p>\n<p><img loading=\"lazy\" decoding=\"async\" class=\"wp-image-1844 aligncenter\" src=\"https:\/\/ettelbruck.lu\/visiteur\/wp-content\/uploads\/sites\/3\/2020\/10\/512x512bb-300x300.jpg\" alt=\"\" width=\"211\" height=\"211\" srcset=\"https:\/\/ettelbruck.lu\/visiteur\/wp-content\/uploads\/sites\/3\/2020\/10\/512x512bb-300x300.jpg 300w, https:\/\/ettelbruck.lu\/visiteur\/wp-content\/uploads\/sites\/3\/2020\/10\/512x512bb-150x150.jpg 150w, https:\/\/ettelbruck.lu\/visiteur\/wp-content\/uploads\/sites\/3\/2020\/10\/512x512bb.jpg 512w\" sizes=\"(max-width: 211px) 100vw, 211px\" \/><\/p>","protected":false},"excerpt":{"rendered":"<p>Die erste Landwirtschaftsmesse, namens Foire Agricole Ettelbruck, FAE, wurde im Jahr 1883 im Beisein von K\u00f6nig Wilhelm III. von Oranien und von K\u00f6nigin Emma in Ettelbr\u00fcck er\u00f6ffnet. Seitdem findet dieser unverzichtbare Treffpunkt aller landwirtschaftlichen Branchen jedes Jahr am ersten Juliwochenende auf den Wiesen des Deichs in Ettelbr\u00fcck statt. Landwirte, G\u00e4rtner, Forstwirte, Winzer und Wissenschaftler pr\u00e4sentieren [&hellip;]<\/p>\n","protected":false},"author":1,"featured_media":0,"parent":26,"menu_order":0,"comment_status":"closed","ping_status":"closed","template":"","meta":{"_acf_changed":false,"inline_featured_image":false,"footnotes":""},"acf":[],"_links":{"self":[{"href":"https:\/\/ettelbruck.lu\/visiteur\/de\/wp-json\/wp\/v2\/pages\/42"}],"collection":[{"href":"https:\/\/ettelbruck.lu\/visiteur\/de\/wp-json\/wp\/v2\/pages"}],"about":[{"href":"https:\/\/ettelbruck.lu\/visiteur\/de\/wp-json\/wp\/v2\/types\/page"}],"author":[{"embeddable":true,"href":"https:\/\/ettelbruck.lu\/visiteur\/de\/wp-json\/wp\/v2\/users\/1"}],"replies":[{"embeddable":true,"href":"https:\/\/ettelbruck.lu\/visiteur\/de\/wp-json\/wp\/v2\/comments?post=42"}],"version-history":[{"count":13,"href":"https:\/\/ettelbruck.lu\/visiteur\/de\/wp-json\/wp\/v2\/pages\/42\/revisions"}],"predecessor-version":[{"id":3740,"href":"https:\/\/ettelbruck.lu\/visiteur\/de\/wp-json\/wp\/v2\/pages\/42\/revisions\/3740"}],"up":[{"embeddable":true,"href":"https:\/\/ettelbruck.lu\/visiteur\/de\/wp-json\/wp\/v2\/pages\/26"}],"wp:attachment":[{"href":"https:\/\/ettelbruck.lu\/visiteur\/de\/wp-json\/wp\/v2\/media?parent=42"}],"curies":[{"name":"wp","href":"https:\/\/api.w.org\/{rel}","templated":true}]}}