{"id":56,"date":"2020-03-13T14:45:24","date_gmt":"2020-03-13T13:45:24","guid":{"rendered":"https:\/\/ettelbruck.webdev.lu\/visiteur\/?page_id=56"},"modified":"2021-05-17T16:27:26","modified_gmt":"2021-05-17T14:27:26","slug":"mobilite","status":"publish","type":"page","link":"https:\/\/ettelbruck.lu\/visiteur\/de\/visiter\/mobilite\/","title":{"rendered":"Mobilit\u00e4t"},"content":{"rendered":"<p>Die Stadt Ettelbr\u00fcck ist sich der Bedeutung der Herausforderungen bewusst, die moderne Mobilit\u00e4t mit sich bringt, und bietet deshalb einen gro\u00dfen dezentralen Parkplatz an. Zudem tragen der City-Bus und die Linien des Nordstad-Busses zur Verbesserung der Lebensqualit\u00e4t der Einwohner sowie zur einfacheren Mobilit\u00e4t unserer G\u00e4ste bei.<\/p>\n<p>Falls Sie nicht Ihr Auto nutzen m\u00f6chten, bleibt Ihre Anreise nach Ettelbr\u00fcck dank der guten Eisenbahnverbindung unkompliziert.<\/p>\n<p>&nbsp;<\/p>","protected":false},"excerpt":{"rendered":"<p>Die Stadt Ettelbr\u00fcck ist sich der Bedeutung der Herausforderungen bewusst, die moderne Mobilit\u00e4t mit sich bringt, und bietet deshalb einen gro\u00dfen dezentralen Parkplatz an. Zudem tragen der City-Bus und die Linien des Nordstad-Busses zur Verbesserung der Lebensqualit\u00e4t der Einwohner sowie zur einfacheren Mobilit\u00e4t unserer G\u00e4ste bei. Falls Sie nicht Ihr Auto nutzen m\u00f6chten, bleibt Ihre [&hellip;]<\/p>\n","protected":false},"author":1,"featured_media":0,"parent":30,"menu_order":0,"comment_status":"closed","ping_status":"closed","template":"","meta":{"_acf_changed":false,"inline_featured_image":false,"footnotes":""},"acf":[],"_links":{"self":[{"href":"https:\/\/ettelbruck.lu\/visiteur\/de\/wp-json\/wp\/v2\/pages\/56"}],"collection":[{"href":"https:\/\/ettelbruck.lu\/visiteur\/de\/wp-json\/wp\/v2\/pages"}],"about":[{"href":"https:\/\/ettelbruck.lu\/visiteur\/de\/wp-json\/wp\/v2\/types\/page"}],"author":[{"embeddable":true,"href":"https:\/\/ettelbruck.lu\/visiteur\/de\/wp-json\/wp\/v2\/users\/1"}],"replies":[{"embeddable":true,"href":"https:\/\/ettelbruck.lu\/visiteur\/de\/wp-json\/wp\/v2\/comments?post=56"}],"version-history":[{"count":16,"href":"https:\/\/ettelbruck.lu\/visiteur\/de\/wp-json\/wp\/v2\/pages\/56\/revisions"}],"predecessor-version":[{"id":2139,"href":"https:\/\/ettelbruck.lu\/visiteur\/de\/wp-json\/wp\/v2\/pages\/56\/revisions\/2139"}],"up":[{"embeddable":true,"href":"https:\/\/ettelbruck.lu\/visiteur\/de\/wp-json\/wp\/v2\/pages\/30"}],"wp:attachment":[{"href":"https:\/\/ettelbruck.lu\/visiteur\/de\/wp-json\/wp\/v2\/media?parent=56"}],"curies":[{"name":"wp","href":"https:\/\/api.w.org\/{rel}","templated":true}]}}