{"id":1912,"date":"2020-11-16T15:52:41","date_gmt":"2020-11-16T14:52:41","guid":{"rendered":"https:\/\/ettelbruck.webdev.lu\/visiteur\/?page_id=1912"},"modified":"2021-12-27T16:55:58","modified_gmt":"2021-12-27T15:55:58","slug":"declaration-daccessibilite","status":"publish","type":"page","link":"https:\/\/ettelbruck.lu\/visiteur\/en\/declaration-daccessibilite\/","title":{"rendered":"Accessibility statement"},"content":{"rendered":"<p>L&#8217;organisme &#8220;Administration Communale de la Ville d&#8217;Ettelbruck&#8221; s&#8217;engage \u00e0 rendre son site internet accessible, conform\u00e9ment \u00e0 la <a href=\"http:\/\/legilux.public.lu\/eli\/etat\/leg\/loi\/2019\/05\/28\/a373\/jo\">loi du 28 mai 2019<\/a> relative \u00e0 l\u2019accessibilit\u00e9 des sites internet et des applications mobiles des organismes du secteur public.<br \/>\nLa pr\u00e9sente d\u00e9claration sur l&#8217;accessibilit\u00e9 s&#8217;applique \u00e0 :<br \/>\n<a href=\"www.ettelbruck.lu\">www.ettelbruck.lu<\/a><\/p>\n<h2>Qu\u2019est-ce que l\u2019accessibilit\u00e9 num\u00e9rique ?<\/h2>\n<p>Chacun doit pouvoir utiliser et consulter facilement les informations figurant sur un site web ou une application notamment les personnes pr\u00e9sentant un handicap et\/ou utilisant des logiciels d\u2019assistance ou du mat\u00e9riel sp\u00e9cialis\u00e9 (personnes aveugles, malvoyantes, ou souffrant d\u2019un autre handicap).<\/p>\n<h2>\u00c9tat de conformit\u00e9<\/h2>\n<p>Le pr\u00e9sent site internet est en <strong>conformit\u00e9 partielle<\/strong> \u00e0 la norme europ\u00e9enne <a href=\"https:\/\/www.etsi.org\/deliver\/etsi_en\/301500_301599\/301549\/02.01.02_60\/en_301549v020102p.pdf\">EN 301 549<\/a> ainsi qu&#8217;au <a href=\"https:\/\/accessibilite.public.lu\/fr\/rgaa4\/\">r\u00e9f\u00e9rentiel g\u00e9n\u00e9ral d\u2019am\u00e9lioration de l\u2019accessibilit\u00e9 (RGAA) v4<\/a> qui l\u2019impl\u00e9mente, en raison des \u00e9l\u00e9ments \u00e9num\u00e9r\u00e9s ci-dessous.<\/p>\n<h2>Contenu non accessible<\/h2>\n<p>Le contenu vis\u00e9 ci-apr\u00e8s n&#8217;est pas accessible pour la\/les raison(s) suivante(s)\u00a0:<\/p>\n<h3>Non-conformit\u00e9 au <a href=\"https:\/\/accessibilite.public.lu\/fr\/rgaa4\/\">RGAA 4<\/a><\/h3>\n<ul>\n<li>Les titre des pages sont en superposition partielle sur l&#8217;image d&#8217;ent\u00eate pour des raisons graphiques.<\/li>\n<li>Contraste insuffisant des textes en blanc sur fond bleu (=couleur corporate invariable).<\/li>\n<li>Pas d&#8217;\u00e9l\u00e9ment &#8220;focus&#8221; sur les champs des formulaires, pour des raisons graphiques.<\/li>\n<li>Agenda : superposition de la date sur l&#8217;image, pour gagner de la place sur la page et am\u00e9liorer l&#8217;aper\u00e7u visuel.<\/li>\n<\/ul>\n<h3>Charge disproportionn\u00e9e<\/h3>\n<p>Les textes de remplacement sur la plupart des photos, illustrations et vid\u00e9os manquent.<\/p>\n<h2>Pr\u00e9paration de la pr\u00e9sente d\u00e9claration sur l&#8217;accessibilit\u00e9<\/h2>\n<p>La pr\u00e9sente d\u00e9claration a \u00e9t\u00e9 pr\u00e9par\u00e9e le 16 novembre 2020.<br \/>\nLes mentions figurant dans cette d\u00e9claration sont exactes et fond\u00e9es sur une \u00e9valuation effective de la conformit\u00e9 du pr\u00e9sent site internet avec les exigences fix\u00e9es dans le <a href=\"https:\/\/accessibilite.public.lu\/fr\/rgaa4\/\">RGAA 4<\/a>, telle qu&#8217;une \u00e9valuation r\u00e9alis\u00e9e par un tiers\u00a0: Comed S.A..<\/p>\n<p>Le dernier r\u00e9examen de la d\u00e9claration a eu lieu le 16\/11\/2020.<\/p>\n<h2>Retour d&#8217;information et coordonn\u00e9es de contact<\/h2>\n<p>Si vous constatez un d\u00e9faut d\u2019accessibilit\u00e9, envoyez-nous un mail \u00e0 <a href=\"mailto:nathalie.ney@ettelbruck.lu\">nathalie.ney@ettelbruck.lu<\/a> : d\u00e9crivez votre probl\u00e8me ainsi que la page concern\u00e9e. Nous nous engageons \u00e0 vous r\u00e9pondre par mail dans un d\u00e9lai de 1 mois au plus tard. Pour rem\u00e9dier au probl\u00e8me de mani\u00e8re durable et dans la mesure du raisonnable, la correction en ligne du d\u00e9faut d\u2019accessibilit\u00e9 sera privil\u00e9gi\u00e9e. Si cela ne peut \u00eatre fait, l\u2019information souhait\u00e9e vous sera transmise dans un format accessible selon vos souhaits :<\/p>\n<ul>\n<li>par \u00e9crit dans un document ou email ;<\/li>\n<li>\u00e0 l\u2019oral lors d&#8217;un entretien ou par t\u00e9l\u00e9phone.<\/li>\n<\/ul>\n<h2>Proc\u00e9dure permettant d&#8217;assurer le respect des dispositions<\/h2>\n<p>En cas de r\u00e9ponse non satisfaisante, vous avez \u00e9galement la possibilit\u00e9 d\u2019en informer le <a href=\"https:\/\/sip.gouvernement.lu\">Service information et presse<\/a>, organisme responsable du contr\u00f4le de l\u2019accessibilit\u00e9, via son <a href=\"https:\/\/sip.gouvernement.lu\/fr\/support\/reclamation-accessibilite.html\">formulaire de r\u00e9clamation en ligne<\/a>, ou <a href=\"http:\/\/www.ombudsman.lu\/\">l\u2019Ombudsman<\/a>, m\u00e9diateur du Grand-Duch\u00e9 de Luxembourg.<\/p>\n<hr \/>\n<p><small>Cette d\u00e9claration est bas\u00e9e sur le mod\u00e8le de document d\u00e9fini dans la <a href=\"https:\/\/eur-lex.europa.eu\/legal-content\/FR\/TXT\/?uri=CELEX%3A32018D1523\">d\u00e9cision d&#8217;ex\u00e9cution (UE) 2018\/1523<\/a>. Ce mod\u00e8le est \u00a9 Union Europ\u00e9enne, 1998-2020 et est sous licence <a href=\"https:\/\/creativecommons.org\/licenses\/by\/4.0\/\">Creative Commons Attribution 4.0 International licence<\/a>.<\/small><\/p>","protected":false},"excerpt":{"rendered":"<p>L&#8217;organisme &#8220;Administration Communale de la Ville d&#8217;Ettelbruck&#8221; s&#8217;engage \u00e0 rendre son site internet accessible, conform\u00e9ment \u00e0 la loi du 28 mai 2019 relative \u00e0 l\u2019accessibilit\u00e9 des sites internet et des applications mobiles des organismes du secteur public. La pr\u00e9sente d\u00e9claration sur l&#8217;accessibilit\u00e9 s&#8217;applique \u00e0 : www.ettelbruck.lu Qu\u2019est-ce que l\u2019accessibilit\u00e9 num\u00e9rique ? Chacun doit pouvoir utiliser [&hellip;]<\/p>\n","protected":false},"author":4,"featured_media":0,"parent":0,"menu_order":2,"comment_status":"closed","ping_status":"closed","template":"","meta":{"_acf_changed":false,"inline_featured_image":false,"footnotes":""},"acf":[],"_links":{"self":[{"href":"https:\/\/ettelbruck.lu\/visiteur\/en\/wp-json\/wp\/v2\/pages\/1912"}],"collection":[{"href":"https:\/\/ettelbruck.lu\/visiteur\/en\/wp-json\/wp\/v2\/pages"}],"about":[{"href":"https:\/\/ettelbruck.lu\/visiteur\/en\/wp-json\/wp\/v2\/types\/page"}],"author":[{"embeddable":true,"href":"https:\/\/ettelbruck.lu\/visiteur\/en\/wp-json\/wp\/v2\/users\/4"}],"replies":[{"embeddable":true,"href":"https:\/\/ettelbruck.lu\/visiteur\/en\/wp-json\/wp\/v2\/comments?post=1912"}],"version-history":[{"count":6,"href":"https:\/\/ettelbruck.lu\/visiteur\/en\/wp-json\/wp\/v2\/pages\/1912\/revisions"}],"predecessor-version":[{"id":2511,"href":"https:\/\/ettelbruck.lu\/visiteur\/en\/wp-json\/wp\/v2\/pages\/1912\/revisions\/2511"}],"wp:attachment":[{"href":"https:\/\/ettelbruck.lu\/visiteur\/en\/wp-json\/wp\/v2\/media?parent=1912"}],"curies":[{"name":"wp","href":"https:\/\/api.w.org\/{rel}","templated":true}]}}