{"id":1386,"date":"2020-05-13T11:36:45","date_gmt":"2020-05-13T09:36:45","guid":{"rendered":"https:\/\/ettelbruck.webdev.lu\/visiteur\/?page_id=1386"},"modified":"2025-09-01T10:04:41","modified_gmt":"2025-09-01T08:04:41","slug":"luxembourg-pass","status":"publish","type":"page","link":"https:\/\/ettelbruck.lu\/visiteur\/decouvrir\/luxembourg-pass\/","title":{"rendered":"Luxembourg Pass"},"content":{"rendered":"<p>Vous visitez le Luxembourg ? Pensez \u00e0 acheter la carte avantages Luxembourg Pass !<\/p>\n<p>Pendant 1, 2 ou 3 jours vous profitez d\u2019un acc\u00e8s gratuit \u00e0 plus de 80 mus\u00e9es et attractions touristiques au Luxembourg.<\/p>\n<p>Vos avantages avec la Luxembourg Pass :<\/p>\n<ul>\n<li>Des remises exclusives pouvant aller jusqu\u2019\u00e0 -30%<\/li>\n<li>Des acc\u00e8s gratuits ou \u00e0 prix r\u00e9duit \u00e0 plus de 80 attractions\n<div class=\"promotionBanner__text\"><\/div>\n<\/li>\n<\/ul>\n<p><\/p>","protected":false},"excerpt":{"rendered":"<p>Vous visitez le Luxembourg ? Pensez \u00e0 acheter la carte avantages Luxembourg Pass ! Pendant 1, 2 ou 3 jours vous profitez d\u2019un acc\u00e8s gratuit \u00e0 plus de 80 mus\u00e9es et attractions touristiques au Luxembourg. Vos avantages avec la Luxembourg Pass : Des remises exclusives pouvant aller jusqu\u2019\u00e0 -30% Des acc\u00e8s gratuits ou \u00e0 prix [&hellip;]<\/p>\n","protected":false},"author":4,"featured_media":0,"parent":26,"menu_order":5,"comment_status":"closed","ping_status":"closed","template":"","meta":{"_acf_changed":false,"inline_featured_image":false,"footnotes":""},"acf":[],"_links":{"self":[{"href":"https:\/\/ettelbruck.lu\/visiteur\/wp-json\/wp\/v2\/pages\/1386"}],"collection":[{"href":"https:\/\/ettelbruck.lu\/visiteur\/wp-json\/wp\/v2\/pages"}],"about":[{"href":"https:\/\/ettelbruck.lu\/visiteur\/wp-json\/wp\/v2\/types\/page"}],"author":[{"embeddable":true,"href":"https:\/\/ettelbruck.lu\/visiteur\/wp-json\/wp\/v2\/users\/4"}],"replies":[{"embeddable":true,"href":"https:\/\/ettelbruck.lu\/visiteur\/wp-json\/wp\/v2\/comments?post=1386"}],"version-history":[{"count":18,"href":"https:\/\/ettelbruck.lu\/visiteur\/wp-json\/wp\/v2\/pages\/1386\/revisions"}],"predecessor-version":[{"id":6333,"href":"https:\/\/ettelbruck.lu\/visiteur\/wp-json\/wp\/v2\/pages\/1386\/revisions\/6333"}],"up":[{"embeddable":true,"href":"https:\/\/ettelbruck.lu\/visiteur\/wp-json\/wp\/v2\/pages\/26"}],"wp:attachment":[{"href":"https:\/\/ettelbruck.lu\/visiteur\/wp-json\/wp\/v2\/media?parent=1386"}],"curies":[{"name":"wp","href":"https:\/\/api.w.org\/{rel}","templated":true}]}}