{"id":1396,"date":"2020-05-13T12:05:48","date_gmt":"2020-05-13T10:05:48","guid":{"rendered":"https:\/\/ettelbruck.webdev.lu\/visiteur\/?page_id=1396"},"modified":"2025-01-29T12:31:13","modified_gmt":"2025-01-29T11:31:13","slug":"decouvrez-ettelbruck-a-pied","status":"publish","type":"page","link":"https:\/\/ettelbruck.lu\/visiteur\/decouvrir\/decouvrez-ettelbruck-a-pied\/","title":{"rendered":"D\u00e9couvrez Ettelbruck \u00e0 pied"},"content":{"rendered":"<p>Ettelbruck se visite aussi \u00e0 pied. Un agr\u00e9able circuit p\u00e9destre de 2,2 km conduit les visiteurs \u00e0 travers la vieille ville et la zone pi\u00e9tonne, \u00e0 la d\u00e9couverte d\u2019une histoire bien fournie. Balis\u00e9 par des panneaux bleus \u00e0 l\u2019effigie humoristique d\u2019Attila le Hun, le sentier se reconna\u00eet facilement. Une balade ouverte \u00e0 tous, puisque toutes les \u00e9tapes du circuit sont accessibles avec une poussette ou en fauteuil roulant.<\/p>\n<p><img loading=\"lazy\" decoding=\"async\" class=\"alignnone wp-image-1397 size-full\" src=\"https:\/\/ettelbruck.lu\/visiteur\/wp-content\/uploads\/sites\/3\/2020\/05\/Sentier-urbain-touristique-Ettelbruck.jpg\" alt=\"\" width=\"524\" height=\"349\" srcset=\"https:\/\/ettelbruck.lu\/visiteur\/wp-content\/uploads\/sites\/3\/2020\/05\/Sentier-urbain-touristique-Ettelbruck.jpg 524w, https:\/\/ettelbruck.lu\/visiteur\/wp-content\/uploads\/sites\/3\/2020\/05\/Sentier-urbain-touristique-Ettelbruck-300x200.jpg 300w\" sizes=\"(max-width: 524px) 100vw, 524px\" \/><\/p>","protected":false},"excerpt":{"rendered":"<p>Ettelbruck se visite aussi \u00e0 pied. Un agr\u00e9able circuit p\u00e9destre de 2,2 km conduit les visiteurs \u00e0 travers la vieille ville et la zone pi\u00e9tonne, \u00e0 la d\u00e9couverte d\u2019une histoire bien fournie. Balis\u00e9 par des panneaux bleus \u00e0 l\u2019effigie humoristique d\u2019Attila le Hun, le sentier se reconna\u00eet facilement. Une balade ouverte \u00e0 tous, puisque toutes [&hellip;]<\/p>\n","protected":false},"author":4,"featured_media":0,"parent":26,"menu_order":4,"comment_status":"closed","ping_status":"closed","template":"","meta":{"_acf_changed":false,"inline_featured_image":false,"footnotes":""},"acf":[],"_links":{"self":[{"href":"https:\/\/ettelbruck.lu\/visiteur\/wp-json\/wp\/v2\/pages\/1396"}],"collection":[{"href":"https:\/\/ettelbruck.lu\/visiteur\/wp-json\/wp\/v2\/pages"}],"about":[{"href":"https:\/\/ettelbruck.lu\/visiteur\/wp-json\/wp\/v2\/types\/page"}],"author":[{"embeddable":true,"href":"https:\/\/ettelbruck.lu\/visiteur\/wp-json\/wp\/v2\/users\/4"}],"replies":[{"embeddable":true,"href":"https:\/\/ettelbruck.lu\/visiteur\/wp-json\/wp\/v2\/comments?post=1396"}],"version-history":[{"count":9,"href":"https:\/\/ettelbruck.lu\/visiteur\/wp-json\/wp\/v2\/pages\/1396\/revisions"}],"predecessor-version":[{"id":6105,"href":"https:\/\/ettelbruck.lu\/visiteur\/wp-json\/wp\/v2\/pages\/1396\/revisions\/6105"}],"up":[{"embeddable":true,"href":"https:\/\/ettelbruck.lu\/visiteur\/wp-json\/wp\/v2\/pages\/26"}],"wp:attachment":[{"href":"https:\/\/ettelbruck.lu\/visiteur\/wp-json\/wp\/v2\/media?parent=1396"}],"curies":[{"name":"wp","href":"https:\/\/api.w.org\/{rel}","templated":true}]}}