{"id":1403,"date":"2020-05-13T15:30:12","date_gmt":"2020-05-13T13:30:12","guid":{"rendered":"https:\/\/ettelbruck.webdev.lu\/visiteur\/?page_id=1403"},"modified":"2025-02-28T10:12:08","modified_gmt":"2025-02-28T09:12:08","slug":"marche-hebdomadaire","status":"publish","type":"page","link":"https:\/\/ettelbruck.lu\/visiteur\/visiter\/shopping\/marche-hebdomadaire\/","title":{"rendered":"March\u00e9 hebdomadaire"},"content":{"rendered":"<p>Tous les vendredis de 8.00 \u00e0 12.00 hrs, les marchands vous invitent au march\u00e9 au frais d\u2019Ettelbruck dans la zone pi\u00e9tonne.<\/p>\n<p>Le march\u00e9 au frais reste le meilleur moyen pour trouver des produits frais et de qualit\u00e9 et rencontrer directement le producteur ou l\u2019artisan.<\/p>\n<p>Avec une quinzaine de stands, le <strong>march\u00e9 hebdomadaire<\/strong> d\u2019Ettelbruck reste familier tout en vous offrant un large choix de produits: Fruits et l\u00e9gumes, viande, fromages ou produits plus sp\u00e9cifiques. Venez d\u00e9couvrir les <strong>produits du terroir<\/strong>!<\/p>\n<p>D\u00e9couvrez les dates des <a href=\"https:\/\/ettelbruck.lu\/visiteur\/events\/marche-hebdomadaire-3\/\" target=\"_blank\" rel=\"noopener noreferrer\">prochains march\u00e9s\u00a0<\/a><\/p>\n<p>&nbsp;<\/p>\n<p>&nbsp;<\/p>","protected":false},"excerpt":{"rendered":"<p>Tous les vendredis de 8.00 \u00e0 12.00 hrs, les marchands vous invitent au march\u00e9 au frais d\u2019Ettelbruck dans la zone pi\u00e9tonne. Le march\u00e9 au frais reste le meilleur moyen pour trouver des produits frais et de qualit\u00e9 et rencontrer directement le producteur ou l\u2019artisan. Avec une quinzaine de stands, le march\u00e9 hebdomadaire d\u2019Ettelbruck reste familier [&hellip;]<\/p>\n","protected":false},"author":4,"featured_media":0,"parent":44,"menu_order":3,"comment_status":"closed","ping_status":"closed","template":"","meta":{"_acf_changed":false,"inline_featured_image":false,"footnotes":""},"acf":[],"_links":{"self":[{"href":"https:\/\/ettelbruck.lu\/visiteur\/wp-json\/wp\/v2\/pages\/1403"}],"collection":[{"href":"https:\/\/ettelbruck.lu\/visiteur\/wp-json\/wp\/v2\/pages"}],"about":[{"href":"https:\/\/ettelbruck.lu\/visiteur\/wp-json\/wp\/v2\/types\/page"}],"author":[{"embeddable":true,"href":"https:\/\/ettelbruck.lu\/visiteur\/wp-json\/wp\/v2\/users\/4"}],"replies":[{"embeddable":true,"href":"https:\/\/ettelbruck.lu\/visiteur\/wp-json\/wp\/v2\/comments?post=1403"}],"version-history":[{"count":26,"href":"https:\/\/ettelbruck.lu\/visiteur\/wp-json\/wp\/v2\/pages\/1403\/revisions"}],"predecessor-version":[{"id":6134,"href":"https:\/\/ettelbruck.lu\/visiteur\/wp-json\/wp\/v2\/pages\/1403\/revisions\/6134"}],"up":[{"embeddable":true,"href":"https:\/\/ettelbruck.lu\/visiteur\/wp-json\/wp\/v2\/pages\/44"}],"wp:attachment":[{"href":"https:\/\/ettelbruck.lu\/visiteur\/wp-json\/wp\/v2\/media?parent=1403"}],"curies":[{"name":"wp","href":"https:\/\/api.w.org\/{rel}","templated":true}]}}