{"id":1680,"date":"2020-08-19T09:21:43","date_gmt":"2020-08-19T07:21:43","guid":{"rendered":"https:\/\/ettelbruck.webdev.lu\/visiteur\/?page_id=1680"},"modified":"2024-11-05T11:31:24","modified_gmt":"2024-11-05T10:31:24","slug":"velos-et-pedelecs","status":"publish","type":"page","link":"https:\/\/ettelbruck.lu\/visiteur\/visiter\/mobilite\/velos-et-pedelecs\/","title":{"rendered":"V\u00e9los et p\u00e9d\u00e9lecs"},"content":{"rendered":"","protected":false},"excerpt":{"rendered":"","protected":false},"author":4,"featured_media":0,"parent":56,"menu_order":1,"comment_status":"closed","ping_status":"closed","template":"","meta":{"_acf_changed":false,"inline_featured_image":false,"footnotes":""},"acf":[],"_links":{"self":[{"href":"https:\/\/ettelbruck.lu\/visiteur\/wp-json\/wp\/v2\/pages\/1680"}],"collection":[{"href":"https:\/\/ettelbruck.lu\/visiteur\/wp-json\/wp\/v2\/pages"}],"about":[{"href":"https:\/\/ettelbruck.lu\/visiteur\/wp-json\/wp\/v2\/types\/page"}],"author":[{"embeddable":true,"href":"https:\/\/ettelbruck.lu\/visiteur\/wp-json\/wp\/v2\/users\/4"}],"replies":[{"embeddable":true,"href":"https:\/\/ettelbruck.lu\/visiteur\/wp-json\/wp\/v2\/comments?post=1680"}],"version-history":[{"count":15,"href":"https:\/\/ettelbruck.lu\/visiteur\/wp-json\/wp\/v2\/pages\/1680\/revisions"}],"predecessor-version":[{"id":6023,"href":"https:\/\/ettelbruck.lu\/visiteur\/wp-json\/wp\/v2\/pages\/1680\/revisions\/6023"}],"up":[{"embeddable":true,"href":"https:\/\/ettelbruck.lu\/visiteur\/wp-json\/wp\/v2\/pages\/56"}],"wp:attachment":[{"href":"https:\/\/ettelbruck.lu\/visiteur\/wp-json\/wp\/v2\/media?parent=1680"}],"curies":[{"name":"wp","href":"https:\/\/api.w.org\/{rel}","templated":true}]}}