{"id":1712,"date":"2020-09-02T15:39:39","date_gmt":"2020-09-02T13:39:39","guid":{"rendered":"https:\/\/ettelbruck.webdev.lu\/visiteur\/?page_id=1712"},"modified":"2025-01-29T12:20:56","modified_gmt":"2025-01-29T11:20:56","slug":"les-plages-du-lac-de-la-haute-sure","status":"publish","type":"page","link":"https:\/\/ettelbruck.lu\/visiteur\/visiter\/nature-et-randonnees\/les-plages-du-lac-de-la-haute-sure\/","title":{"rendered":"Les plages du lac de la Haute-S\u00fbre"},"content":{"rendered":"<p>Le lac de la Haute-S\u00fbre est une zone de loisirs tr\u00e8s fr\u00e9quent\u00e9e. Une vari\u00e9t\u00e9 de sports nautiques est possible dans les 6 lieux de baignade de la zone de protection 2:<\/p>\n<ul>\n<li>plage Burfelt<\/li>\n<li>plage Frounbierg<\/li>\n<li>plage Fuussefeld<\/li>\n<li>plage Liefrange<\/li>\n<li>plage Lultzhausen<\/li>\n<li>plage Rommwiss<\/li>\n<\/ul>\n<p>Plus d&rsquo;information pr\u00e8s du <a href=\"https:\/\/www.naturpark-sure.lu\/\">Naturpark S\u00fbre<\/a> ou <a href=\"https:\/\/www.visit-eislek.lu\/fr\/stausei\">ici<\/a><\/p>\n<p><img loading=\"lazy\" decoding=\"async\" class=\"alignnone size-medium wp-image-1714\" src=\"https:\/\/ettelbruck.lu\/visiteur\/wp-content\/uploads\/sites\/3\/2020\/09\/rommwiss-300x200.jpg\" alt=\"\" width=\"300\" height=\"200\" srcset=\"https:\/\/ettelbruck.lu\/visiteur\/wp-content\/uploads\/sites\/3\/2020\/09\/rommwiss-300x200.jpg 300w, https:\/\/ettelbruck.lu\/visiteur\/wp-content\/uploads\/sites\/3\/2020\/09\/rommwiss.jpg 600w\" sizes=\"(max-width: 300px) 100vw, 300px\" \/><\/p>","protected":false},"excerpt":{"rendered":"<p>Le lac de la Haute-S\u00fbre est une zone de loisirs tr\u00e8s fr\u00e9quent\u00e9e. Une vari\u00e9t\u00e9 de sports nautiques est possible dans les 6 lieux de baignade de la zone de protection 2: plage Burfelt plage Frounbierg plage Fuussefeld plage Liefrange plage Lultzhausen plage Rommwiss Plus d&rsquo;information pr\u00e8s du Naturpark S\u00fbre ou ici<\/p>\n","protected":false},"author":8,"featured_media":0,"parent":48,"menu_order":1,"comment_status":"closed","ping_status":"closed","template":"","meta":{"_acf_changed":false,"inline_featured_image":false,"footnotes":""},"acf":[],"_links":{"self":[{"href":"https:\/\/ettelbruck.lu\/visiteur\/wp-json\/wp\/v2\/pages\/1712"}],"collection":[{"href":"https:\/\/ettelbruck.lu\/visiteur\/wp-json\/wp\/v2\/pages"}],"about":[{"href":"https:\/\/ettelbruck.lu\/visiteur\/wp-json\/wp\/v2\/types\/page"}],"author":[{"embeddable":true,"href":"https:\/\/ettelbruck.lu\/visiteur\/wp-json\/wp\/v2\/users\/8"}],"replies":[{"embeddable":true,"href":"https:\/\/ettelbruck.lu\/visiteur\/wp-json\/wp\/v2\/comments?post=1712"}],"version-history":[{"count":11,"href":"https:\/\/ettelbruck.lu\/visiteur\/wp-json\/wp\/v2\/pages\/1712\/revisions"}],"predecessor-version":[{"id":6103,"href":"https:\/\/ettelbruck.lu\/visiteur\/wp-json\/wp\/v2\/pages\/1712\/revisions\/6103"}],"up":[{"embeddable":true,"href":"https:\/\/ettelbruck.lu\/visiteur\/wp-json\/wp\/v2\/pages\/48"}],"wp:attachment":[{"href":"https:\/\/ettelbruck.lu\/visiteur\/wp-json\/wp\/v2\/media?parent=1712"}],"curies":[{"name":"wp","href":"https:\/\/api.w.org\/{rel}","templated":true}]}}