{"id":26,"date":"2020-03-13T14:54:21","date_gmt":"2020-03-13T13:54:21","guid":{"rendered":"https:\/\/ettelbruck.webdev.lu\/visiteur\/?page_id=26"},"modified":"2021-05-06T16:25:03","modified_gmt":"2021-05-06T14:25:03","slug":"decouvrir","status":"publish","type":"page","link":"https:\/\/ettelbruck.lu\/visiteur\/decouvrir\/","title":{"rendered":"D\u00e9couvrir"},"content":{"rendered":"<p>Au nord du Luxembourg, dans les Ardennes luxembourgeoises, Ettelbruck s\u00e9duit tous ses visiteurs, quelles que soient leurs envies.<\/p>\n<p>Ses 200 boutiques et son centre-ville pi\u00e9tonnier ont tout pour plaire aux fans de shopping, qui appr\u00e9cieront aussi le charme de ses nombreuses terrasses en \u00e9t\u00e9. Une autre fa\u00e7on de d\u00e9couvrir la ville, toujours \u00e0 pied, consiste \u00e0 suivre le sentier urbain artistique qui emm\u00e8ne les visiteurs \u00e0 la d\u00e9couverte de la vieille ville et de la zone pi\u00e9tonne. Et pourquoi ne pas en profiter pour aller admirer l\u2019\u0153uvre de Mantra\u00a0? Sa fresque s\u2019inscrit dans un projet global de Street Art qu\u2019Ettelbruck souhaite promotionner.<\/p>\n<p>Dans un tout autre genre, Ettelbruck organise chaque ann\u00e9e, au mois de juillet, la plus grande foire agricole en plein air du Luxembourg. Elle attire des milliers de visiteurs qui viennent \u00e0 la rencontre des producteurs et agriculteurs r\u00e9gionaux.<\/p>","protected":false},"excerpt":{"rendered":"<p>Au nord du Luxembourg, dans les Ardennes luxembourgeoises, Ettelbruck s\u00e9duit tous ses visiteurs, quelles que soient leurs envies. Ses 200 boutiques et son centre-ville pi\u00e9tonnier ont tout pour plaire aux fans de shopping, qui appr\u00e9cieront aussi le charme de ses nombreuses terrasses en \u00e9t\u00e9. Une autre fa\u00e7on de d\u00e9couvrir la ville, toujours \u00e0 pied, consiste [&hellip;]<\/p>\n","protected":false},"author":1,"featured_media":0,"parent":0,"menu_order":7,"comment_status":"closed","ping_status":"closed","template":"","meta":{"_acf_changed":false,"inline_featured_image":false,"footnotes":""},"acf":[],"_links":{"self":[{"href":"https:\/\/ettelbruck.lu\/visiteur\/wp-json\/wp\/v2\/pages\/26"}],"collection":[{"href":"https:\/\/ettelbruck.lu\/visiteur\/wp-json\/wp\/v2\/pages"}],"about":[{"href":"https:\/\/ettelbruck.lu\/visiteur\/wp-json\/wp\/v2\/types\/page"}],"author":[{"embeddable":true,"href":"https:\/\/ettelbruck.lu\/visiteur\/wp-json\/wp\/v2\/users\/1"}],"replies":[{"embeddable":true,"href":"https:\/\/ettelbruck.lu\/visiteur\/wp-json\/wp\/v2\/comments?post=26"}],"version-history":[{"count":6,"href":"https:\/\/ettelbruck.lu\/visiteur\/wp-json\/wp\/v2\/pages\/26\/revisions"}],"predecessor-version":[{"id":2106,"href":"https:\/\/ettelbruck.lu\/visiteur\/wp-json\/wp\/v2\/pages\/26\/revisions\/2106"}],"wp:attachment":[{"href":"https:\/\/ettelbruck.lu\/visiteur\/wp-json\/wp\/v2\/media?parent=26"}],"curies":[{"name":"wp","href":"https:\/\/api.w.org\/{rel}","templated":true}]}}