{"id":30,"date":"2020-03-13T14:54:03","date_gmt":"2020-03-13T13:54:03","guid":{"rendered":"https:\/\/ettelbruck.webdev.lu\/visiteur\/?page_id=30"},"modified":"2021-04-13T16:53:18","modified_gmt":"2021-04-13T14:53:18","slug":"visiter","status":"publish","type":"page","link":"https:\/\/ettelbruck.lu\/visiteur\/visiter\/","title":{"rendered":"Visiter"},"content":{"rendered":"<p>D\u00e9couvrir Ettelbruck, c\u2019est partir \u00e0 la d\u00e9couverte de mille et un tr\u00e9sors. Chacun y trouvera son plaisir\u00a0: shopping, balades nature et culturelles, plaisirs de la table\u2026<\/p>\n<p>Pour les marcheurs, amateurs ou randonneurs confirm\u00e9s, direction l\u2019Escapardenne Lee Trail, le sentier Adrien Ries ou des balades plus ludiques le long des sentiers didactiques, avec les plus jeunes.<\/p>\n<p>Ville de culture et de m\u00e9moire, Ettelbruck s\u2019inscrit dans la modernit\u00e9 avec le projet Kufa\u2019s Urban Art. Profitez d\u2019un concert ou d\u2019une exposition au CAPE, et d\u00e9couvrez au G\u00e9n\u00e9ral Patton M\u00e9morial Museum comment le lib\u00e9rateur am\u00e9ricain a marqu\u00e9 l\u2019histoire d\u2019Ettelbruck.<\/p>\n<p>Pour vous restaurer au cours de vos promenades, ou pendant votre shopping dans une des 200 boutiques, les bonnes tables ne manquent pas et vous proposent aussi bien la cuisine luxembourgeoise qu\u2019internationale. Et si Ettelbruck fait la part belle aux pi\u00e9tons, les pistes cyclables ne sont pas oubli\u00e9es, tout comme les City-Bus.<\/p>","protected":false},"excerpt":{"rendered":"<p>D\u00e9couvrir Ettelbruck, c\u2019est partir \u00e0 la d\u00e9couverte de mille et un tr\u00e9sors. Chacun y trouvera son plaisir\u00a0: shopping, balades nature et culturelles, plaisirs de la table\u2026 Pour les marcheurs, amateurs ou randonneurs confirm\u00e9s, direction l\u2019Escapardenne Lee Trail, le sentier Adrien Ries ou des balades plus ludiques le long des sentiers didactiques, avec les plus jeunes. [&hellip;]<\/p>\n","protected":false},"author":1,"featured_media":0,"parent":0,"menu_order":9,"comment_status":"closed","ping_status":"closed","template":"","meta":{"_acf_changed":false,"inline_featured_image":false,"footnotes":""},"acf":[],"_links":{"self":[{"href":"https:\/\/ettelbruck.lu\/visiteur\/wp-json\/wp\/v2\/pages\/30"}],"collection":[{"href":"https:\/\/ettelbruck.lu\/visiteur\/wp-json\/wp\/v2\/pages"}],"about":[{"href":"https:\/\/ettelbruck.lu\/visiteur\/wp-json\/wp\/v2\/types\/page"}],"author":[{"embeddable":true,"href":"https:\/\/ettelbruck.lu\/visiteur\/wp-json\/wp\/v2\/users\/1"}],"replies":[{"embeddable":true,"href":"https:\/\/ettelbruck.lu\/visiteur\/wp-json\/wp\/v2\/comments?post=30"}],"version-history":[{"count":4,"href":"https:\/\/ettelbruck.lu\/visiteur\/wp-json\/wp\/v2\/pages\/30\/revisions"}],"predecessor-version":[{"id":2047,"href":"https:\/\/ettelbruck.lu\/visiteur\/wp-json\/wp\/v2\/pages\/30\/revisions\/2047"}],"wp:attachment":[{"href":"https:\/\/ettelbruck.lu\/visiteur\/wp-json\/wp\/v2\/media?parent=30"}],"curies":[{"name":"wp","href":"https:\/\/api.w.org\/{rel}","templated":true}]}}