{"id":36,"date":"2020-03-13T14:43:11","date_gmt":"2020-03-13T13:43:11","guid":{"rendered":"https:\/\/ettelbruck.webdev.lu\/visiteur\/?page_id=36"},"modified":"2024-10-02T16:06:33","modified_gmt":"2024-10-02T14:06:33","slug":"la-region","status":"publish","type":"page","link":"https:\/\/ettelbruck.lu\/visiteur\/decouvrir\/la-region\/","title":{"rendered":"La r\u00e9gion"},"content":{"rendered":"<p>Merveilleuses et g\u00e9n\u00e9reuses, les Ardennes luxembourgeoises ouvrent leur c\u0153ur au visiteur. Pays de mille et une randonn\u00e9es, de culture et de shopping, elles pr\u00e9sentent de multiples facettes, entre ville et campagne.<br \/>\nPartez \u00e0 la d\u00e9couverte de la r\u00e9gion en empruntant l\u2019un des nombreux sentiers p\u00e9destres\u00a0ou \u00e0 fl\u00e2ner dans les rues d\u2019Ettelbruck ou Diekirch.<\/p>","protected":false},"excerpt":{"rendered":"<p>Merveilleuses et g\u00e9n\u00e9reuses, les Ardennes luxembourgeoises ouvrent leur c\u0153ur au visiteur. Pays de mille et une randonn\u00e9es, de culture et de shopping, elles pr\u00e9sentent de multiples facettes, entre ville et campagne. Partez \u00e0 la d\u00e9couverte de la r\u00e9gion en empruntant l\u2019un des nombreux sentiers p\u00e9destres\u00a0ou \u00e0 fl\u00e2ner dans les rues d\u2019Ettelbruck ou Diekirch.<\/p>\n","protected":false},"author":1,"featured_media":0,"parent":26,"menu_order":3,"comment_status":"closed","ping_status":"closed","template":"","meta":{"_acf_changed":false,"inline_featured_image":false,"footnotes":""},"acf":[],"_links":{"self":[{"href":"https:\/\/ettelbruck.lu\/visiteur\/wp-json\/wp\/v2\/pages\/36"}],"collection":[{"href":"https:\/\/ettelbruck.lu\/visiteur\/wp-json\/wp\/v2\/pages"}],"about":[{"href":"https:\/\/ettelbruck.lu\/visiteur\/wp-json\/wp\/v2\/types\/page"}],"author":[{"embeddable":true,"href":"https:\/\/ettelbruck.lu\/visiteur\/wp-json\/wp\/v2\/users\/1"}],"replies":[{"embeddable":true,"href":"https:\/\/ettelbruck.lu\/visiteur\/wp-json\/wp\/v2\/comments?post=36"}],"version-history":[{"count":22,"href":"https:\/\/ettelbruck.lu\/visiteur\/wp-json\/wp\/v2\/pages\/36\/revisions"}],"predecessor-version":[{"id":5999,"href":"https:\/\/ettelbruck.lu\/visiteur\/wp-json\/wp\/v2\/pages\/36\/revisions\/5999"}],"up":[{"embeddable":true,"href":"https:\/\/ettelbruck.lu\/visiteur\/wp-json\/wp\/v2\/pages\/26"}],"wp:attachment":[{"href":"https:\/\/ettelbruck.lu\/visiteur\/wp-json\/wp\/v2\/media?parent=36"}],"curies":[{"name":"wp","href":"https:\/\/api.w.org\/{rel}","templated":true}]}}