{"id":40,"date":"2020-03-13T14:43:34","date_gmt":"2020-03-13T13:43:34","guid":{"rendered":"https:\/\/ettelbruck.webdev.lu\/visiteur\/?page_id=40"},"modified":"2025-01-29T12:27:42","modified_gmt":"2025-01-29T11:27:42","slug":"urban-art","status":"publish","type":"page","link":"https:\/\/ettelbruck.lu\/visiteur\/decouvrir\/urban-art\/","title":{"rendered":"Urban Art"},"content":{"rendered":"<p>L\u2019art urbain, ou street art, est de plus en plus pr\u00e9sent dans nos villes. Ce mouvement artistique, surtout connu du grand public par les graffitis, englobe toutes les \u0153uvres r\u00e9alis\u00e9es en rue.<br \/>\nLeur caract\u00e8re \u00e9ph\u00e9m\u00e8re est une de leurs grandes caract\u00e9ristiques.<\/p>\n<p>\u00c0 Ettelbruck, l\u2019aventure a d\u00e9but\u00e9\u00a0en 2017, avec le premier projet street art ex\u00e9cut\u00e9 par Mantra, peintre fran\u00e7ais autodidacte. R\u00e9alis\u00e9e dans le cadre du projet Kufa\u2019s Urban Art, sa fresque s\u2019offre aux regards sur la place de la Lib\u00e9ration<\/p>\n<p><img loading=\"lazy\" decoding=\"async\" class=\"alignnone wp-image-1393 size-full\" src=\"https:\/\/ettelbruck.lu\/visiteur\/wp-content\/uploads\/sites\/3\/2020\/05\/Cover_Ville-dEttelbruck.jpg\" alt=\"\" width=\"828\" height=\"465\" srcset=\"https:\/\/ettelbruck.lu\/visiteur\/wp-content\/uploads\/sites\/3\/2020\/05\/Cover_Ville-dEttelbruck.jpg 828w, https:\/\/ettelbruck.lu\/visiteur\/wp-content\/uploads\/sites\/3\/2020\/05\/Cover_Ville-dEttelbruck-300x168.jpg 300w, https:\/\/ettelbruck.lu\/visiteur\/wp-content\/uploads\/sites\/3\/2020\/05\/Cover_Ville-dEttelbruck-768x431.jpg 768w\" sizes=\"(max-width: 828px) 100vw, 828px\" \/><\/p>","protected":false},"excerpt":{"rendered":"<p>L\u2019art urbain, ou street art, est de plus en plus pr\u00e9sent dans nos villes. Ce mouvement artistique, surtout connu du grand public par les graffitis, englobe toutes les \u0153uvres r\u00e9alis\u00e9es en rue. Leur caract\u00e8re \u00e9ph\u00e9m\u00e8re est une de leurs grandes caract\u00e9ristiques. \u00c0 Ettelbruck, l\u2019aventure a d\u00e9but\u00e9\u00a0en 2017, avec le premier projet street art ex\u00e9cut\u00e9 par [&hellip;]<\/p>\n","protected":false},"author":1,"featured_media":0,"parent":26,"menu_order":1,"comment_status":"closed","ping_status":"closed","template":"","meta":{"_acf_changed":false,"inline_featured_image":false,"footnotes":""},"acf":[],"_links":{"self":[{"href":"https:\/\/ettelbruck.lu\/visiteur\/wp-json\/wp\/v2\/pages\/40"}],"collection":[{"href":"https:\/\/ettelbruck.lu\/visiteur\/wp-json\/wp\/v2\/pages"}],"about":[{"href":"https:\/\/ettelbruck.lu\/visiteur\/wp-json\/wp\/v2\/types\/page"}],"author":[{"embeddable":true,"href":"https:\/\/ettelbruck.lu\/visiteur\/wp-json\/wp\/v2\/users\/1"}],"replies":[{"embeddable":true,"href":"https:\/\/ettelbruck.lu\/visiteur\/wp-json\/wp\/v2\/comments?post=40"}],"version-history":[{"count":28,"href":"https:\/\/ettelbruck.lu\/visiteur\/wp-json\/wp\/v2\/pages\/40\/revisions"}],"predecessor-version":[{"id":6104,"href":"https:\/\/ettelbruck.lu\/visiteur\/wp-json\/wp\/v2\/pages\/40\/revisions\/6104"}],"up":[{"embeddable":true,"href":"https:\/\/ettelbruck.lu\/visiteur\/wp-json\/wp\/v2\/pages\/26"}],"wp:attachment":[{"href":"https:\/\/ettelbruck.lu\/visiteur\/wp-json\/wp\/v2\/media?parent=40"}],"curies":[{"name":"wp","href":"https:\/\/api.w.org\/{rel}","templated":true}]}}