{"id":56,"date":"2020-03-13T14:45:24","date_gmt":"2020-03-13T13:45:24","guid":{"rendered":"https:\/\/ettelbruck.webdev.lu\/visiteur\/?page_id=56"},"modified":"2021-05-17T16:27:26","modified_gmt":"2021-05-17T14:27:26","slug":"mobilite","status":"publish","type":"page","link":"https:\/\/ettelbruck.lu\/visiteur\/visiter\/mobilite\/","title":{"rendered":"Mobilit\u00e9"},"content":{"rendered":"<p>Consciente de l\u2019importance de l\u2019enjeu de la mobilit\u00e9, Ettelbruck propose un grand parking \u00e0 l\u2019ext\u00e9rieur de la ville. De plus, le City-Bus et les lignes Nordstad-Bus contribuent \u00e0 l\u2019am\u00e9lioration de la qualit\u00e9 de vie des habitants et aux d\u00e9placements de nos visiteurs.<\/p>\n<p>Les bonnes liaisons ferroviaires vous permettent de vous d\u00e9placer facilement jusqu\u2019\u00e0 Ettelbruck sans \u00eatre oblig\u00e9 de prendre votre voiture.<\/p>\n<p>&nbsp;<\/p>","protected":false},"excerpt":{"rendered":"<p>Consciente de l\u2019importance de l\u2019enjeu de la mobilit\u00e9, Ettelbruck propose un grand parking \u00e0 l\u2019ext\u00e9rieur de la ville. De plus, le City-Bus et les lignes Nordstad-Bus contribuent \u00e0 l\u2019am\u00e9lioration de la qualit\u00e9 de vie des habitants et aux d\u00e9placements de nos visiteurs. Les bonnes liaisons ferroviaires vous permettent de vous d\u00e9placer facilement jusqu\u2019\u00e0 Ettelbruck sans [&hellip;]<\/p>\n","protected":false},"author":1,"featured_media":0,"parent":30,"menu_order":0,"comment_status":"closed","ping_status":"closed","template":"","meta":{"_acf_changed":false,"inline_featured_image":false,"footnotes":""},"acf":[],"_links":{"self":[{"href":"https:\/\/ettelbruck.lu\/visiteur\/wp-json\/wp\/v2\/pages\/56"}],"collection":[{"href":"https:\/\/ettelbruck.lu\/visiteur\/wp-json\/wp\/v2\/pages"}],"about":[{"href":"https:\/\/ettelbruck.lu\/visiteur\/wp-json\/wp\/v2\/types\/page"}],"author":[{"embeddable":true,"href":"https:\/\/ettelbruck.lu\/visiteur\/wp-json\/wp\/v2\/users\/1"}],"replies":[{"embeddable":true,"href":"https:\/\/ettelbruck.lu\/visiteur\/wp-json\/wp\/v2\/comments?post=56"}],"version-history":[{"count":16,"href":"https:\/\/ettelbruck.lu\/visiteur\/wp-json\/wp\/v2\/pages\/56\/revisions"}],"predecessor-version":[{"id":2139,"href":"https:\/\/ettelbruck.lu\/visiteur\/wp-json\/wp\/v2\/pages\/56\/revisions\/2139"}],"up":[{"embeddable":true,"href":"https:\/\/ettelbruck.lu\/visiteur\/wp-json\/wp\/v2\/pages\/30"}],"wp:attachment":[{"href":"https:\/\/ettelbruck.lu\/visiteur\/wp-json\/wp\/v2\/media?parent=56"}],"curies":[{"name":"wp","href":"https:\/\/api.w.org\/{rel}","templated":true}]}}